{"id":9981,"date":"2019-02-14T06:48:27","date_gmt":"2019-02-14T04:48:27","guid":{"rendered":"https:\/\/happyparcel.com\/strona-glowna\/"},"modified":"2025-12-11T08:54:16","modified_gmt":"2025-12-11T06:54:16","slug":"strona-glowna","status":"publish","type":"page","link":"https:\/\/happyparcel.com\/pl\/","title":{"rendered":"Strona g\u0142\u00f3wna"},"content":{"rendered":"","protected":false},"excerpt":{"rendered":"","protected":false},"author":9,"featured_media":10001,"parent":0,"menu_order":0,"comment_status":"closed","ping_status":"closed","template":"template-new-front-page.php","meta":{"_acf_changed":false,"footnotes":""},"class_list":["post-9981","page","type-page","status-publish","has-post-thumbnail","hentry"],"acf":[],"yoast_head":"<!-- This site is optimized with the Yoast SEO plugin v26.1.1 - https:\/\/yoast.com\/wordpress\/plugins\/seo\/ -->\n<title>Happy parcel: wysy\u0142amy rado\u015b\u0107 przez ocean<\/title>\n<meta name=\"description\" content=\"Wy\u015blij paczki z USA szybko i bezpiecznie z HappyParcel. Oferujemy atrakcyjne ceny, \u015bledzenie przesy\u0142ek i niezawodn\u0105 obs\u0142ug\u0119 dostaw do Twojego kraju.\" \/>\n<meta name=\"robots\" content=\"index, follow, max-snippet:-1, max-image-preview:large, max-video-preview:-1\" \/>\n<link rel=\"canonical\" href=\"https:\/\/happyparcel.com\/pl\/\" \/>\n<meta property=\"og:locale\" content=\"pl_PL\" \/>\n<meta property=\"og:type\" content=\"article\" \/>\n<meta property=\"og:title\" content=\"HappyParcel \u2013 Szybka i wygodna mi\u0119dzynarodowa wysy\u0142ka paczek\" \/>\n<meta property=\"og:description\" content=\"Wy\u015blij paczki z USA szybko i bezpiecznie z HappyParcel. Oferujemy atrakcyjne ceny, \u015bledzenie przesy\u0142ek i niezawodn\u0105 obs\u0142ug\u0119 dostaw do Twojego kraju.\" \/>\n<meta property=\"og:url\" content=\"https:\/\/happyparcel.com\/pl\/\" \/>\n<meta property=\"og:site_name\" content=\"HappyParcel\" \/>\n<meta property=\"article:modified_time\" content=\"2025-12-11T06:54:16+00:00\" \/>\n<meta property=\"og:image\" content=\"https:\/\/happyparcel.com\/wp-content\/uploads\/2022\/02\/HappyParcel-Logo.png\" \/>\n<meta name=\"twitter:card\" content=\"summary_large_image\" \/>\n<meta name=\"twitter:title\" content=\"Us\u0142uga fulfillment w USA i Europie | HappyParcel\" \/>\n<meta name=\"twitter:image\" content=\"https:\/\/happyparcel.com\/wp-content\/uploads\/2022\/02\/HappyParcel-Logo.png\" \/>\n<meta name=\"twitter:label1\" content=\"Szacowany czas czytania\" \/>\n\t<meta name=\"twitter:data1\" content=\"1 minuta\" \/>\n<script type=\"application\/ld+json\" class=\"yoast-schema-graph\">{\"@context\":\"https:\/\/schema.org\",\"@graph\":[{\"@type\":\"WebPage\",\"@id\":\"https:\/\/happyparcel.com\/pl\/\",\"url\":\"https:\/\/happyparcel.com\/pl\/\",\"name\":\"Happy parcel: wysy\u0142amy rado\u015b\u0107 przez ocean\",\"isPartOf\":{\"@id\":\"https:\/\/happyparcel.com\/pl\/lt\/#website\"},\"primaryImageOfPage\":{\"@id\":\"https:\/\/happyparcel.com\/pl\/#primaryimage\"},\"image\":{\"@id\":\"https:\/\/happyparcel.com\/pl\/#primaryimage\"},\"thumbnailUrl\":\"https:\/\/happyparcel.com\/wp-content\/uploads\/2020\/12\/warehouse_img-2.svg\",\"datePublished\":\"2019-02-14T04:48:27+00:00\",\"dateModified\":\"2025-12-11T06:54:16+00:00\",\"description\":\"Wy\u015blij paczki z USA szybko i bezpiecznie z HappyParcel. Oferujemy atrakcyjne ceny, \u015bledzenie przesy\u0142ek i niezawodn\u0105 obs\u0142ug\u0119 dostaw do Twojego kraju.\",\"breadcrumb\":{\"@id\":\"https:\/\/happyparcel.com\/pl\/#breadcrumb\"},\"inLanguage\":\"pl-PL\",\"potentialAction\":[{\"@type\":\"ReadAction\",\"target\":[\"https:\/\/happyparcel.com\/pl\/\"]}]},{\"@type\":\"ImageObject\",\"inLanguage\":\"pl-PL\",\"@id\":\"https:\/\/happyparcel.com\/pl\/#primaryimage\",\"url\":\"https:\/\/happyparcel.com\/wp-content\/uploads\/2020\/12\/warehouse_img-2.svg\",\"contentUrl\":\"https:\/\/happyparcel.com\/wp-content\/uploads\/2020\/12\/warehouse_img-2.svg\",\"width\":489,\"height\":333,\"caption\":\"magazyn fulfillment e-commerce\"},{\"@type\":\"BreadcrumbList\",\"@id\":\"https:\/\/happyparcel.com\/pl\/#breadcrumb\",\"itemListElement\":[{\"@type\":\"ListItem\",\"position\":1,\"name\":\"Home\",\"item\":\"https:\/\/happyparcel.com\/pl\/\"},{\"@type\":\"ListItem\",\"position\":2,\"name\":\"Strona g\u0142\u00f3wna\"}]},{\"@type\":\"WebSite\",\"@id\":\"https:\/\/happyparcel.com\/pl\/lt\/#website\",\"url\":\"https:\/\/happyparcel.com\/pl\/lt\/\",\"name\":\"HappyParcel\",\"description\":\"\",\"publisher\":{\"@id\":\"https:\/\/happyparcel.com\/pl\/lt\/#organization\"},\"potentialAction\":[{\"@type\":\"SearchAction\",\"target\":{\"@type\":\"EntryPoint\",\"urlTemplate\":\"https:\/\/happyparcel.com\/pl\/lt\/?s={search_term_string}\"},\"query-input\":{\"@type\":\"PropertyValueSpecification\",\"valueRequired\":true,\"valueName\":\"search_term_string\"}}],\"inLanguage\":\"pl-PL\"},{\"@type\":\"Organization\",\"@id\":\"https:\/\/happyparcel.com\/pl\/lt\/#organization\",\"name\":\"HappyParcel\",\"url\":\"https:\/\/happyparcel.com\/pl\/lt\/\",\"logo\":{\"@type\":\"ImageObject\",\"inLanguage\":\"pl-PL\",\"@id\":\"https:\/\/happyparcel.com\/pl\/lt\/#\/schema\/logo\/image\/\",\"url\":\"https:\/\/happyparcel.com\/wp-content\/uploads\/2021\/06\/HP_Logo_Concept.png\",\"contentUrl\":\"https:\/\/happyparcel.com\/wp-content\/uploads\/2021\/06\/HP_Logo_Concept.png\",\"width\":461,\"height\":63,\"caption\":\"HappyParcel\"},\"image\":{\"@id\":\"https:\/\/happyparcel.com\/pl\/lt\/#\/schema\/logo\/image\/\"}}]}<\/script>\n<!-- \/ Yoast SEO plugin. -->","yoast_head_json":{"title":"Happy parcel: wysy\u0142amy rado\u015b\u0107 przez ocean","description":"Wy\u015blij paczki z USA szybko i bezpiecznie z HappyParcel. Oferujemy atrakcyjne ceny, \u015bledzenie przesy\u0142ek i niezawodn\u0105 obs\u0142ug\u0119 dostaw do Twojego kraju.","robots":{"index":"index","follow":"follow","max-snippet":"max-snippet:-1","max-image-preview":"max-image-preview:large","max-video-preview":"max-video-preview:-1"},"canonical":"https:\/\/happyparcel.com\/pl\/","og_locale":"pl_PL","og_type":"article","og_title":"HappyParcel \u2013 Szybka i wygodna mi\u0119dzynarodowa wysy\u0142ka paczek","og_description":"Wy\u015blij paczki z USA szybko i bezpiecznie z HappyParcel. Oferujemy atrakcyjne ceny, \u015bledzenie przesy\u0142ek i niezawodn\u0105 obs\u0142ug\u0119 dostaw do Twojego kraju.","og_url":"https:\/\/happyparcel.com\/pl\/","og_site_name":"HappyParcel","article_modified_time":"2025-12-11T06:54:16+00:00","og_image":[{"url":"https:\/\/happyparcel.com\/wp-content\/uploads\/2022\/02\/HappyParcel-Logo.png","type":"","width":"","height":""}],"twitter_card":"summary_large_image","twitter_title":"Us\u0142uga fulfillment w USA i Europie | HappyParcel","twitter_image":"https:\/\/happyparcel.com\/wp-content\/uploads\/2022\/02\/HappyParcel-Logo.png","twitter_misc":{"Szacowany czas czytania":"1 minuta"},"schema":{"@context":"https:\/\/schema.org","@graph":[{"@type":"WebPage","@id":"https:\/\/happyparcel.com\/pl\/","url":"https:\/\/happyparcel.com\/pl\/","name":"Happy parcel: wysy\u0142amy rado\u015b\u0107 przez ocean","isPartOf":{"@id":"https:\/\/happyparcel.com\/pl\/lt\/#website"},"primaryImageOfPage":{"@id":"https:\/\/happyparcel.com\/pl\/#primaryimage"},"image":{"@id":"https:\/\/happyparcel.com\/pl\/#primaryimage"},"thumbnailUrl":"https:\/\/happyparcel.com\/wp-content\/uploads\/2020\/12\/warehouse_img-2.svg","datePublished":"2019-02-14T04:48:27+00:00","dateModified":"2025-12-11T06:54:16+00:00","description":"Wy\u015blij paczki z USA szybko i bezpiecznie z HappyParcel. Oferujemy atrakcyjne ceny, \u015bledzenie przesy\u0142ek i niezawodn\u0105 obs\u0142ug\u0119 dostaw do Twojego kraju.","breadcrumb":{"@id":"https:\/\/happyparcel.com\/pl\/#breadcrumb"},"inLanguage":"pl-PL","potentialAction":[{"@type":"ReadAction","target":["https:\/\/happyparcel.com\/pl\/"]}]},{"@type":"ImageObject","inLanguage":"pl-PL","@id":"https:\/\/happyparcel.com\/pl\/#primaryimage","url":"https:\/\/happyparcel.com\/wp-content\/uploads\/2020\/12\/warehouse_img-2.svg","contentUrl":"https:\/\/happyparcel.com\/wp-content\/uploads\/2020\/12\/warehouse_img-2.svg","width":489,"height":333,"caption":"magazyn fulfillment e-commerce"},{"@type":"BreadcrumbList","@id":"https:\/\/happyparcel.com\/pl\/#breadcrumb","itemListElement":[{"@type":"ListItem","position":1,"name":"Home","item":"https:\/\/happyparcel.com\/pl\/"},{"@type":"ListItem","position":2,"name":"Strona g\u0142\u00f3wna"}]},{"@type":"WebSite","@id":"https:\/\/happyparcel.com\/pl\/lt\/#website","url":"https:\/\/happyparcel.com\/pl\/lt\/","name":"HappyParcel","description":"","publisher":{"@id":"https:\/\/happyparcel.com\/pl\/lt\/#organization"},"potentialAction":[{"@type":"SearchAction","target":{"@type":"EntryPoint","urlTemplate":"https:\/\/happyparcel.com\/pl\/lt\/?s={search_term_string}"},"query-input":{"@type":"PropertyValueSpecification","valueRequired":true,"valueName":"search_term_string"}}],"inLanguage":"pl-PL"},{"@type":"Organization","@id":"https:\/\/happyparcel.com\/pl\/lt\/#organization","name":"HappyParcel","url":"https:\/\/happyparcel.com\/pl\/lt\/","logo":{"@type":"ImageObject","inLanguage":"pl-PL","@id":"https:\/\/happyparcel.com\/pl\/lt\/#\/schema\/logo\/image\/","url":"https:\/\/happyparcel.com\/wp-content\/uploads\/2021\/06\/HP_Logo_Concept.png","contentUrl":"https:\/\/happyparcel.com\/wp-content\/uploads\/2021\/06\/HP_Logo_Concept.png","width":461,"height":63,"caption":"HappyParcel"},"image":{"@id":"https:\/\/happyparcel.com\/pl\/lt\/#\/schema\/logo\/image\/"}}]}},"_links":{"self":[{"href":"https:\/\/happyparcel.com\/pl\/wp-json\/wp\/v2\/pages\/9981","targetHints":{"allow":["GET"]}}],"collection":[{"href":"https:\/\/happyparcel.com\/pl\/wp-json\/wp\/v2\/pages"}],"about":[{"href":"https:\/\/happyparcel.com\/pl\/wp-json\/wp\/v2\/types\/page"}],"author":[{"embeddable":true,"href":"https:\/\/happyparcel.com\/pl\/wp-json\/wp\/v2\/users\/9"}],"replies":[{"embeddable":true,"href":"https:\/\/happyparcel.com\/pl\/wp-json\/wp\/v2\/comments?post=9981"}],"version-history":[{"count":1,"href":"https:\/\/happyparcel.com\/pl\/wp-json\/wp\/v2\/pages\/9981\/revisions"}],"predecessor-version":[{"id":10618,"href":"https:\/\/happyparcel.com\/pl\/wp-json\/wp\/v2\/pages\/9981\/revisions\/10618"}],"wp:featuredmedia":[{"embeddable":true,"href":"https:\/\/happyparcel.com\/pl\/wp-json\/wp\/v2\/media\/10001"}],"wp:attachment":[{"href":"https:\/\/happyparcel.com\/pl\/wp-json\/wp\/v2\/media?parent=9981"}],"curies":[{"name":"wp","href":"https:\/\/api.w.org\/{rel}","templated":true}]}}