{"id":9897,"date":"2019-04-09T11:24:42","date_gmt":"2019-04-09T08:24:42","guid":{"rendered":"https:\/\/happyparcel.com\/o-nas\/"},"modified":"2025-09-12T23:16:13","modified_gmt":"2025-09-12T20:16:13","slug":"o-nas","status":"publish","type":"page","link":"https:\/\/happyparcel.com\/pl\/o-nas\/","title":{"rendered":"O nas"},"content":{"rendered":"\n<p><\/p>\n\n\n\n<p><\/p>\n\n\n\n<p><\/p>\n\n\n\n<h1 class=\"wp-block-heading\">O nas<\/h1>\n\n\n<section>\n<h2 data-wow-delay=\"0.3s\">\u00a0<\/h2>\n<h4 data-wow-delay=\"0.3s\">Gdzie wysy\u0142ka spotyka si\u0119 z prostot\u0105 i niezawodno\u015bci\u0105<\/h4>\n<p class=\"p1\">Witamy w <strong data-start=\"291\" data-end=\"307\">Happy Parcel<\/strong>, gdzie wysy\u0142ka to nie tylko dostarczanie paczek, ale tak\u017ce wygoda i pewno\u015b\u0107. Niezale\u017cnie, czy wysy\u0142asz do Europy, Ameryki Po\u0142udniowej czy w inne miejsca na \u015bwiecie \u2013 zapewniamy sprawny, korzystny cenowo i bezproblemowy proces. Dzi\u0119ki naszemu do\u015bwiadczeniu oraz zaanga\u017cowaniu w zaufanie, efektywno\u015b\u0107 i innowacje, <strong data-start=\"620\" data-end=\"636\">Happy Parcel<\/strong> jest Twoim g\u0142\u00f3wnym partnerem w przesy\u0142kach mi\u0119dzynarodowych z USA.<\/p>\n<h5>\u00a0<\/h5>\n<h4>Nasza misja<\/h4>\n<\/section>\n<section>\n<p class=\"p1\">W <strong data-start=\"735\" data-end=\"751\">Happy Parcel<\/strong> nasz cel jest prosty: zrobi\u0107 wysy\u0142k\u0119 jak naj\u0142atwiejsz\u0105. Wierzymy, \u017ce ka\u017cda paczka niesie swoj\u0105 histori\u0119 i dbamy o to, aby dotar\u0142a bezpiecznie, szybko i w najlepszej cenie. Wysy\u0142ka to nie tylko transport \u2013 to \u0142\u0105czenie ludzi, firm i spo\u0142eczno\u015bci. Dlatego skupiamy si\u0119 na niezawodno\u015bci, przejrzysto\u015bci i pozytywnym do\u015bwiadczeniu klienta.<\/p>\n<h5>\u00a0<\/h5>\n<h4>Dlaczego wybra\u0107 happy parcel?<\/h4>\n<p>\u2714 <strong>Przejrzyste ceny, bez ukrytych op\u0142at!<\/strong> Wiesz, ile p\u0142acisz z g\u00f3ry \u2014 \u017cadnych niespodziewanych koszt\u00f3w, tylko najlepsze stawki dla Twoich potrzeb wysy\u0142kowych.<\/p>\n<p>\u2714 <span class=\"s1\"><b>\u0141atwa w u\u017cyciu platforma wysy\u0142kowa!<\/b><\/span> Por\u00f3wnuj stawki, wybieraj najlepsz\u0105 us\u0142ug\u0119 i zarz\u0105dzaj swoimi przesy\u0142kami za pomoc\u0105 kilku klikni\u0119\u0107.<\/p>\n<p>\u2714 <span class=\"s1\"><b>\u015aledzenie w czasie rzeczywistym dla pe\u0142nej widoczno\u015bci!<\/b><\/span> \u015aled\u017a swoj\u0105 paczk\u0119 na ka\u017cdym etapie dzi\u0119ki naszemu zaawansowanemu systemowi \u015bledzenia, wi\u0119c zawsze wiesz, gdzie jest i kiedy dotrze.<\/p>\n<p>\u00a0<\/p>\n<p style=\"text-align: center;\">Wysy\u0142aj z pewno\u015bci\u0105 siebie. Wysy\u0142aj z<strong> Happy Parcel<\/strong>.<\/p>\n<\/section>\n<h4 style=\"text-align: center;\"><strong>Wypr\u00f3buj Happy Parcel ju\u017c dzi\u015b!<\/strong><\/h4>\n<p class=\"p1\" style=\"text-align: center;\">Wy\u015blij swoj\u0105 pierwsz\u0105 paczk\u0119 i przekonaj si\u0119, jak \u0142atwa i wygodna mo\u017ce by\u0107 wysy\u0142ka z Happy Parcel.<\/p>\n\n\n<div class=\"wp-block-buttons is-content-justification-center is-layout-flex wp-container-core-buttons-is-layout-16018d1d wp-block-buttons-is-layout-flex\">\n<div class=\"wp-block-button is-style-fill\"><a class=\"wp-block-button__link has-white-color has-text-color has-background wp-element-button\" href=\"https:\/\/client.happyparcel.com\/en\/packages\/step1\" style=\"background-color:#6246ea\">Wy\u015blij teraz!<\/a><\/div>\n<\/div>\n\n\n\n<p><\/p>\n","protected":false},"excerpt":{"rendered":"Why I say old chap that is spiffing off his nut arse pear shaped plastered\nJeffrey bodge barney some dodgy.!! ","protected":false},"author":9,"featured_media":9899,"parent":0,"menu_order":0,"comment_status":"closed","ping_status":"closed","template":"","meta":{"_acf_changed":false,"footnotes":""},"class_list":["post-9897","page","type-page","status-publish","has-post-thumbnail","hentry"],"acf":[],"yoast_head":"<!-- This site is optimized with the Yoast SEO plugin v26.1.1 - https:\/\/yoast.com\/wordpress\/plugins\/seo\/ -->\n<title>O nas | Realizacja zam\u00f3wie\u0144 eCommerce w USA | HappyParcel<\/title>\n<meta name=\"description\" content=\"Dowiedz si\u0119, jak HappyParcel mo\u017ce pom\u00f3c upro\u015bci\u0107 proces realizacji zam\u00f3wie\u0144 dla Twojego biznesu. Oferujemy us\u0142ugi realizacji zam\u00f3wie\u0144 eCommerce w USA.\" \/>\n<meta name=\"robots\" content=\"index, follow, max-snippet:-1, max-image-preview:large, max-video-preview:-1\" \/>\n<link rel=\"canonical\" href=\"https:\/\/happyparcel.com\/pl\/o-nas\/\" \/>\n<meta property=\"og:locale\" content=\"pl_PL\" \/>\n<meta property=\"og:type\" content=\"article\" \/>\n<meta property=\"og:title\" content=\"O nas | Realizacja zam\u00f3wie\u0144 eCommerce w USA | HappyParcel\" \/>\n<meta property=\"og:description\" content=\"Dowiedz si\u0119, jak HappyParcel mo\u017ce pom\u00f3c upro\u015bci\u0107 proces realizacji zam\u00f3wie\u0144 dla Twojego biznesu. Oferujemy us\u0142ugi realizacji zam\u00f3wie\u0144 eCommerce w USA.\" \/>\n<meta property=\"og:url\" content=\"https:\/\/happyparcel.com\/pl\/o-nas\/\" \/>\n<meta property=\"og:site_name\" content=\"HappyParcel\" \/>\n<meta property=\"article:modified_time\" content=\"2025-09-12T20:16:13+00:00\" \/>\n<meta name=\"twitter:card\" content=\"summary_large_image\" \/>\n<meta name=\"twitter:label1\" content=\"Szacowany czas czytania\" \/>\n\t<meta name=\"twitter:data1\" content=\"2 minuty\" \/>\n<script type=\"application\/ld+json\" class=\"yoast-schema-graph\">{\"@context\":\"https:\/\/schema.org\",\"@graph\":[{\"@type\":\"WebPage\",\"@id\":\"https:\/\/happyparcel.com\/pl\/o-nas\/\",\"url\":\"https:\/\/happyparcel.com\/pl\/o-nas\/\",\"name\":\"O nas | Realizacja zam\u00f3wie\u0144 eCommerce w USA | HappyParcel\",\"isPartOf\":{\"@id\":\"https:\/\/happyparcel.com\/pl\/lt\/#website\"},\"primaryImageOfPage\":{\"@id\":\"https:\/\/happyparcel.com\/pl\/o-nas\/#primaryimage\"},\"image\":{\"@id\":\"https:\/\/happyparcel.com\/pl\/o-nas\/#primaryimage\"},\"thumbnailUrl\":\"https:\/\/happyparcel.com\/wp-content\/uploads\/2020\/12\/illiustration-1.svg\",\"datePublished\":\"2019-04-09T08:24:42+00:00\",\"dateModified\":\"2025-09-12T20:16:13+00:00\",\"description\":\"Dowiedz si\u0119, jak HappyParcel mo\u017ce pom\u00f3c upro\u015bci\u0107 proces realizacji zam\u00f3wie\u0144 dla Twojego biznesu. Oferujemy us\u0142ugi realizacji zam\u00f3wie\u0144 eCommerce w USA.\",\"breadcrumb\":{\"@id\":\"https:\/\/happyparcel.com\/pl\/o-nas\/#breadcrumb\"},\"inLanguage\":\"pl-PL\",\"potentialAction\":[{\"@type\":\"ReadAction\",\"target\":[\"https:\/\/happyparcel.com\/pl\/o-nas\/\"]}]},{\"@type\":\"ImageObject\",\"inLanguage\":\"pl-PL\",\"@id\":\"https:\/\/happyparcel.com\/pl\/o-nas\/#primaryimage\",\"url\":\"https:\/\/happyparcel.com\/wp-content\/uploads\/2020\/12\/illiustration-1.svg\",\"contentUrl\":\"https:\/\/happyparcel.com\/wp-content\/uploads\/2020\/12\/illiustration-1.svg\",\"width\":649,\"height\":375,\"caption\":\"personel sortuj\u0105cy paczki w magazynie realizacji zam\u00f3wie\u0144\"},{\"@type\":\"BreadcrumbList\",\"@id\":\"https:\/\/happyparcel.com\/pl\/o-nas\/#breadcrumb\",\"itemListElement\":[{\"@type\":\"ListItem\",\"position\":1,\"name\":\"Home\",\"item\":\"https:\/\/happyparcel.com\/pl\/\"},{\"@type\":\"ListItem\",\"position\":2,\"name\":\"O nas\"}]},{\"@type\":\"WebSite\",\"@id\":\"https:\/\/happyparcel.com\/pl\/lt\/#website\",\"url\":\"https:\/\/happyparcel.com\/pl\/lt\/\",\"name\":\"HappyParcel\",\"description\":\"\",\"publisher\":{\"@id\":\"https:\/\/happyparcel.com\/pl\/lt\/#organization\"},\"potentialAction\":[{\"@type\":\"SearchAction\",\"target\":{\"@type\":\"EntryPoint\",\"urlTemplate\":\"https:\/\/happyparcel.com\/pl\/lt\/?s={search_term_string}\"},\"query-input\":{\"@type\":\"PropertyValueSpecification\",\"valueRequired\":true,\"valueName\":\"search_term_string\"}}],\"inLanguage\":\"pl-PL\"},{\"@type\":\"Organization\",\"@id\":\"https:\/\/happyparcel.com\/pl\/lt\/#organization\",\"name\":\"HappyParcel\",\"url\":\"https:\/\/happyparcel.com\/pl\/lt\/\",\"logo\":{\"@type\":\"ImageObject\",\"inLanguage\":\"pl-PL\",\"@id\":\"https:\/\/happyparcel.com\/pl\/lt\/#\/schema\/logo\/image\/\",\"url\":\"https:\/\/happyparcel.com\/wp-content\/uploads\/2021\/06\/HP_Logo_Concept.png\",\"contentUrl\":\"https:\/\/happyparcel.com\/wp-content\/uploads\/2021\/06\/HP_Logo_Concept.png\",\"width\":461,\"height\":63,\"caption\":\"HappyParcel\"},\"image\":{\"@id\":\"https:\/\/happyparcel.com\/pl\/lt\/#\/schema\/logo\/image\/\"}}]}<\/script>\n<!-- \/ Yoast SEO plugin. -->","yoast_head_json":{"title":"O nas | Realizacja zam\u00f3wie\u0144 eCommerce w USA | HappyParcel","description":"Dowiedz si\u0119, jak HappyParcel mo\u017ce pom\u00f3c upro\u015bci\u0107 proces realizacji zam\u00f3wie\u0144 dla Twojego biznesu. Oferujemy us\u0142ugi realizacji zam\u00f3wie\u0144 eCommerce w USA.","robots":{"index":"index","follow":"follow","max-snippet":"max-snippet:-1","max-image-preview":"max-image-preview:large","max-video-preview":"max-video-preview:-1"},"canonical":"https:\/\/happyparcel.com\/pl\/o-nas\/","og_locale":"pl_PL","og_type":"article","og_title":"O nas | Realizacja zam\u00f3wie\u0144 eCommerce w USA | HappyParcel","og_description":"Dowiedz si\u0119, jak HappyParcel mo\u017ce pom\u00f3c upro\u015bci\u0107 proces realizacji zam\u00f3wie\u0144 dla Twojego biznesu. Oferujemy us\u0142ugi realizacji zam\u00f3wie\u0144 eCommerce w USA.","og_url":"https:\/\/happyparcel.com\/pl\/o-nas\/","og_site_name":"HappyParcel","article_modified_time":"2025-09-12T20:16:13+00:00","twitter_card":"summary_large_image","twitter_misc":{"Szacowany czas czytania":"2 minuty"},"schema":{"@context":"https:\/\/schema.org","@graph":[{"@type":"WebPage","@id":"https:\/\/happyparcel.com\/pl\/o-nas\/","url":"https:\/\/happyparcel.com\/pl\/o-nas\/","name":"O nas | Realizacja zam\u00f3wie\u0144 eCommerce w USA | HappyParcel","isPartOf":{"@id":"https:\/\/happyparcel.com\/pl\/lt\/#website"},"primaryImageOfPage":{"@id":"https:\/\/happyparcel.com\/pl\/o-nas\/#primaryimage"},"image":{"@id":"https:\/\/happyparcel.com\/pl\/o-nas\/#primaryimage"},"thumbnailUrl":"https:\/\/happyparcel.com\/wp-content\/uploads\/2020\/12\/illiustration-1.svg","datePublished":"2019-04-09T08:24:42+00:00","dateModified":"2025-09-12T20:16:13+00:00","description":"Dowiedz si\u0119, jak HappyParcel mo\u017ce pom\u00f3c upro\u015bci\u0107 proces realizacji zam\u00f3wie\u0144 dla Twojego biznesu. Oferujemy us\u0142ugi realizacji zam\u00f3wie\u0144 eCommerce w USA.","breadcrumb":{"@id":"https:\/\/happyparcel.com\/pl\/o-nas\/#breadcrumb"},"inLanguage":"pl-PL","potentialAction":[{"@type":"ReadAction","target":["https:\/\/happyparcel.com\/pl\/o-nas\/"]}]},{"@type":"ImageObject","inLanguage":"pl-PL","@id":"https:\/\/happyparcel.com\/pl\/o-nas\/#primaryimage","url":"https:\/\/happyparcel.com\/wp-content\/uploads\/2020\/12\/illiustration-1.svg","contentUrl":"https:\/\/happyparcel.com\/wp-content\/uploads\/2020\/12\/illiustration-1.svg","width":649,"height":375,"caption":"personel sortuj\u0105cy paczki w magazynie realizacji zam\u00f3wie\u0144"},{"@type":"BreadcrumbList","@id":"https:\/\/happyparcel.com\/pl\/o-nas\/#breadcrumb","itemListElement":[{"@type":"ListItem","position":1,"name":"Home","item":"https:\/\/happyparcel.com\/pl\/"},{"@type":"ListItem","position":2,"name":"O nas"}]},{"@type":"WebSite","@id":"https:\/\/happyparcel.com\/pl\/lt\/#website","url":"https:\/\/happyparcel.com\/pl\/lt\/","name":"HappyParcel","description":"","publisher":{"@id":"https:\/\/happyparcel.com\/pl\/lt\/#organization"},"potentialAction":[{"@type":"SearchAction","target":{"@type":"EntryPoint","urlTemplate":"https:\/\/happyparcel.com\/pl\/lt\/?s={search_term_string}"},"query-input":{"@type":"PropertyValueSpecification","valueRequired":true,"valueName":"search_term_string"}}],"inLanguage":"pl-PL"},{"@type":"Organization","@id":"https:\/\/happyparcel.com\/pl\/lt\/#organization","name":"HappyParcel","url":"https:\/\/happyparcel.com\/pl\/lt\/","logo":{"@type":"ImageObject","inLanguage":"pl-PL","@id":"https:\/\/happyparcel.com\/pl\/lt\/#\/schema\/logo\/image\/","url":"https:\/\/happyparcel.com\/wp-content\/uploads\/2021\/06\/HP_Logo_Concept.png","contentUrl":"https:\/\/happyparcel.com\/wp-content\/uploads\/2021\/06\/HP_Logo_Concept.png","width":461,"height":63,"caption":"HappyParcel"},"image":{"@id":"https:\/\/happyparcel.com\/pl\/lt\/#\/schema\/logo\/image\/"}}]}},"_links":{"self":[{"href":"https:\/\/happyparcel.com\/pl\/wp-json\/wp\/v2\/pages\/9897","targetHints":{"allow":["GET"]}}],"collection":[{"href":"https:\/\/happyparcel.com\/pl\/wp-json\/wp\/v2\/pages"}],"about":[{"href":"https:\/\/happyparcel.com\/pl\/wp-json\/wp\/v2\/types\/page"}],"author":[{"embeddable":true,"href":"https:\/\/happyparcel.com\/pl\/wp-json\/wp\/v2\/users\/9"}],"replies":[{"embeddable":true,"href":"https:\/\/happyparcel.com\/pl\/wp-json\/wp\/v2\/comments?post=9897"}],"version-history":[{"count":2,"href":"https:\/\/happyparcel.com\/pl\/wp-json\/wp\/v2\/pages\/9897\/revisions"}],"predecessor-version":[{"id":10615,"href":"https:\/\/happyparcel.com\/pl\/wp-json\/wp\/v2\/pages\/9897\/revisions\/10615"}],"wp:featuredmedia":[{"embeddable":true,"href":"https:\/\/happyparcel.com\/pl\/wp-json\/wp\/v2\/media\/9899"}],"wp:attachment":[{"href":"https:\/\/happyparcel.com\/pl\/wp-json\/wp\/v2\/media?parent=9897"}],"curies":[{"name":"wp","href":"https:\/\/api.w.org\/{rel}","templated":true}]}}