{"id":9867,"date":"2020-12-16T14:20:36","date_gmt":"2020-12-16T12:20:36","guid":{"rendered":"https:\/\/happyparcel.com\/skontaktuj-sie-z-nami\/"},"modified":"2025-09-03T10:08:52","modified_gmt":"2025-09-03T07:08:52","slug":"skontaktuj-sie-z-nami","status":"publish","type":"page","link":"https:\/\/happyparcel.com\/pl\/skontaktuj-sie-z-nami\/","title":{"rendered":"Skontaktuj si\u0119 z nami"},"content":{"rendered":"","protected":false},"excerpt":{"rendered":"","protected":false},"author":9,"featured_media":9868,"parent":0,"menu_order":0,"comment_status":"closed","ping_status":"closed","template":"contacts-page.php","meta":{"_acf_changed":false,"footnotes":""},"class_list":["post-9867","page","type-page","status-publish","has-post-thumbnail","hentry"],"acf":[],"yoast_head":"<!-- This site is optimized with the Yoast SEO plugin v26.1.1 - https:\/\/yoast.com\/wordpress\/plugins\/seo\/ -->\n<title>Kontakt | realizacja zam\u00f3wie\u0144 | HappyParcel<\/title>\n<meta name=\"description\" content=\"Masz pytania dotycz\u0105ce realizacji zam\u00f3wie\u0144 e-commerce w USA i Europie? Skontaktuj si\u0119 z HappyParcel. Ch\u0119tnie pomo\u017cemy ci osi\u0105gn\u0105\u0107 szybsz\u0105 realizacj\u0119 zam\u00f3wie\u0144.\" \/>\n<meta name=\"robots\" content=\"index, follow, max-snippet:-1, max-image-preview:large, max-video-preview:-1\" \/>\n<link rel=\"canonical\" href=\"https:\/\/happyparcel.com\/pl\/skontaktuj-sie-z-nami\/\" \/>\n<meta property=\"og:locale\" content=\"pl_PL\" \/>\n<meta property=\"og:type\" content=\"article\" \/>\n<meta property=\"og:title\" content=\"Kontakt | realizacja zam\u00f3wie\u0144 | HappyParcel\" \/>\n<meta property=\"og:description\" content=\"Masz pytania dotycz\u0105ce realizacji zam\u00f3wie\u0144 e-commerce w USA i Europie? Skontaktuj si\u0119 z HappyParcel. Ch\u0119tnie pomo\u017cemy ci osi\u0105gn\u0105\u0107 szybsz\u0105 realizacj\u0119 zam\u00f3wie\u0144.\" \/>\n<meta property=\"og:url\" content=\"https:\/\/happyparcel.com\/pl\/skontaktuj-sie-z-nami\/\" \/>\n<meta property=\"og:site_name\" content=\"HappyParcel\" \/>\n<meta property=\"article:modified_time\" content=\"2025-09-03T07:08:52+00:00\" \/>\n<meta property=\"og:image\" content=\"https:\/\/happyparcel.com\/wp-content\/uploads\/2021\/06\/8452aad8-ab85-4f6e-853b-bb7b2f72c02c.png\" \/>\n\t<meta property=\"og:image:width\" content=\"540\" \/>\n\t<meta property=\"og:image:height\" content=\"290\" \/>\n\t<meta property=\"og:image:type\" content=\"image\/png\" \/>\n<meta name=\"twitter:card\" content=\"summary_large_image\" \/>\n<meta name=\"twitter:label1\" content=\"Szacowany czas czytania\" \/>\n\t<meta name=\"twitter:data1\" content=\"1 minuta\" \/>\n<script type=\"application\/ld+json\" class=\"yoast-schema-graph\">{\"@context\":\"https:\/\/schema.org\",\"@graph\":[{\"@type\":\"WebPage\",\"@id\":\"https:\/\/happyparcel.com\/pl\/skontaktuj-sie-z-nami\/\",\"url\":\"https:\/\/happyparcel.com\/pl\/skontaktuj-sie-z-nami\/\",\"name\":\"Kontakt | realizacja zam\u00f3wie\u0144 | HappyParcel\",\"isPartOf\":{\"@id\":\"https:\/\/happyparcel.com\/pl\/lt\/#website\"},\"primaryImageOfPage\":{\"@id\":\"https:\/\/happyparcel.com\/pl\/skontaktuj-sie-z-nami\/#primaryimage\"},\"image\":{\"@id\":\"https:\/\/happyparcel.com\/pl\/skontaktuj-sie-z-nami\/#primaryimage\"},\"thumbnailUrl\":\"https:\/\/happyparcel.com\/wp-content\/uploads\/2021\/06\/8452aad8-ab85-4f6e-853b-bb7b2f72c02c.png\",\"datePublished\":\"2020-12-16T12:20:36+00:00\",\"dateModified\":\"2025-09-03T07:08:52+00:00\",\"description\":\"Masz pytania dotycz\u0105ce realizacji zam\u00f3wie\u0144 e-commerce w USA i Europie? Skontaktuj si\u0119 z HappyParcel. Ch\u0119tnie pomo\u017cemy ci osi\u0105gn\u0105\u0107 szybsz\u0105 realizacj\u0119 zam\u00f3wie\u0144.\",\"breadcrumb\":{\"@id\":\"https:\/\/happyparcel.com\/pl\/skontaktuj-sie-z-nami\/#breadcrumb\"},\"inLanguage\":\"pl-PL\",\"potentialAction\":[{\"@type\":\"ReadAction\",\"target\":[\"https:\/\/happyparcel.com\/pl\/skontaktuj-sie-z-nami\/\"]}]},{\"@type\":\"ImageObject\",\"inLanguage\":\"pl-PL\",\"@id\":\"https:\/\/happyparcel.com\/pl\/skontaktuj-sie-z-nami\/#primaryimage\",\"url\":\"https:\/\/happyparcel.com\/wp-content\/uploads\/2021\/06\/8452aad8-ab85-4f6e-853b-bb7b2f72c02c.png\",\"contentUrl\":\"https:\/\/happyparcel.com\/wp-content\/uploads\/2021\/06\/8452aad8-ab85-4f6e-853b-bb7b2f72c02c.png\",\"width\":540,\"height\":290,\"caption\":\"paczki pod logo HappyParcel\"},{\"@type\":\"BreadcrumbList\",\"@id\":\"https:\/\/happyparcel.com\/pl\/skontaktuj-sie-z-nami\/#breadcrumb\",\"itemListElement\":[{\"@type\":\"ListItem\",\"position\":1,\"name\":\"Home\",\"item\":\"https:\/\/happyparcel.com\/pl\/\"},{\"@type\":\"ListItem\",\"position\":2,\"name\":\"Skontaktuj si\u0119 z nami\"}]},{\"@type\":\"WebSite\",\"@id\":\"https:\/\/happyparcel.com\/pl\/lt\/#website\",\"url\":\"https:\/\/happyparcel.com\/pl\/lt\/\",\"name\":\"HappyParcel\",\"description\":\"\",\"publisher\":{\"@id\":\"https:\/\/happyparcel.com\/pl\/lt\/#organization\"},\"potentialAction\":[{\"@type\":\"SearchAction\",\"target\":{\"@type\":\"EntryPoint\",\"urlTemplate\":\"https:\/\/happyparcel.com\/pl\/lt\/?s={search_term_string}\"},\"query-input\":{\"@type\":\"PropertyValueSpecification\",\"valueRequired\":true,\"valueName\":\"search_term_string\"}}],\"inLanguage\":\"pl-PL\"},{\"@type\":\"Organization\",\"@id\":\"https:\/\/happyparcel.com\/pl\/lt\/#organization\",\"name\":\"HappyParcel\",\"url\":\"https:\/\/happyparcel.com\/pl\/lt\/\",\"logo\":{\"@type\":\"ImageObject\",\"inLanguage\":\"pl-PL\",\"@id\":\"https:\/\/happyparcel.com\/pl\/lt\/#\/schema\/logo\/image\/\",\"url\":\"https:\/\/happyparcel.com\/wp-content\/uploads\/2021\/06\/HP_Logo_Concept.png\",\"contentUrl\":\"https:\/\/happyparcel.com\/wp-content\/uploads\/2021\/06\/HP_Logo_Concept.png\",\"width\":461,\"height\":63,\"caption\":\"HappyParcel\"},\"image\":{\"@id\":\"https:\/\/happyparcel.com\/pl\/lt\/#\/schema\/logo\/image\/\"}}]}<\/script>\n<!-- \/ Yoast SEO plugin. -->","yoast_head_json":{"title":"Kontakt | realizacja zam\u00f3wie\u0144 | HappyParcel","description":"Masz pytania dotycz\u0105ce realizacji zam\u00f3wie\u0144 e-commerce w USA i Europie? Skontaktuj si\u0119 z HappyParcel. Ch\u0119tnie pomo\u017cemy ci osi\u0105gn\u0105\u0107 szybsz\u0105 realizacj\u0119 zam\u00f3wie\u0144.","robots":{"index":"index","follow":"follow","max-snippet":"max-snippet:-1","max-image-preview":"max-image-preview:large","max-video-preview":"max-video-preview:-1"},"canonical":"https:\/\/happyparcel.com\/pl\/skontaktuj-sie-z-nami\/","og_locale":"pl_PL","og_type":"article","og_title":"Kontakt | realizacja zam\u00f3wie\u0144 | HappyParcel","og_description":"Masz pytania dotycz\u0105ce realizacji zam\u00f3wie\u0144 e-commerce w USA i Europie? Skontaktuj si\u0119 z HappyParcel. Ch\u0119tnie pomo\u017cemy ci osi\u0105gn\u0105\u0107 szybsz\u0105 realizacj\u0119 zam\u00f3wie\u0144.","og_url":"https:\/\/happyparcel.com\/pl\/skontaktuj-sie-z-nami\/","og_site_name":"HappyParcel","article_modified_time":"2025-09-03T07:08:52+00:00","og_image":[{"width":540,"height":290,"url":"https:\/\/happyparcel.com\/wp-content\/uploads\/2021\/06\/8452aad8-ab85-4f6e-853b-bb7b2f72c02c.png","type":"image\/png"}],"twitter_card":"summary_large_image","twitter_misc":{"Szacowany czas czytania":"1 minuta"},"schema":{"@context":"https:\/\/schema.org","@graph":[{"@type":"WebPage","@id":"https:\/\/happyparcel.com\/pl\/skontaktuj-sie-z-nami\/","url":"https:\/\/happyparcel.com\/pl\/skontaktuj-sie-z-nami\/","name":"Kontakt | realizacja zam\u00f3wie\u0144 | HappyParcel","isPartOf":{"@id":"https:\/\/happyparcel.com\/pl\/lt\/#website"},"primaryImageOfPage":{"@id":"https:\/\/happyparcel.com\/pl\/skontaktuj-sie-z-nami\/#primaryimage"},"image":{"@id":"https:\/\/happyparcel.com\/pl\/skontaktuj-sie-z-nami\/#primaryimage"},"thumbnailUrl":"https:\/\/happyparcel.com\/wp-content\/uploads\/2021\/06\/8452aad8-ab85-4f6e-853b-bb7b2f72c02c.png","datePublished":"2020-12-16T12:20:36+00:00","dateModified":"2025-09-03T07:08:52+00:00","description":"Masz pytania dotycz\u0105ce realizacji zam\u00f3wie\u0144 e-commerce w USA i Europie? Skontaktuj si\u0119 z HappyParcel. Ch\u0119tnie pomo\u017cemy ci osi\u0105gn\u0105\u0107 szybsz\u0105 realizacj\u0119 zam\u00f3wie\u0144.","breadcrumb":{"@id":"https:\/\/happyparcel.com\/pl\/skontaktuj-sie-z-nami\/#breadcrumb"},"inLanguage":"pl-PL","potentialAction":[{"@type":"ReadAction","target":["https:\/\/happyparcel.com\/pl\/skontaktuj-sie-z-nami\/"]}]},{"@type":"ImageObject","inLanguage":"pl-PL","@id":"https:\/\/happyparcel.com\/pl\/skontaktuj-sie-z-nami\/#primaryimage","url":"https:\/\/happyparcel.com\/wp-content\/uploads\/2021\/06\/8452aad8-ab85-4f6e-853b-bb7b2f72c02c.png","contentUrl":"https:\/\/happyparcel.com\/wp-content\/uploads\/2021\/06\/8452aad8-ab85-4f6e-853b-bb7b2f72c02c.png","width":540,"height":290,"caption":"paczki pod logo HappyParcel"},{"@type":"BreadcrumbList","@id":"https:\/\/happyparcel.com\/pl\/skontaktuj-sie-z-nami\/#breadcrumb","itemListElement":[{"@type":"ListItem","position":1,"name":"Home","item":"https:\/\/happyparcel.com\/pl\/"},{"@type":"ListItem","position":2,"name":"Skontaktuj si\u0119 z nami"}]},{"@type":"WebSite","@id":"https:\/\/happyparcel.com\/pl\/lt\/#website","url":"https:\/\/happyparcel.com\/pl\/lt\/","name":"HappyParcel","description":"","publisher":{"@id":"https:\/\/happyparcel.com\/pl\/lt\/#organization"},"potentialAction":[{"@type":"SearchAction","target":{"@type":"EntryPoint","urlTemplate":"https:\/\/happyparcel.com\/pl\/lt\/?s={search_term_string}"},"query-input":{"@type":"PropertyValueSpecification","valueRequired":true,"valueName":"search_term_string"}}],"inLanguage":"pl-PL"},{"@type":"Organization","@id":"https:\/\/happyparcel.com\/pl\/lt\/#organization","name":"HappyParcel","url":"https:\/\/happyparcel.com\/pl\/lt\/","logo":{"@type":"ImageObject","inLanguage":"pl-PL","@id":"https:\/\/happyparcel.com\/pl\/lt\/#\/schema\/logo\/image\/","url":"https:\/\/happyparcel.com\/wp-content\/uploads\/2021\/06\/HP_Logo_Concept.png","contentUrl":"https:\/\/happyparcel.com\/wp-content\/uploads\/2021\/06\/HP_Logo_Concept.png","width":461,"height":63,"caption":"HappyParcel"},"image":{"@id":"https:\/\/happyparcel.com\/pl\/lt\/#\/schema\/logo\/image\/"}}]}},"_links":{"self":[{"href":"https:\/\/happyparcel.com\/pl\/wp-json\/wp\/v2\/pages\/9867","targetHints":{"allow":["GET"]}}],"collection":[{"href":"https:\/\/happyparcel.com\/pl\/wp-json\/wp\/v2\/pages"}],"about":[{"href":"https:\/\/happyparcel.com\/pl\/wp-json\/wp\/v2\/types\/page"}],"author":[{"embeddable":true,"href":"https:\/\/happyparcel.com\/pl\/wp-json\/wp\/v2\/users\/9"}],"replies":[{"embeddable":true,"href":"https:\/\/happyparcel.com\/pl\/wp-json\/wp\/v2\/comments?post=9867"}],"version-history":[{"count":2,"href":"https:\/\/happyparcel.com\/pl\/wp-json\/wp\/v2\/pages\/9867\/revisions"}],"predecessor-version":[{"id":10500,"href":"https:\/\/happyparcel.com\/pl\/wp-json\/wp\/v2\/pages\/9867\/revisions\/10500"}],"wp:featuredmedia":[{"embeddable":true,"href":"https:\/\/happyparcel.com\/pl\/wp-json\/wp\/v2\/media\/9868"}],"wp:attachment":[{"href":"https:\/\/happyparcel.com\/pl\/wp-json\/wp\/v2\/media?parent=9867"}],"curies":[{"name":"wp","href":"https:\/\/api.w.org\/{rel}","templated":true}]}}