{"id":10045,"date":"2025-03-05T10:32:59","date_gmt":"2025-03-05T08:32:59","guid":{"rendered":"https:\/\/happyparcel.com\/zgodnosc\/"},"modified":"2025-09-13T00:27:43","modified_gmt":"2025-09-12T21:27:43","slug":"zgodnosc","status":"publish","type":"page","link":"https:\/\/happyparcel.com\/pl\/zgodnosc\/","title":{"rendered":"Zgodno\u015b\u0107"},"content":{"rendered":"\n<h1 class=\"wp-block-heading\">Polityka zgodno\u015bci<\/h1>\n\n\n\n<p>Happy Parcel zobowi\u0105zuje si\u0119 do przestrzegania najwy\u017cszych standard\u00f3w uczciwo\u015bci i etycznego post\u0119powania we wszystkich aspektach swojej dzia\u0142alno\u015bci biznesowej. W tym celu Happy Parcel ustanowi\u0142o nast\u0119puj\u0105c\u0105 polityk\u0119 zgodno\u015bci: <\/p>\n\n\n\n<p><strong>Zakaz \u015bwiadczenia us\u0142ug<br><\/strong>Happy Parcel nie b\u0119dzie \u015bwiadczy\u0107 us\u0142ug \u017cadnej osobie fizycznej lub prawnej, kt\u00f3ra jest bezpo\u015brednio lub po\u015brednio zaanga\u017cowana w finansowanie, zlecanie lub wspieranie dzia\u0142alno\u015bci terrorystycznej. Dodatkowo Happy Parcel nie b\u0119dzie \u015bwiadczy\u0107 us\u0142ug osobom fizycznym lub prawnym zaanga\u017cowanym w rozw\u00f3j lub produkcj\u0119 broni j\u0105drowej, chemicznej, biologicznej lub program\u00f3w technologii rakietowej okre\u015blonych w ameryka\u0144skich przepisach administracji eksportowej (15 C.F.R. cz\u0119\u015b\u0107 744). <\/p>\n\n\n\n<p><strong>Listy ogranicze\u0144<br><\/strong>Happy Parcel nie b\u0119dzie \u015bwiadczy\u0107 us\u0142ug osobom i\/lub podmiotom zidentyfikowanym na:<\/p>\n\n\n\n<ul class=\"wp-block-list\">\n<li>  Li\u015bcie os\u00f3b wykluczonych Departamentu Handlu USA, Li\u015bcie podmiot\u00f3w budz\u0105cych obawy proliferacyjne lub Li\u015bcie niezweryfikowanych;<\/li>\n\n\n\n<li>  Li\u015bcie stron wykluczonych Departamentu Stanu USA; lub<\/li>\n\n\n\n<li>  Li\u015bcie specjalnie wyznaczonych obywateli prowadzonej przez Biuro Kontroli Aktyw\u00f3w Zagranicznych Departamentu Skarbu USA.<\/li>\n<\/ul>\n\n\n\n<p><strong>Numer klasyfikacji kontroli eksportu (ECCN)<br><\/strong>Happy Parcel uznaje, \u017ce Departament Handlu i Departament Stanu dostarczaj\u0105 listy artyku\u0142\u00f3w, kt\u00f3re wymagaj\u0105 licencji eksportowej. Konieczne jest ustalenie, czy licencja eksportowa jest potrzebna na podstawie tego, czy przedmiot przeznaczony do eksportu ma okre\u015blony numer klasyfikacji kontroli eksportu (ECCN). ECCN to kod alfanumeryczny, kt\u00f3ry opisuje przedmiot i wskazuje wymagania licencyjne. Wszystkie ECCN s\u0105 wymienione w li\u015bcie kontroli handlowej (CCL).   <\/p>\n\n\n\n<p><strong>Zgodno\u015b\u0107 z przepisami<br><\/strong>Happy Parcel zobowi\u0105zuje si\u0119 do przestrzegania wszystkich odpowiednich przepis\u00f3w i praw, w tym mi\u0119dzy innymi: <\/p>\n\n\n\n<ul class=\"wp-block-list\">\n<li>Ameryka\u0144skie przepisy administracji eksportowej (EAR)<\/li>\n\n\n\n<li>Programy sankcji Biura Kontroli Aktyw\u00f3w Zagranicznych (OFAC)<\/li>\n\n\n\n<li>Przepisy Administracji Bezpiecze\u0144stwa Transportu (TSA) dotycz\u0105ce \u0142adunk\u00f3w lotniczych<\/li>\n<\/ul>\n\n\n\n<p>Odpowiedzialno\u015bci\u0105 wszystkich pracownik\u00f3w i interesariuszy jest przestrzeganie tych polityk zgodno\u015bci i niezw\u0142oczne zg\u0142aszanie wszelkich podejrzanych narusze\u0144.<\/p>\n\n\n\n<p><strong>Zapobieganie oszustwom<br><\/strong>Ka\u017cdego roku setki tysi\u0119cy prywatnych i biznesowych przesy\u0142ek jest dostarczanych przez Happy Parcel do Europy Wschodniej (w tym Ukrainy), WNP (w tym Rosji). Wiele z tych przesy\u0142ek to zakupy dokonane w ameryka\u0144skich sklepach internetowych przez osoby z naszych kraj\u00f3w docelowych. <\/p>\n\n\n\n<p>Ze wzgl\u0119du na du\u017c\u0105 skal\u0119 dzia\u0142alno\u015bci zdarzaj\u0105 si\u0119 pr\u00f3by nadu\u017cy\u0107 ze strony nieuczciwych os\u00f3b. Cho\u0107 tego typu nielegalne dzia\u0142ania stanowi\u0105 jedynie niewielki u\u0142amek wszystkich przesy\u0142ek, mog\u0105 by\u0107 szkodliwe dla poszkodowanych<\/p>\n\n\n\n<p><strong>Zg\u0142aszanie oszustw<br><\/strong>Je\u015bli sta\u0142 si\u0119 Pan\/Pani ofiar\u0105 oszustwa lub podejrzewa jak\u0105kolwiek oszuka\u0144cz\u0105 dzia\u0142alno\u015b\u0107, kt\u00f3ra obejmuje dostaw\u0119 z Happy Parcel, prosimy o natychmiastowe poinformowanie nas. Czas ma kluczowe znaczenie. Terminowe poinformowanie nas o jakiejkolwiek podejrzanej dzia\u0142alno\u015bci zwi\u0119ksza Pa\u0144stwa szanse na pozytywny wynik.  <\/p>\n\n\n\n<p><strong>Metody komunikacji do zg\u0142aszania oszustw:<\/strong><\/p>\n\n\n\n<ul class=\"wp-block-list\">\n<li><strong>Telefon<\/strong>: Zadzwoni\u0107 na nasz\u0105 lini\u0119 obs\u0142ugi klienta pod numer +1 708 773 4414 (tylko USA) i poda\u0107 pe\u0142ne imi\u0119 i nazwisko oraz adres odbiorcy (w tym numer jednostki) wraz z wyja\u015bnieniem, dlaczego uwa\u017ca Pan\/Pani, \u017ce dzia\u0142alno\u015b\u0107 jest oszuka\u0144cza.<\/li>\n\n\n\n<li><strong>E-mail<\/strong>: Wys\u0142a\u0107 pisemn\u0105 pro\u015bb\u0119 o pomoc na adres <a href=\"mailto:info@happyparcel.com\">info@happyparcel.com<\/a>, do\u0142\u0105czaj\u0105c pe\u0142ne imi\u0119 i nazwisko oraz adres odbiorcy (w tym numer jednostki), wraz z wyja\u015bnieniem, dlaczego uwa\u017ca Pan\/Pani, \u017ce dzia\u0142alno\u015b\u0107 jest oszuka\u0144cza.<\/li>\n<\/ul>\n\n\n\n<p>Nasz specjalista ds. zapobiegania oszustwom skontaktuje si\u0119 z Pa\u0144stwem w ci\u0105gu 8 godzin roboczych, a zostaniecie Pa\u0144stwo poinformowani o statusie Pa\u0144stwa zg\u0142oszenia za po\u015brednictwem preferowanej metody komunikacji. W przypadku gdy Pa\u0144stwa przesy\u0142ka nie zosta\u0142a jeszcze dostarczona do odbiorcy, Happy Parcel wstrzyma wszelkie dostawy w USA, a w wi\u0119kszo\u015bci przypadk\u00f3w tak\u017ce za granic\u0105, do czasu rozwi\u0105zania Pa\u0144stwa zg\u0142oszenia oszustwa. <\/p>\n\n\n\n<p><strong>Przedmioty zabronione w przesy\u0142kach mi\u0119dzynarodowych<\/strong><\/p>\n\n\n\n<ul class=\"wp-block-list\">\n<li>Bro\u0144 palna, pistolety sygna\u0142owe, wiatr\u00f3wki, bro\u0144 gazowa, amunicja, bro\u0144 bia\u0142a (w tym bro\u0144 do rzucania), urz\u0105dzenia do pora\u017cenia pr\u0105dem elektrycznym i iskierniki, a tak\u017ce cz\u0119\u015bci tej broni.<\/li>\n\n\n\n<li>Cz\u0119\u015bci i akcesoria broni.<\/li>\n\n\n\n<li>Narkotyki jakiegokolwiek pochodzenia, substancje psychotropowe.<\/li>\n\n\n\n<li>Substancje radioaktywne.<\/li>\n\n\n\n<li>Proch strzelniczy, substancje wybuchowe, \u017cr\u0105ce, \u0142atwopalne i inne niebezpieczne substancje.<\/li>\n\n\n\n<li>Leki, suplementy diety, witaminy.<\/li>\n\n\n\n<li>Zwierz\u0119ta i ro\u015bliny.<\/li>\n\n\n\n<li>Nasiona.<\/li>\n\n\n\n<li>Napoje alkoholowe, papierosy, tyto\u0144.<\/li>\n\n\n\n<li>Szcz\u0105tki ludzkie i narz\u0105dy.<\/li>\n\n\n\n<li>Antyki.<\/li>\n\n\n\n<li>Bi\u017cuteria, metale szlachetne i kamienie.<\/li>\n\n\n\n<li>Got\u00f3wka i instrumenty got\u00f3wkowe w jakiejkolwiek formie: przekazy pieni\u0119\u017cne, czeki, vouchery, papiery warto\u015bciowe, obligacje, kupony, promocje, karty kredytowe.<\/li>\n\n\n\n<li>Znaczki pocztowe.<\/li>\n\n\n\n<li>Produkty i publikacje o nieprzyzwoitej tre\u015bci, pornografia jakiegokolwiek rodzaju.<\/li>\n\n\n\n<li>Przedmioty zabronione przez \u015awiatowe Stowarzyszenie Transportu.<\/li>\n\n\n\n<li>Przedmioty, kt\u00f3re wymagaj\u0105 licencji eksportowej od Departamentu Stanu lub Departamentu Handlu, musz\u0105 by\u0107 opatrzone licencj\u0105.<\/li>\n\n\n\n<li>Przedmioty, kt\u00f3re mog\u0105 stanowi\u0107 zagro\u017cenie dla pracownik\u00f3w, transportuj\u0105cych przesy\u0142ki, gleby lub uszkodzi\u0107 inne przedmioty i sprz\u0119t ze wzgl\u0119du na swoj\u0105 natur\u0119 lub opakowanie.<\/li>\n<\/ul>\n\n\n\n<p><strong>Ograniczenia dla przesy\u0142ek wysy\u0142anych samolotami<\/strong><\/p>\n\n\n\n<ul class=\"wp-block-list\">\n<li>Oddzielne baterie litowe<\/li>\n\n\n\n<li>Powerbanki, stacje zasilaj\u0105ce<\/li>\n\n\n\n<li>Aerozole<\/li>\n\n\n\n<li>Zintegrowane baterie litowe \u2013 szczeg\u00f3lnie surowe dla przesy\u0142ek lotniczych z Kanady<\/li>\n\n\n\n<li>Bro\u0144 i materia\u0142y wybuchowe<\/li>\n\n\n\n<li>Got\u00f3wka, karty kredytowe i karty debetowe<\/li>\n\n\n\n<li>No\u017ce<\/li>\n\n\n\n<li>Ko\u015b\u0107 s\u0142oniowa i futra<\/li>\n\n\n\n<li>Szcz\u0105tki ludzkie lub zwierz\u0119ce<\/li>\n\n\n\n<li>Papierosy i inne wyroby tytoniowe<\/li>\n\n\n\n<li>Materia\u0142y \u0142atwopalne<\/li>\n\n\n\n<li>Utleniacze<\/li>\n\n\n\n<li>Substancje \u017cr\u0105ce<\/li>\n\n\n\n<li>Ro\u015bliny, nasiona<\/li>\n\n\n\n<li>Leki na recept\u0119 i narkotyki<\/li>\n\n\n\n<li>Bi\u017cuteria ze z\u0142ota i srebra<\/li>\n\n\n\n<li>Alkohol<\/li>\n\n\n\n<li>Surowe mi\u0119so i ryby<\/li>\n\n\n\n<li>Przedmioty wojskowe<\/li>\n<\/ul>\n\n\n\n<p>Happy Parcel zawsze d\u0105\u017cy do ulepszania swoich procedur zapobiegania oszustwom, aby zapewni\u0107 dodatkow\u0105 ochron\u0119 naszym klientom i ich partnerom biznesowym.<\/p>\n","protected":false},"excerpt":{"rendered":"Polityka zgodno\u015bci Happy Parcel zobowi\u0105zuje si\u0119 do przestrzegania najwy\u017cszych standard\u00f3w uczciwo\u015bci i etycznego post\u0119powania we wszystkich aspektach swojej dzia\u0142alno\u015bci biznesowej. W tym celu Happy Parcel ustanowi\u0142o nast\u0119puj\u0105c\u0105 polityk\u0119 zgodno\u015bci: Zakaz \u015bwiadczenia us\u0142ugHappy Parcel nie b\u0119dzie \u015bwiadczy\u0107 us\u0142ug \u017cadnej osobie fizycznej lub prawnej, kt\u00f3ra jest bezpo\u015brednio lub po\u015brednio zaanga\u017cowana w finansowanie, zlecanie lub wspieranie dzia\u0142alno\u015bci terrorystycznej. [&hellip;]","protected":false},"author":9,"featured_media":0,"parent":0,"menu_order":0,"comment_status":"closed","ping_status":"closed","template":"","meta":{"_acf_changed":false,"footnotes":""},"class_list":["post-10045","page","type-page","status-publish","hentry","no-post-thumbnail"],"acf":[],"yoast_head":"<!-- This site is optimized with the Yoast SEO plugin v26.1.1 - https:\/\/yoast.com\/wordpress\/plugins\/seo\/ -->\n<title>Zgodno\u015b\u0107 - HappyParcel<\/title>\n<meta name=\"robots\" content=\"index, follow, max-snippet:-1, max-image-preview:large, max-video-preview:-1\" \/>\n<link rel=\"canonical\" href=\"https:\/\/happyparcel.com\/pl\/zgodnosc\/\" \/>\n<meta property=\"og:locale\" content=\"pl_PL\" \/>\n<meta property=\"og:type\" content=\"article\" \/>\n<meta property=\"og:title\" content=\"Zgodno\u015b\u0107 - HappyParcel\" \/>\n<meta property=\"og:description\" content=\"Polityka zgodno\u015bci Happy Parcel zobowi\u0105zuje si\u0119 do przestrzegania najwy\u017cszych standard\u00f3w uczciwo\u015bci i etycznego post\u0119powania we wszystkich aspektach swojej dzia\u0142alno\u015bci biznesowej. W tym celu Happy Parcel ustanowi\u0142o nast\u0119puj\u0105c\u0105 polityk\u0119 zgodno\u015bci: Zakaz \u015bwiadczenia us\u0142ugHappy Parcel nie b\u0119dzie \u015bwiadczy\u0107 us\u0142ug \u017cadnej osobie fizycznej lub prawnej, kt\u00f3ra jest bezpo\u015brednio lub po\u015brednio zaanga\u017cowana w finansowanie, zlecanie lub wspieranie dzia\u0142alno\u015bci terrorystycznej. [&hellip;]\" \/>\n<meta property=\"og:url\" content=\"https:\/\/happyparcel.com\/pl\/zgodnosc\/\" \/>\n<meta property=\"og:site_name\" content=\"HappyParcel\" \/>\n<meta property=\"article:modified_time\" content=\"2025-09-12T21:27:43+00:00\" \/>\n<meta name=\"twitter:card\" content=\"summary_large_image\" \/>\n<meta name=\"twitter:label1\" content=\"Szacowany czas czytania\" \/>\n\t<meta name=\"twitter:data1\" content=\"4 minuty\" \/>\n<script type=\"application\/ld+json\" class=\"yoast-schema-graph\">{\"@context\":\"https:\/\/schema.org\",\"@graph\":[{\"@type\":\"WebPage\",\"@id\":\"https:\/\/happyparcel.com\/pl\/zgodnosc\/\",\"url\":\"https:\/\/happyparcel.com\/pl\/zgodnosc\/\",\"name\":\"Zgodno\u015b\u0107 - HappyParcel\",\"isPartOf\":{\"@id\":\"https:\/\/happyparcel.com\/pl\/lt\/#website\"},\"datePublished\":\"2025-03-05T08:32:59+00:00\",\"dateModified\":\"2025-09-12T21:27:43+00:00\",\"breadcrumb\":{\"@id\":\"https:\/\/happyparcel.com\/pl\/zgodnosc\/#breadcrumb\"},\"inLanguage\":\"pl-PL\",\"potentialAction\":[{\"@type\":\"ReadAction\",\"target\":[\"https:\/\/happyparcel.com\/pl\/zgodnosc\/\"]}]},{\"@type\":\"BreadcrumbList\",\"@id\":\"https:\/\/happyparcel.com\/pl\/zgodnosc\/#breadcrumb\",\"itemListElement\":[{\"@type\":\"ListItem\",\"position\":1,\"name\":\"Home\",\"item\":\"https:\/\/happyparcel.com\/pl\/\"},{\"@type\":\"ListItem\",\"position\":2,\"name\":\"Zgodno\u015b\u0107\"}]},{\"@type\":\"WebSite\",\"@id\":\"https:\/\/happyparcel.com\/pl\/lt\/#website\",\"url\":\"https:\/\/happyparcel.com\/pl\/lt\/\",\"name\":\"HappyParcel\",\"description\":\"\",\"publisher\":{\"@id\":\"https:\/\/happyparcel.com\/pl\/lt\/#organization\"},\"potentialAction\":[{\"@type\":\"SearchAction\",\"target\":{\"@type\":\"EntryPoint\",\"urlTemplate\":\"https:\/\/happyparcel.com\/pl\/lt\/?s={search_term_string}\"},\"query-input\":{\"@type\":\"PropertyValueSpecification\",\"valueRequired\":true,\"valueName\":\"search_term_string\"}}],\"inLanguage\":\"pl-PL\"},{\"@type\":\"Organization\",\"@id\":\"https:\/\/happyparcel.com\/pl\/lt\/#organization\",\"name\":\"HappyParcel\",\"url\":\"https:\/\/happyparcel.com\/pl\/lt\/\",\"logo\":{\"@type\":\"ImageObject\",\"inLanguage\":\"pl-PL\",\"@id\":\"https:\/\/happyparcel.com\/pl\/lt\/#\/schema\/logo\/image\/\",\"url\":\"https:\/\/happyparcel.com\/wp-content\/uploads\/2021\/06\/HP_Logo_Concept.png\",\"contentUrl\":\"https:\/\/happyparcel.com\/wp-content\/uploads\/2021\/06\/HP_Logo_Concept.png\",\"width\":461,\"height\":63,\"caption\":\"HappyParcel\"},\"image\":{\"@id\":\"https:\/\/happyparcel.com\/pl\/lt\/#\/schema\/logo\/image\/\"}}]}<\/script>\n<!-- \/ Yoast SEO plugin. -->","yoast_head_json":{"title":"Zgodno\u015b\u0107 - HappyParcel","robots":{"index":"index","follow":"follow","max-snippet":"max-snippet:-1","max-image-preview":"max-image-preview:large","max-video-preview":"max-video-preview:-1"},"canonical":"https:\/\/happyparcel.com\/pl\/zgodnosc\/","og_locale":"pl_PL","og_type":"article","og_title":"Zgodno\u015b\u0107 - HappyParcel","og_description":"Polityka zgodno\u015bci Happy Parcel zobowi\u0105zuje si\u0119 do przestrzegania najwy\u017cszych standard\u00f3w uczciwo\u015bci i etycznego post\u0119powania we wszystkich aspektach swojej dzia\u0142alno\u015bci biznesowej. W tym celu Happy Parcel ustanowi\u0142o nast\u0119puj\u0105c\u0105 polityk\u0119 zgodno\u015bci: Zakaz \u015bwiadczenia us\u0142ugHappy Parcel nie b\u0119dzie \u015bwiadczy\u0107 us\u0142ug \u017cadnej osobie fizycznej lub prawnej, kt\u00f3ra jest bezpo\u015brednio lub po\u015brednio zaanga\u017cowana w finansowanie, zlecanie lub wspieranie dzia\u0142alno\u015bci terrorystycznej. [&hellip;]","og_url":"https:\/\/happyparcel.com\/pl\/zgodnosc\/","og_site_name":"HappyParcel","article_modified_time":"2025-09-12T21:27:43+00:00","twitter_card":"summary_large_image","twitter_misc":{"Szacowany czas czytania":"4 minuty"},"schema":{"@context":"https:\/\/schema.org","@graph":[{"@type":"WebPage","@id":"https:\/\/happyparcel.com\/pl\/zgodnosc\/","url":"https:\/\/happyparcel.com\/pl\/zgodnosc\/","name":"Zgodno\u015b\u0107 - HappyParcel","isPartOf":{"@id":"https:\/\/happyparcel.com\/pl\/lt\/#website"},"datePublished":"2025-03-05T08:32:59+00:00","dateModified":"2025-09-12T21:27:43+00:00","breadcrumb":{"@id":"https:\/\/happyparcel.com\/pl\/zgodnosc\/#breadcrumb"},"inLanguage":"pl-PL","potentialAction":[{"@type":"ReadAction","target":["https:\/\/happyparcel.com\/pl\/zgodnosc\/"]}]},{"@type":"BreadcrumbList","@id":"https:\/\/happyparcel.com\/pl\/zgodnosc\/#breadcrumb","itemListElement":[{"@type":"ListItem","position":1,"name":"Home","item":"https:\/\/happyparcel.com\/pl\/"},{"@type":"ListItem","position":2,"name":"Zgodno\u015b\u0107"}]},{"@type":"WebSite","@id":"https:\/\/happyparcel.com\/pl\/lt\/#website","url":"https:\/\/happyparcel.com\/pl\/lt\/","name":"HappyParcel","description":"","publisher":{"@id":"https:\/\/happyparcel.com\/pl\/lt\/#organization"},"potentialAction":[{"@type":"SearchAction","target":{"@type":"EntryPoint","urlTemplate":"https:\/\/happyparcel.com\/pl\/lt\/?s={search_term_string}"},"query-input":{"@type":"PropertyValueSpecification","valueRequired":true,"valueName":"search_term_string"}}],"inLanguage":"pl-PL"},{"@type":"Organization","@id":"https:\/\/happyparcel.com\/pl\/lt\/#organization","name":"HappyParcel","url":"https:\/\/happyparcel.com\/pl\/lt\/","logo":{"@type":"ImageObject","inLanguage":"pl-PL","@id":"https:\/\/happyparcel.com\/pl\/lt\/#\/schema\/logo\/image\/","url":"https:\/\/happyparcel.com\/wp-content\/uploads\/2021\/06\/HP_Logo_Concept.png","contentUrl":"https:\/\/happyparcel.com\/wp-content\/uploads\/2021\/06\/HP_Logo_Concept.png","width":461,"height":63,"caption":"HappyParcel"},"image":{"@id":"https:\/\/happyparcel.com\/pl\/lt\/#\/schema\/logo\/image\/"}}]}},"_links":{"self":[{"href":"https:\/\/happyparcel.com\/pl\/wp-json\/wp\/v2\/pages\/10045","targetHints":{"allow":["GET"]}}],"collection":[{"href":"https:\/\/happyparcel.com\/pl\/wp-json\/wp\/v2\/pages"}],"about":[{"href":"https:\/\/happyparcel.com\/pl\/wp-json\/wp\/v2\/types\/page"}],"author":[{"embeddable":true,"href":"https:\/\/happyparcel.com\/pl\/wp-json\/wp\/v2\/users\/9"}],"replies":[{"embeddable":true,"href":"https:\/\/happyparcel.com\/pl\/wp-json\/wp\/v2\/comments?post=10045"}],"version-history":[{"count":2,"href":"https:\/\/happyparcel.com\/pl\/wp-json\/wp\/v2\/pages\/10045\/revisions"}],"predecessor-version":[{"id":10617,"href":"https:\/\/happyparcel.com\/pl\/wp-json\/wp\/v2\/pages\/10045\/revisions\/10617"}],"wp:attachment":[{"href":"https:\/\/happyparcel.com\/pl\/wp-json\/wp\/v2\/media?parent=10045"}],"curies":[{"name":"wp","href":"https:\/\/api.w.org\/{rel}","templated":true}]}}