{"id":10034,"date":"2020-12-14T11:49:43","date_gmt":"2020-12-14T09:49:43","guid":{"rendered":"https:\/\/happyparcel.com\/polityka-prywatnosci\/"},"modified":"2025-09-02T08:17:02","modified_gmt":"2025-09-02T05:17:02","slug":"polityka-prywatnosci","status":"publish","type":"page","link":"https:\/\/happyparcel.com\/pl\/polityka-prywatnosci\/","title":{"rendered":"Polityka prywatno\u015bci"},"content":{"rendered":"\n<h1 class=\"wp-block-heading\">Polityka prywatno\u015bci<\/h1>\n\n<p>Niniejsza Polityka prywatno\u015bci opisuje nasze zasady i procedury dotycz\u0105ce zbierania, wykorzystywania i ujawniania Pa\u0144stwa informacji podczas korzystania z Us\u0142ugi oraz informuje o Pa\u0144stwa prawach do prywatno\u015bci i o tym, jak prawo Pa\u0144stwa chroni.<\/p>\n\n<p>Wykorzystujemy Pa\u0144stwa dane osobowe w celu \u015bwiadczenia i ulepszania Us\u0142ugi. Korzystaj\u0105c z Us\u0142ugi, wyra\u017caj\u0105 Pa\u0144stwo zgod\u0119 na zbieranie i wykorzystywanie informacji zgodnie z niniejsz\u0105 Polityk\u0105 prywatno\u015bci. <\/p>\n\n<h4 class=\"wp-block-heading\">Interpretacja i definicje<\/h4>\n\n<p><strong>Interpretacja<\/strong><\/p>\n<p>S\u0142owa, kt\u00f3rych pierwsza litera jest pisana wielk\u0105 liter\u0105, maj\u0105 znaczenia zdefiniowane w nast\u0119puj\u0105cych warunkach. Poni\u017csze definicje maj\u0105 takie samo znaczenie, niezale\u017cnie od tego, czy wyst\u0119puj\u0105 w liczbie pojedynczej, czy mnogiej. <br\/><br\/><\/p>\n\n<p><strong>Definicje<\/strong><\/p>\n<p>Na potrzeby niniejszej Polityki Prywatno\u015bci:<br\/><br\/><\/p>\n\n<ul class=\"wp-block-list\">\n  <li><strong>Konto<\/strong> oznacza unikalne konto utworzone dla U\u017cytkownika w celu uzyskania dost\u0119pu do naszej Us\u0142ugi lub cz\u0119\u015bci naszej Us\u0142ugi.<\/li>\n  <li><strong>Podmiot stowarzyszony<\/strong> oznacza podmiot, kt\u00f3ry kontroluje, jest kontrolowany lub znajduje si\u0119 pod wsp\u00f3ln\u0105 kontrol\u0105 ze stron\u0105, gdzie \u201ekontrola\u201d oznacza posiadanie 50% lub wi\u0119cej udzia\u0142\u00f3w, udzia\u0142\u00f3w kapita\u0142owych lub innych papier\u00f3w warto\u015bciowych uprawniaj\u0105cych do g\u0142osowania przy wyborze dyrektor\u00f3w lub innego organu zarz\u0105dzaj\u0105cego.<\/li>\n  <li><strong>Firma<\/strong> (okre\u015blana w niniejszej Umowie jako \u201eFirma\u201d, \u201eMy\u201d, \u201eNas\u201d lub \u201eNasz\u201d) odnosi si\u0119 do HappyParcel, 8801 S 78th Ave, Bridgeview, IL 60455, Stany Zjednoczone.<\/li>\n  <li><strong>Kraj<\/strong> odnosi si\u0119 do: Illinois, Stany Zjednoczone.<\/li>\n  <li><strong>Urz\u0105dzenie<\/strong> oznacza dowolne urz\u0105dzenie, kt\u00f3re mo\u017ce uzyska\u0107 dost\u0119p do Us\u0142ugi, takie jak komputer, telefon kom\u00f3rkowy lub tablet cyfrowy.<\/li>\n  <li><strong>Dane osobowe<\/strong> to wszelkie informacje odnosz\u0105ce si\u0119 do zidentyfikowanej lub mo\u017cliwej do zidentyfikowania osoby fizycznej.<\/li>\n  <li><strong>Us\u0142uga<\/strong> odnosi si\u0119 do us\u0142ug spedycyjnych \u015bwiadczonych przez Firm\u0119.<\/li>\n  <li><strong>Us\u0142ugodawca<\/strong> oznacza ka\u017cd\u0105 osob\u0119 fizyczn\u0105 lub prawn\u0105, kt\u00f3ra przetwarza dane w imieniu Firmy. Odnosi si\u0119 to do firm zewn\u0119trznych lub os\u00f3b zatrudnionych przez Firm\u0119 w celu u\u0142atwienia \u015bwiadczenia Us\u0142ugi, \u015bwiadczenia Us\u0142ugi w imieniu Firmy, wykonywania us\u0142ug zwi\u0105zanych z Us\u0142ug\u0105 lub pomocy Firmie w analizowaniu sposobu korzystania z Us\u0142ugi. <\/li>\n  <li><strong>Dane dotycz\u0105ce u\u017cytkowania<\/strong> odnosz\u0105 si\u0119 do danych zbieranych automatycznie, generowanych przez korzystanie z Us\u0142ugi lub z samej infrastruktury Us\u0142ugi (na przyk\u0142ad czas trwania wizyty na stronie).<\/li>\n  <li><strong>U\u017cytkownik<\/strong> oznacza osob\u0119 fizyczn\u0105 uzyskuj\u0105c\u0105 dost\u0119p do Us\u0142ugi lub z niej korzystaj\u0105c\u0105, lub firm\u0119, lub inny podmiot prawny, w imieniu kt\u00f3rego taka osoba fizyczna uzyskuje dost\u0119p do Us\u0142ugi lub z niej korzysta, w zale\u017cno\u015bci od przypadku.<\/li>\n<\/ul>\n\n<h4 class=\"wp-block-heading\">Zbieranie i wykorzystywanie Pa\u0144stwa danych osobowych<\/h4>\n\n<h5 class=\"wp-block-heading\">Rodzaje zbieranych danych<\/h5>\n\n<p><strong>Dane osobowe<\/strong><\/p>\n<p>Podczas korzystania z Naszej Us\u0142ugi mo\u017cemy poprosi\u0107 U\u017cytkownika o podanie Nam pewnych informacji umo\u017cliwiaj\u0105cych identyfikacj\u0119, kt\u00f3re mog\u0105 by\u0107 wykorzystane do kontaktu z U\u017cytkownikiem lub identyfikacji U\u017cytkownika. Informacje umo\u017cliwiaj\u0105ce identyfikacj\u0119 mog\u0105 obejmowa\u0107, ale nie s\u0105 ograniczone do: <br\/><br\/><\/p>\n\n<ul class=\"wp-block-list\">\n  <li>Nazwa<\/li>\n  <li>Adres e-mail<\/li>\n  <li>Numer telefonu<\/li>\n  <li>Adres, stan, prowincja, kod pocztowy, miasto<\/li>\n  <li>Dane dotycz\u0105ce u\u017cytkowania<\/li>\n<\/ul>\n\n<p><strong>Dane dotycz\u0105ce u\u017cytkowania<\/strong><\/p>\n<p>Dane dotycz\u0105ce u\u017cytkowania s\u0105 zbierane automatycznie podczas korzystania z Us\u0142ugi. Dane dotycz\u0105ce u\u017cytkowania mog\u0105 obejmowa\u0107<br\/>informacje, takie jak adres protoko\u0142u internetowego Urz\u0105dzenia (np. adres IP), typ przegl\u0105darki, wersja przegl\u0105darki, strony naszej Us\u0142ugi, kt\u00f3re U\u017cytkownik odwiedza, godzina i data wizyty, czas sp\u0119dzony na tych stronach, unikalne identyfikatory urz\u0105dzenia i inne dane diagnostyczne. <br\/><br\/><\/p>\n\n<p>Gdy U\u017cytkownik uzyskuje dost\u0119p do Us\u0142ugi za pomoc\u0105 urz\u0105dzenia mobilnego, mo\u017cemy automatycznie zbiera\u0107 pewne informacje, w tym mi\u0119dzy innymi typ u\u017cywanego urz\u0105dzenia mobilnego, unikalny identyfikator urz\u0105dzenia mobilnego, adres IP urz\u0105dzenia mobilnego, mobilny system operacyjny, typ u\u017cywanej mobilnej przegl\u0105darki internetowej, unikalne identyfikatory urz\u0105dzenia i inne dane diagnostyczne.<br\/><br\/><\/p>\n\n<p>Mo\u017cemy r\u00f3wnie\u017c zbiera\u0107 informacje, kt\u00f3re przegl\u0105darka U\u017cytkownika wysy\u0142a za ka\u017cdym razem, gdy U\u017cytkownik odwiedza nasz\u0105 Us\u0142ug\u0119 lub gdy U\u017cytkownik uzyskuje dost\u0119p do Us\u0142ugi za pomoc\u0105 urz\u0105dzenia mobilnego.<br\/><br\/><\/p>\n\n<p><strong>Informacje zbierane podczas korzystania z aplikacji<\/strong><\/p>\n<p>Podczas korzystania z Naszej Us\u0142ugi, w celu zapewnienia funkcji Naszej Us\u0142ugi, mo\u017cemy zbiera\u0107, za uprzedni\u0105 zgod\u0105 U\u017cytkownika:<br\/><br\/><\/p>\n\n<ul class=\"wp-block-list\">\n  <li>Zdj\u0119cia i inne informacje z aparatu i biblioteki zdj\u0119\u0107 Urz\u0105dzenia<\/li>\n<\/ul>\n\n<p>Wykorzystujemy te informacje w celu zapewnienia funkcji naszej Us\u0142ugi, ulepszania i dostosowywania naszej Us\u0142ugi. Informacje mog\u0105 by\u0107 przesy\u0142ane na serwery Sp\u00f3\u0142ki i\/lub serwer Dostawcy us\u0142ug lub mog\u0105 by\u0107 po prostu przechowywane na Pa\u0144stwa urz\u0105dzeniu. <\/p>\n\n<p>Mog\u0105 Pa\u0144stwo w\u0142\u0105czy\u0107 lub wy\u0142\u0105czy\u0107 dost\u0119p do tych informacji w dowolnym momencie poprzez ustawienia Pa\u0144stwa urz\u0105dzenia.<\/p>\n\n<p><strong>Wykorzystanie Pa\u0144stwa danych osobowych<\/strong><\/p>\n<p>Firma mo\u017ce wykorzystywa\u0107 Dane Osobowe w nast\u0119puj\u0105cych celach:<br\/><br\/><\/p>\n\n<ul class=\"wp-block-list\">\n  <li><strong>Aby zapewni\u0107 i utrzyma\u0107 nasz\u0105 Us\u0142ug\u0119<\/strong>, w tym monitorowa\u0107 korzystanie z naszej Us\u0142ugi.<\/li>\n  <li><strong>Aby zarz\u0105dza\u0107 Kontem U\u017cytkownika<\/strong>: aby zarz\u0105dza\u0107 rejestracj\u0105 U\u017cytkownika jako u\u017cytkownika Us\u0142ugi. Dane Osobowe, kt\u00f3re U\u017cytkownik podaje, mog\u0105 zapewni\u0107 U\u017cytkownikowi dost\u0119p do r\u00f3\u017cnych funkcji Us\u0142ugi, kt\u00f3re s\u0105 dost\u0119pne dla U\u017cytkownika jako zarejestrowanego u\u017cytkownika. <\/li>\n  <li><strong>W celu wykonania umowy<\/strong>: opracowanie, przestrzeganie i realizacja umowy zakupu produkt\u00f3w, przedmiot\u00f3w lub us\u0142ug, kt\u00f3re U\u017cytkownik zakupi\u0142, lub jakiejkolwiek innej umowy z Nami za po\u015brednictwem Us\u0142ugi.<\/li>\n  <li><strong>Aby skontaktowa\u0107 si\u0119 z U\u017cytkownikiem<\/strong>: Aby skontaktowa\u0107 si\u0119 z U\u017cytkownikiem za po\u015brednictwem poczty elektronicznej, po\u0142\u0105cze\u0144 telefonicznych, wiadomo\u015bci SMS lub innych r\u00f3wnowa\u017cnych form komunikacji elektronicznej, takich jak aktualizacje lub komunikaty informacyjne dotycz\u0105ce funkcjonalno\u015bci, produkt\u00f3w lub zakontraktowanych us\u0142ug, w tym aktualizacje zabezpiecze\u0144, gdy jest to konieczne lub uzasadnione dla ich wdro\u017cenia.<\/li>\n  <li><strong>Aby zapewni\u0107 U\u017cytkownikowi<\/strong> wiadomo\u015bci, oferty specjalne i og\u00f3lne informacje o innych towarach, us\u0142ugach i wydarzeniach, kt\u00f3re oferujemy, a kt\u00f3re s\u0105 podobne do tych, kt\u00f3re U\u017cytkownik ju\u017c zakupi\u0142 lub o kt\u00f3re zapyta\u0142, chyba \u017ce U\u017cytkownik zrezygnowa\u0142 z otrzymywania takich informacji.<\/li>\n  <li><strong>Aby zarz\u0105dza\u0107 \u017c\u0105daniami U\u017cytkownika<\/strong>: Aby obs\u0142ugiwa\u0107 \u017c\u0105dania U\u017cytkownika skierowane do Nas i nimi zarz\u0105dza\u0107.<\/li>\n  <li><strong>W przypadku przeniesienia przedsi\u0119biorstwa<\/strong>: Mo\u017cemy wykorzystywa\u0107 informacje o U\u017cytkowniku do oceny lub przeprowadzenia fuzji, podzia\u0142u, restrukturyzacji, reorganizacji, likwidacji lub innej sprzeda\u017cy lub przeniesienia cz\u0119\u015bci lub ca\u0142o\u015bci Naszych aktyw\u00f3w, zar\u00f3wno jako przedsi\u0119biorstwo dzia\u0142aj\u0105ce, jak i w ramach post\u0119powania upad\u0142o\u015bciowego, likwidacyjnego lub podobnego, w kt\u00f3rym Dane Osobowe przechowywane przez Nas o u\u017cytkownikach naszej Us\u0142ugi znajduj\u0105 si\u0119 w\u015br\u00f3d przenoszonych aktyw\u00f3w.<\/li>\n  <li><strong>W innych celach<\/strong>: Mo\u017cemy wykorzystywa\u0107 informacje o U\u017cytkowniku w innych celach, takich jak analiza danych, identyfikowanie trend\u00f3w u\u017cytkowania, okre\u015blanie skuteczno\u015bci naszych kampanii promocyjnych oraz ocena i ulepszanie naszej Us\u0142ugi, produkt\u00f3w, us\u0142ug, marketingu i do\u015bwiadcze\u0144 U\u017cytkownika.<\/li>\n<\/ul>\n\n<p>Mo\u017cemy udost\u0119pnia\u0107 Pa\u0144stwa dane osobowe w nast\u0119puj\u0105cych sytuacjach:<\/p>\n\n<ul class=\"wp-block-list\">\n  <li><strong>Z Us\u0142ugodawcami<\/strong>: Mo\u017cemy udost\u0119pnia\u0107 dane osobowe U\u017cytkownika Us\u0142ugodawcom w celu monitorowania i analizowania korzystania z naszej Us\u0142ugi, aby skontaktowa\u0107 si\u0119 z U\u017cytkownikiem.<\/li>\n  <li><strong>W przypadku przeniesienia przedsi\u0119biorstwa<\/strong>: Mo\u017cemy udost\u0119pnia\u0107 lub przekazywa\u0107 dane osobowe U\u017cytkownika w zwi\u0105zku z jak\u0105kolwiek fuzj\u0105, sprzeda\u017c\u0105 aktyw\u00f3w Firmy, finansowaniem lub przej\u0119ciem ca\u0142o\u015bci lub cz\u0119\u015bci Naszej dzia\u0142alno\u015bci przez inn\u0105 firm\u0119 lub w trakcie negocjacji dotycz\u0105cych takich transakcji.<\/li>\n  <li><strong>Z Podmiotami stowarzyszonymi<\/strong>: Mo\u017cemy udost\u0119pnia\u0107 informacje o U\u017cytkowniku Naszym podmiotom stowarzyszonym, w kt\u00f3rym to przypadku b\u0119dziemy wymaga\u0107 od tych podmiot\u00f3w stowarzyszonych przestrzegania niniejszej Polityki Prywatno\u015bci. Podmioty stowarzyszone obejmuj\u0105 Nasz\u0105 sp\u00f3\u0142k\u0119 macierzyst\u0105 i wszelkie inne sp\u00f3\u0142ki zale\u017cne, partner\u00f3w joint venture lub inne firmy, kt\u00f3re kontrolujemy lub kt\u00f3re znajduj\u0105 si\u0119 pod wsp\u00f3ln\u0105 kontrol\u0105 z Nami. <\/li>\n  <li><strong>Z partnerami biznesowymi<\/strong>: Mo\u017cemy udost\u0119pnia\u0107 informacje o U\u017cytkowniku Naszym partnerom biznesowym, aby oferowa\u0107 U\u017cytkownikowi okre\u015blone produkty, us\u0142ugi lub promocje.<\/li>\n  <li><strong>Z innymi u\u017cytkownikami<\/strong>: gdy U\u017cytkownik udost\u0119pnia dane osobowe lub w inny spos\u00f3b wchodzi w interakcje w miejscach publicznych z innymi u\u017cytkownikami, takie informacje mog\u0105 by\u0107 przegl\u0105dane przez wszystkich u\u017cytkownik\u00f3w i mog\u0105 by\u0107 publicznie rozpowszechniane na zewn\u0105trz.<\/li>\n  <li><strong>Za zgod\u0105 U\u017cytkownika<\/strong>: Mo\u017cemy ujawni\u0107 dane osobowe U\u017cytkownika w ka\u017cdym innym celu za zgod\u0105 U\u017cytkownika.<\/li>\n<\/ul>\n\n<p><strong>S\u0142owa kluczowe kampanii<\/strong><\/p>\n<p>U\u017cywamy okre\u015blonych s\u0142\u00f3w kluczowych do zarz\u0105dzania preferencjami U\u017cytkownika dotycz\u0105cymi komunikacji SMS:<br\/><br\/><\/p>\n\n<ul class=\"wp-block-list\">\n  <li>S\u0142owa kluczowe wyra\u017caj\u0105ce zgod\u0119: START, YES<\/li>\n  <li>S\u0142owa kluczowe rezygnacji: STOP<\/li>\n  <li>S\u0142owa kluczowe pomocy: HELP<\/li>\n<\/ul>\n\n<p>Te s\u0142owa kluczowe mog\u0105 by\u0107 wykorzystywane do skutecznego zarz\u0105dzania preferencjami subskrypcji.<\/p>\n\n<p><strong>Przechowywanie Pa\u0144stwa danych osobowych<\/strong><\/p>\n<p>Firma b\u0119dzie przechowywa\u0107 Dane Osobowe U\u017cytkownika tylko tak d\u0142ugo, jak jest to konieczne do cel\u00f3w okre\u015blonych w niniejszej Polityce Prywatno\u015bci. B\u0119dziemy przechowywa\u0107 i wykorzystywa\u0107 Dane Osobowe U\u017cytkownika w zakresie niezb\u0119dnym do wype\u0142nienia naszych zobowi\u0105za\u0144 prawnych (na przyk\u0142ad, je\u015bli jeste\u015bmy zobowi\u0105zani do przechowywania danych U\u017cytkownika w celu przestrzegania obowi\u0105zuj\u0105cych przepis\u00f3w prawa), rozwi\u0105zywania spor\u00f3w i egzekwowania naszych um\u00f3w i zasad prawnych. <br\/><br\/><\/p>\n\n<p>Sp\u00f3\u0142ka b\u0119dzie r\u00f3wnie\u017c przechowywa\u0107 dane dotycz\u0105ce u\u017cytkowania do cel\u00f3w analizy wewn\u0119trznej. Dane dotycz\u0105ce u\u017cytkowania s\u0105<br\/>zazwyczaj przechowywane przez kr\u00f3tszy okres czasu, z wyj\u0105tkiem sytuacji, gdy dane te s\u0105 wykorzystywane do wzmocnienia bezpiecze\u0144stwa lub poprawy funkcjonalno\u015bci naszej Us\u0142ugi, lub gdy jeste\u015bmy prawnie zobowi\u0105zani do przechowywania tych danych przez d\u0142u\u017csze okresy. <\/p>\n\n<p>\u017badne informacje mobilne nie b\u0119d\u0105 udost\u0119pniane stronom trzecim\/podmiotom powi\u0105zanym w celach marketingowych\/promocyjnych<\/p>\n\n<p><strong>Przekazywanie Pa\u0144stwa danych osobowych<\/strong><\/p>\n<p>Informacje o U\u017cytkowniku, w tym Dane Osobowe, s\u0105 przetwarzane w biurach operacyjnych Firmy oraz w innych miejscach, w kt\u00f3rych znajduj\u0105 si\u0119 strony zaanga\u017cowane w przetwarzanie. Oznacza to, \u017ce informacje te mog\u0105 by\u0107 przesy\u0142ane do \u2014 i przechowywane na \u2014 komputerach znajduj\u0105cych si\u0119 poza stanem, prowincj\u0105, krajem lub inn\u0105 jurysdykcj\u0105 rz\u0105dow\u0105 U\u017cytkownika, gdzie przepisy dotycz\u0105ce ochrony danych mog\u0105 r\u00f3\u017cni\u0107 si\u0119 od przepis\u00f3w obowi\u0105zuj\u0105cych w jurysdykcji U\u017cytkownika. <br\/><br\/><\/p>\n\n<p>Pa\u0144stwa zgoda na niniejsz\u0105 Polityk\u0119 prywatno\u015bci, a nast\u0119pnie przes\u0142anie takich informacji, stanowi Pa\u0144stwa zgod\u0119 na takie przekazanie.<\/p>\n\n<p>Sp\u00f3\u0142ka podejmie wszelkie niezb\u0119dne kroki, aby zapewni\u0107, \u017ce Pa\u0144stwa dane s\u0105 traktowane bezpiecznie i zgodnie z niniejsz\u0105 Polityk\u0105 prywatno\u015bci, a \u017cadne przekazanie Pa\u0144stwa danych osobowych nie nast\u0105pi do organizacji lub kraju, chyba \u017ce istniej\u0105 odpowiednie zabezpieczenia, w tym bezpiecze\u0144stwo Pa\u0144stwa danych i innych informacji osobowych.<\/p>\n\n<p><strong>Usuwanie Pa\u0144stwa danych osobowych<\/strong><\/p>\n<p>U\u017cytkownik ma prawo do usuni\u0119cia lub za\u017c\u0105dania od Nas pomocy w usuni\u0119ciu Danych Osobowych, kt\u00f3re zebrali\u015bmy na temat U\u017cytkownika. Nasza Us\u0142uga mo\u017ce da\u0107 U\u017cytkownikowi mo\u017cliwo\u015b\u0107 usuni\u0119cia pewnych informacji o U\u017cytkowniku z poziomu Us\u0142ugi. U\u017cytkownik mo\u017ce w dowolnym momencie aktualizowa\u0107, poprawia\u0107 lub usuwa\u0107 informacje o U\u017cytkowniku, loguj\u0105c si\u0119 na swoje Konto, je\u015bli je posiada, i odwiedzaj\u0105c sekcj\u0119 ustawie\u0144 konta, kt\u00f3ra umo\u017cliwia zarz\u0105dzanie danymi osobowymi U\u017cytkownika. U\u017cytkownik mo\u017ce r\u00f3wnie\u017c skontaktowa\u0107 si\u0119 z Nami, aby za\u017c\u0105da\u0107 dost\u0119pu do, poprawienia lub usuni\u0119cia wszelkich danych osobowych, kt\u00f3re U\u017cytkownik Nam przekaza\u0142.   <br\/><br\/><\/p>\n\n<p>Nale\u017cy jednak pami\u0119ta\u0107, \u017ce mo\u017cemy by\u0107 zmuszeni do zachowania pewnych informacji, gdy mamy obowi\u0105zek prawny lub prawn\u0105 podstaw\u0119 do tego.<\/p>\n\n<h5 class=\"wp-block-heading\">Ujawnianie Pa\u0144stwa danych osobowych<\/h5>\n\n<p><strong>Transakcje biznesowe<\/strong><\/p>\n<p>Je\u015bli Firma jest zaanga\u017cowana w fuzj\u0119, przej\u0119cie lub sprzeda\u017c aktyw\u00f3w, Dane Osobowe U\u017cytkownika mog\u0105 zosta\u0107 przekazane. Powiadomimy U\u017cytkownika, zanim Dane Osobowe U\u017cytkownika zostan\u0105 przekazane i stan\u0105 si\u0119 przedmiotem innej Polityki Prywatno\u015bci. <br\/><br\/><\/p>\n\n<p><strong>Organy \u015bcigania<\/strong><\/p>\n<p>W pewnych okoliczno\u015bciach Firma mo\u017ce by\u0107 zobowi\u0105zana do ujawnienia Danych Osobowych U\u017cytkownika, je\u015bli jest to wymagane przez prawo lub w odpowiedzi na wa\u017cne \u017c\u0105dania ze strony organ\u00f3w publicznych (np. s\u0105du lub agencji rz\u0105dowej).<\/p>\n","protected":false},"excerpt":{"rendered":"Polityka prywatno\u015bci Niniejsza Polityka prywatno\u015bci opisuje nasze zasady i procedury dotycz\u0105ce zbierania, wykorzystywania i ujawniania Pa\u0144stwa informacji podczas korzystania z Us\u0142ugi oraz informuje o Pa\u0144stwa prawach do prywatno\u015bci i o tym, jak prawo Pa\u0144stwa chroni. Wykorzystujemy Pa\u0144stwa dane osobowe w celu \u015bwiadczenia i ulepszania Us\u0142ugi. Korzystaj\u0105c z Us\u0142ugi, wyra\u017caj\u0105 Pa\u0144stwo zgod\u0119 na zbieranie i wykorzystywanie [&hellip;]","protected":false},"author":9,"featured_media":0,"parent":0,"menu_order":0,"comment_status":"closed","ping_status":"closed","template":"","meta":{"_acf_changed":false,"footnotes":""},"class_list":["post-10034","page","type-page","status-publish","hentry","no-post-thumbnail"],"acf":[],"yoast_head":"<!-- This site is optimized with the Yoast SEO plugin v26.1.1 - https:\/\/yoast.com\/wordpress\/plugins\/seo\/ -->\n<title>Polityka prywatno\u015bci - HappyParcel<\/title>\n<meta name=\"robots\" content=\"index, follow, max-snippet:-1, max-image-preview:large, max-video-preview:-1\" \/>\n<link rel=\"canonical\" href=\"https:\/\/happyparcel.com\/pl\/polityka-prywatnosci\/\" \/>\n<meta property=\"og:locale\" content=\"pl_PL\" \/>\n<meta property=\"og:type\" content=\"article\" \/>\n<meta property=\"og:title\" content=\"Polityka prywatno\u015bci - HappyParcel\" \/>\n<meta property=\"og:description\" content=\"Polityka prywatno\u015bci Niniejsza Polityka prywatno\u015bci opisuje nasze zasady i procedury dotycz\u0105ce zbierania, wykorzystywania i ujawniania Pa\u0144stwa informacji podczas korzystania z Us\u0142ugi oraz informuje o Pa\u0144stwa prawach do prywatno\u015bci i o tym, jak prawo Pa\u0144stwa chroni. Wykorzystujemy Pa\u0144stwa dane osobowe w celu \u015bwiadczenia i ulepszania Us\u0142ugi. Korzystaj\u0105c z Us\u0142ugi, wyra\u017caj\u0105 Pa\u0144stwo zgod\u0119 na zbieranie i wykorzystywanie [&hellip;]\" \/>\n<meta property=\"og:url\" content=\"https:\/\/happyparcel.com\/pl\/polityka-prywatnosci\/\" \/>\n<meta property=\"og:site_name\" content=\"HappyParcel\" \/>\n<meta property=\"article:modified_time\" content=\"2025-09-02T05:17:02+00:00\" \/>\n<meta name=\"twitter:card\" content=\"summary_large_image\" \/>\n<meta name=\"twitter:label1\" content=\"Szacowany czas czytania\" \/>\n\t<meta name=\"twitter:data1\" content=\"10 minut\" \/>\n<script type=\"application\/ld+json\" class=\"yoast-schema-graph\">{\"@context\":\"https:\/\/schema.org\",\"@graph\":[{\"@type\":\"WebPage\",\"@id\":\"https:\/\/happyparcel.com\/pl\/polityka-prywatnosci\/\",\"url\":\"https:\/\/happyparcel.com\/pl\/polityka-prywatnosci\/\",\"name\":\"Polityka prywatno\u015bci - HappyParcel\",\"isPartOf\":{\"@id\":\"https:\/\/happyparcel.com\/pl\/lt\/#website\"},\"datePublished\":\"2020-12-14T09:49:43+00:00\",\"dateModified\":\"2025-09-02T05:17:02+00:00\",\"breadcrumb\":{\"@id\":\"https:\/\/happyparcel.com\/pl\/polityka-prywatnosci\/#breadcrumb\"},\"inLanguage\":\"pl-PL\",\"potentialAction\":[{\"@type\":\"ReadAction\",\"target\":[\"https:\/\/happyparcel.com\/pl\/polityka-prywatnosci\/\"]}]},{\"@type\":\"BreadcrumbList\",\"@id\":\"https:\/\/happyparcel.com\/pl\/polityka-prywatnosci\/#breadcrumb\",\"itemListElement\":[{\"@type\":\"ListItem\",\"position\":1,\"name\":\"Home\",\"item\":\"https:\/\/happyparcel.com\/pl\/\"},{\"@type\":\"ListItem\",\"position\":2,\"name\":\"Polityka prywatno\u015bci\"}]},{\"@type\":\"WebSite\",\"@id\":\"https:\/\/happyparcel.com\/pl\/lt\/#website\",\"url\":\"https:\/\/happyparcel.com\/pl\/lt\/\",\"name\":\"HappyParcel\",\"description\":\"\",\"publisher\":{\"@id\":\"https:\/\/happyparcel.com\/pl\/lt\/#organization\"},\"potentialAction\":[{\"@type\":\"SearchAction\",\"target\":{\"@type\":\"EntryPoint\",\"urlTemplate\":\"https:\/\/happyparcel.com\/pl\/lt\/?s={search_term_string}\"},\"query-input\":{\"@type\":\"PropertyValueSpecification\",\"valueRequired\":true,\"valueName\":\"search_term_string\"}}],\"inLanguage\":\"pl-PL\"},{\"@type\":\"Organization\",\"@id\":\"https:\/\/happyparcel.com\/pl\/lt\/#organization\",\"name\":\"HappyParcel\",\"url\":\"https:\/\/happyparcel.com\/pl\/lt\/\",\"logo\":{\"@type\":\"ImageObject\",\"inLanguage\":\"pl-PL\",\"@id\":\"https:\/\/happyparcel.com\/pl\/lt\/#\/schema\/logo\/image\/\",\"url\":\"https:\/\/happyparcel.com\/wp-content\/uploads\/2021\/06\/HP_Logo_Concept.png\",\"contentUrl\":\"https:\/\/happyparcel.com\/wp-content\/uploads\/2021\/06\/HP_Logo_Concept.png\",\"width\":461,\"height\":63,\"caption\":\"HappyParcel\"},\"image\":{\"@id\":\"https:\/\/happyparcel.com\/pl\/lt\/#\/schema\/logo\/image\/\"}}]}<\/script>\n<!-- \/ Yoast SEO plugin. -->","yoast_head_json":{"title":"Polityka prywatno\u015bci - HappyParcel","robots":{"index":"index","follow":"follow","max-snippet":"max-snippet:-1","max-image-preview":"max-image-preview:large","max-video-preview":"max-video-preview:-1"},"canonical":"https:\/\/happyparcel.com\/pl\/polityka-prywatnosci\/","og_locale":"pl_PL","og_type":"article","og_title":"Polityka prywatno\u015bci - HappyParcel","og_description":"Polityka prywatno\u015bci Niniejsza Polityka prywatno\u015bci opisuje nasze zasady i procedury dotycz\u0105ce zbierania, wykorzystywania i ujawniania Pa\u0144stwa informacji podczas korzystania z Us\u0142ugi oraz informuje o Pa\u0144stwa prawach do prywatno\u015bci i o tym, jak prawo Pa\u0144stwa chroni. Wykorzystujemy Pa\u0144stwa dane osobowe w celu \u015bwiadczenia i ulepszania Us\u0142ugi. Korzystaj\u0105c z Us\u0142ugi, wyra\u017caj\u0105 Pa\u0144stwo zgod\u0119 na zbieranie i wykorzystywanie [&hellip;]","og_url":"https:\/\/happyparcel.com\/pl\/polityka-prywatnosci\/","og_site_name":"HappyParcel","article_modified_time":"2025-09-02T05:17:02+00:00","twitter_card":"summary_large_image","twitter_misc":{"Szacowany czas czytania":"10 minut"},"schema":{"@context":"https:\/\/schema.org","@graph":[{"@type":"WebPage","@id":"https:\/\/happyparcel.com\/pl\/polityka-prywatnosci\/","url":"https:\/\/happyparcel.com\/pl\/polityka-prywatnosci\/","name":"Polityka prywatno\u015bci - HappyParcel","isPartOf":{"@id":"https:\/\/happyparcel.com\/pl\/lt\/#website"},"datePublished":"2020-12-14T09:49:43+00:00","dateModified":"2025-09-02T05:17:02+00:00","breadcrumb":{"@id":"https:\/\/happyparcel.com\/pl\/polityka-prywatnosci\/#breadcrumb"},"inLanguage":"pl-PL","potentialAction":[{"@type":"ReadAction","target":["https:\/\/happyparcel.com\/pl\/polityka-prywatnosci\/"]}]},{"@type":"BreadcrumbList","@id":"https:\/\/happyparcel.com\/pl\/polityka-prywatnosci\/#breadcrumb","itemListElement":[{"@type":"ListItem","position":1,"name":"Home","item":"https:\/\/happyparcel.com\/pl\/"},{"@type":"ListItem","position":2,"name":"Polityka prywatno\u015bci"}]},{"@type":"WebSite","@id":"https:\/\/happyparcel.com\/pl\/lt\/#website","url":"https:\/\/happyparcel.com\/pl\/lt\/","name":"HappyParcel","description":"","publisher":{"@id":"https:\/\/happyparcel.com\/pl\/lt\/#organization"},"potentialAction":[{"@type":"SearchAction","target":{"@type":"EntryPoint","urlTemplate":"https:\/\/happyparcel.com\/pl\/lt\/?s={search_term_string}"},"query-input":{"@type":"PropertyValueSpecification","valueRequired":true,"valueName":"search_term_string"}}],"inLanguage":"pl-PL"},{"@type":"Organization","@id":"https:\/\/happyparcel.com\/pl\/lt\/#organization","name":"HappyParcel","url":"https:\/\/happyparcel.com\/pl\/lt\/","logo":{"@type":"ImageObject","inLanguage":"pl-PL","@id":"https:\/\/happyparcel.com\/pl\/lt\/#\/schema\/logo\/image\/","url":"https:\/\/happyparcel.com\/wp-content\/uploads\/2021\/06\/HP_Logo_Concept.png","contentUrl":"https:\/\/happyparcel.com\/wp-content\/uploads\/2021\/06\/HP_Logo_Concept.png","width":461,"height":63,"caption":"HappyParcel"},"image":{"@id":"https:\/\/happyparcel.com\/pl\/lt\/#\/schema\/logo\/image\/"}}]}},"_links":{"self":[{"href":"https:\/\/happyparcel.com\/pl\/wp-json\/wp\/v2\/pages\/10034","targetHints":{"allow":["GET"]}}],"collection":[{"href":"https:\/\/happyparcel.com\/pl\/wp-json\/wp\/v2\/pages"}],"about":[{"href":"https:\/\/happyparcel.com\/pl\/wp-json\/wp\/v2\/types\/page"}],"author":[{"embeddable":true,"href":"https:\/\/happyparcel.com\/pl\/wp-json\/wp\/v2\/users\/9"}],"replies":[{"embeddable":true,"href":"https:\/\/happyparcel.com\/pl\/wp-json\/wp\/v2\/comments?post=10034"}],"version-history":[{"count":4,"href":"https:\/\/happyparcel.com\/pl\/wp-json\/wp\/v2\/pages\/10034\/revisions"}],"predecessor-version":[{"id":10468,"href":"https:\/\/happyparcel.com\/pl\/wp-json\/wp\/v2\/pages\/10034\/revisions\/10468"}],"wp:attachment":[{"href":"https:\/\/happyparcel.com\/pl\/wp-json\/wp\/v2\/media?parent=10034"}],"curies":[{"name":"wp","href":"https:\/\/api.w.org\/{rel}","templated":true}]}}