{"id":10028,"date":"2021-03-19T09:41:36","date_gmt":"2021-03-19T07:41:36","guid":{"rendered":"https:\/\/happyparcel.com\/warunki-swiadczenia-uslug\/"},"modified":"2025-09-02T08:39:11","modified_gmt":"2025-09-02T05:39:11","slug":"warunki-swiadczenia-uslug","status":"publish","type":"page","link":"https:\/\/happyparcel.com\/pl\/warunki-swiadczenia-uslug\/","title":{"rendered":"Warunki \u015bwiadczenia us\u0142ug"},"content":{"rendered":"\n<h1 class=\"wp-block-heading\">Warunki \u015bwiadczenia us\u0142ug <\/h1>\n\n<h5 class=\"wp-block-heading\"><strong>Przyj\u0119cie i wysy\u0142ka<\/strong><\/h5>\n\n<p>Po otrzymaniu w punkcie nadania w okre\u015blonym terminie, Happy Parcel (zwany dalej \u201ePrzewo\u017anikiem&#8221;) przyjmuje opisane towary (\u201eTowary&#8221;) od Nadawcy. Stan i zawarto\u015b\u0107 Towar\u00f3w s\u0105 nieznane w momencie przyj\u0119cia. Te Towary, zgodnie z oznaczeniem i przesy\u0142k\u0105, b\u0119d\u0105 transportowane do miejsca przeznaczenia wed\u0142ug stawek i klasyfikacji obowi\u0105zuj\u0105cych w dniu wysy\u0142ki. Przewo\u017anik nie gwarantuje, \u017ce Towary s\u0105 nieuszkodzone w momencie zawarcia niniejszej umowy. Wszystkie op\u0142aty za transport s\u0105 op\u0142acone z g\u00f3ry    <\/p>\n\n<h5 class=\"wp-block-heading\"><strong>Ograniczenie odpowiedzialno\u015bci<\/strong><\/h5>\n\n<p><strong>Maksymalna odpowiedzialno\u015b\u0107.<\/strong> Odpowiedzialno\u015b\u0107 Przewo\u017anika za ca\u0142kowit\u0105 utrat\u0119 Towar\u00f3w lub ich zawarto\u015bci nie przekroczy $100,00, plus pe\u0142na kwota zap\u0142acona za wysy\u0142k\u0119. W przypadku cz\u0119\u015bciowej utraty nie zostanie zwr\u00f3cona \u017cadna kwota za wysy\u0142k\u0119, niezale\u017cnie od tego, czy utrata lub uszkodzenie zosta\u0142y spowodowane zaniedbaniem Przewo\u017anika. Ograniczenie to obowi\u0105zuje od momentu zawarcia umowy do momentu dostarczenia Towar\u00f3w do Odbiorcy lub do us\u0142ugi pocztowej.  <\/p>\n\n<p><strong>Wy\u0142\u0105czenia odpowiedzialno\u015bci<\/strong>. Przewo\u017anik nie ponosi odpowiedzialno\u015bci za straty spowodowane lub przypisywane: <\/p>\n\n<p>Si\u0142a wy\u017csza, wrogowie publiczni, w\u0142adza prawa, kwarantanna, zamieszki, strajki, niebezpiecze\u0144stwa morskie, dzia\u0142anie lub zaniedbanie Nadawcy, wada wrodzona Towar\u00f3w lub warunki poza kontrol\u0105 Przewo\u017anika, w tym mi\u0119dzy innymi:<\/p>\n\n<ul class=\"wp-block-list\">\n<li>Reakcja j\u0105drowa lub ska\u017cenie radioaktywne;<\/li>\n\n\n\n<li>Ekstremalne warunki pogodowe, w tym mi\u0119dzy innymi powodzie, opady \u015bniegu, \u015bliskie drogi lub jakiekolwiek inne zdarzenie poza kontrol\u0105 Przewo\u017anika utrudniaj\u0105ce przejazd transportu;<\/li>\n\n\n\n<li>Zmiany w prawach lub przepisach kraju przeznaczenia, w tym mi\u0119dzy innymi zamkni\u0119cie dr\u00f3g w kraju przeznaczenia;<\/li>\n\n\n\n<li>Nieprawid\u0142owe lub niekompletne adresy podane przez Nadawc\u0119;<\/li>\n\n\n\n<li>Przeprowadzka Odbiorcy lub jego nieobecno\u015b\u0107 pod adresem podanym przez Nadawc\u0119;<\/li>\n\n\n\n<li>Zaj\u0119cie, zatrzymanie, konfiskata lub op\u00f3\u017anienie Towar\u00f3w przez agencje rz\u0105dowe w krajach, przez kt\u00f3re Towary s\u0105 transportowane, a\u017c do ich ostatecznego miejsca przeznaczenia zgodnie z przesy\u0142k\u0105.<\/li>\n<\/ul>\n\n<p>Przewo\u017anik w \u017cadnych okoliczno\u015bciach nie ponosi odpowiedzialno\u015bci za jakiekolwiek szkody materialne z jakiegokolwiek powodu, kt\u00f3re maj\u0105 by\u0107 wynikiem niepowodzenia Przewo\u017anika z jakiegokolwiek powodu w dostarczeniu w odpowiednim czasie i\/lub ca\u0142kowitej lub cz\u0119\u015bciowej utraty Towar\u00f3w, z wyj\u0105tkiem przypadk\u00f3w szczeg\u00f3lnie przewidzianych w niniejszym dokumencie.<\/p>\n\n<p><strong>Szacowane daty dostawy. <\/strong>Daty dostawy s\u0105 szacunkowe i podawane bez gwarancji. Przewo\u017anik nie ponosi odpowiedzialno\u015bci za \u017cadne szkody specjalne, wt\u00f3rne ani inne wynikaj\u0105ce z op\u00f3\u017anie\u0144 w dostawie. Przewo\u017anik nie ponosi odpowiedzialno\u015bci za \u017cadne szkody zg\u0142oszone przez Nadawc\u0119 ani za wyp\u0142at\u0119 jakiegokolwiek odszkodowania na rzecz Nadawcy w przypadku jakiegokolwiek op\u00f3\u017anienia w dostawie Towar\u00f3w.  <\/p>\n\n<p><strong>Towary zabronione i gwarancja nadawcy.<\/strong> Przewo\u017anik nie ponosi odpowiedzialno\u015bci za utrat\u0119 przez jak\u0105kolwiek stron\u0119 jakichkolwiek przedmiot\u00f3w, kt\u00f3re mog\u0105 by\u0107 zabronione lub stanowi\u0107 kontraband\u0119, z jakiegokolwiek powodu, w kraju przeznaczenia lub w jakimkolwiek kraju, przez kt\u00f3ry Towary mog\u0105 przechodzi\u0107, w tym, bez ograniczania og\u00f3lno\u015bci powy\u017cszego, zbywalne papiery warto\u015bciowe, got\u00f3wk\u0119, metale szlachetne, kamienie szlachetne i bi\u017cuteri\u0119, oraz wszelkie inne przedmioty, kt\u00f3re zgodnie z decyzj\u0105 organ\u00f3w regulacyjnych danego kraju lub kraj\u00f3w mog\u0105 mie\u0107 charakter przedmiot\u00f3w luksusowych. Nadawca przyjmuje do wiadomo\u015bci, \u017ce Towary b\u0119d\u0105 podlega\u0107 kontroli celnej i innych agencji rz\u0105dowych, a Przewo\u017anik nie ponosi odpowiedzialno\u015bci za jak\u0105kolwiek utrat\u0119 lub uszkodzenie Towar\u00f3w w wyniku lub w zwi\u0105zku z dzia\u0142aniami jakichkolwiek agencji, zar\u00f3wno w\u0142a\u015bciwych, jak i niew\u0142a\u015bciwych. Nadawca przyjmuje do wiadomo\u015bci, \u017ce kontrole celne i podobne mog\u0105 skutkowa\u0107 op\u00f3\u017anieniami w dostawie. Nadawca przyjmuje do wiadomo\u015bci, \u017ce zabronione i niezgodne z prawem jest umieszczanie w wysy\u0142anych Towarach broni, substancji kontrolowanych, materia\u0142\u00f3w wybuchowych lub substancji wybuchowych, materia\u0142\u00f3w \u0142atwopalnych lub innych podobnych przedmiot\u00f3w, kt\u00f3re mog\u0142yby uszkodzi\u0107 przesy\u0142k\u0119. Nadawca gwarantuje, \u017ce Towary nie zawieraj\u0105 takich przedmiot\u00f3w. W przypadku, gdy Towary zawieraj\u0105 takie przedmioty, Nadawca przyjmuje odpowiedzialno\u015b\u0107 i ponosi wy\u0142\u0105czn\u0105 odpowiedzialno\u015b\u0107 oraz zabezpieczy Przewo\u017anika przed wszelkimi roszczeniami, szkodami, op\u0142atami lub pozwami wniesionymi w zwi\u0105zku z tym.     <\/p>\n\n<p><strong>Obowi\u0105zki nadawcy.<\/strong> Nadawca potwierdza, \u017ce uzgodni\u0142 z Przewo\u017anikiem, i\u017c jego obowi\u0105zkiem jest:<\/p>\n\n<ul class=\"wp-block-list\">\n<li>ustalenie obowi\u0105zuj\u0105cych zasad celnych kraju przeznaczenia w celu okre\u015blenia, czy Towary s\u0105 wolne od c\u0142a;<\/li>\n\n\n\n<li>ustalenie ram czasowych dostawy Towar\u00f3w do kraju przeznaczenia, w szczeg\u00f3lno\u015bci dostaw w okresie \u015bwi\u0105t Bo\u017cego Narodzenia i Wielkanocy;<\/li>\n\n\n\n<li>op\u0142acenie wszystkich ce\u0142 i podatk\u00f3w zwi\u0105zanych z Towarami i ich przewozem;<\/li>\n<\/ul>\n\n<p><strong>Opcje ubezpieczenia.<\/strong> Odpowiedzialno\u015b\u0107 Przewo\u017anika za utrat\u0119 nie przekracza $100,00, chyba \u017ce Nadawca wykupi dodatkowe ubezpieczenie. Dodatkowe ubezpieczenie jest dost\u0119pne w cenie $5,00 za ka\u017cde $100,00 warto\u015bci powy\u017cej pierwszych $100,00. W \u017cadnym wypadku odpowiedzialno\u015b\u0107 przewo\u017anika za ca\u0142kowit\u0105 utrat\u0119 nie przekroczy ubezpieczonej kwoty plus ca\u0142ej kwoty zap\u0142aconej za wysy\u0142k\u0119.  <\/p>\n\n<h5 class=\"wp-block-heading\"><strong>Proces reklamacji i powiadomie\u0144 dla kraj\u00f3w UE<\/strong><\/h5>\n\n<p>Przewo\u017anik nie ponosi odpowiedzialno\u015bci za utrat\u0119, chyba \u017ce zostanie ona zg\u0142oszona przez Nadawc\u0119 lub Odbiorc\u0119 w ci\u0105gu 48 godzin po dostarczeniu paczki do Przewo\u017anika za po\u015brednictwem poczty elektronicznej: complaints@aecparcel.com. Reklamacje musz\u0105 zawiera\u0107: <\/p>\n\n<ul class=\"wp-block-list\">\n<li>Kopi\u0119 deklaracji Nadawcy<\/li>\n\n\n\n<li>Pe\u0142ne informacje adresowe Nadawcy<\/li>\n\n\n\n<li>Numer paczki<\/li>\n\n\n\n<li>Jasne i ograniczone o\u015bwiadczenie o charakterze reklamacji, w tym warto\u015b\u0107.<\/li>\n<\/ul>\n\n<p>Przewo\u017anik zostaje zwolniony z wszelkiej odpowiedzialno\u015bci za utrat\u0119 wynikaj\u0105c\u0105 z niniejszej umowy przewozu, chyba \u017ce Nadawca lub Odbiorca wszczyna post\u0119powanie s\u0105dowe poprzez wydanie procesu inicjuj\u0105cego w odpowiedniej jurysdykcji przeciwko Przewo\u017anikowi w ci\u0105gu sze\u015b\u0107dziesi\u0119ciu (60) dni od dostarczenia Towar\u00f3w lub w ci\u0105gu czterech (4) miesi\u0119cy od szacowanej daty dostawy w przypadku niedostarczenia. Niepowodzenie w wszcz\u0119ciu takiego post\u0119powania s\u0105dowego poprzez proces inicjuj\u0105cy w tym okresie b\u0119dzie dzia\u0142a\u0107 jako ca\u0142kowite zrzeczenie si\u0119 takiego procesu i zwolnienie z wszelkich roszcze\u0144 przeciwko Przewo\u017anikowi. <\/p>\n\n<h5 class=\"wp-block-heading\"><strong>Proces reklamacji i zwrot\u00f3w dla kraj\u00f3w UE<\/strong><\/h5>\n\n<p><strong>Rozpocz\u0119cie<\/strong>: Nadawca musi z\u0142o\u017cy\u0107 wniosek drog\u0105 mailow\u0105 \u2013 complaints@aecparcel.com, je\u015bli przesy\u0142ka spe\u0142nia kryteria kwalifikowalno\u015bci.<\/p>\n\n<p><strong>Wymagane informacje<\/strong>:<\/p>\n\n<ul class=\"wp-block-list\">\n<li>Numer \u015bledzenia<\/li>\n\n\n\n<li>Dane nadawcy i odbiorcy<\/li>\n\n\n\n<li>Kopia deklaracji<\/li>\n\n\n\n<li>Wype\u0142niony formularz reklamacyjny<\/li>\n\n\n\n<li>Kwota dodatkowego ubezpieczenia, je\u015bli dotyczy<\/li>\n\n\n\n<li>Szczeg\u00f3\u0142owy opis zawarto\u015bci paczki<\/li>\n\n\n\n<li>Rzeczywisty koszt brakuj\u0105cych przedmiot\u00f3w potwierdzony fakturami, paragonami itp.<\/li>\n\n\n\n<li>Dowody fotograficzne przedmiot\u00f3w i pude\u0142ka\/opakowania po otrzymaniu<\/li>\n\n\n\n<li>Protok\u00f3\u0142 uszkodze\u0144 wype\u0142niony w obecno\u015bci strony dostarczaj\u0105cej<\/li>\n<\/ul>\n\n<p><strong>Proces<\/strong>:<\/p>\n\n<ul class=\"wp-block-list\">\n<li>Wszcz\u0119cie dochodzenia: Rozpocznie si\u0119 dochodzenie w sprawie zg\u0142oszonego problemu z paczk\u0105.<\/li>\n\n\n\n<li>Komunikacja: Skontaktujemy si\u0119 z nadawc\u0105 i\/lub odbiorc\u0105, je\u015bli potrzebne b\u0119d\u0105 dodatkowe informacje<\/li>\n\n\n\n<li>Podejmowanie decyzji: Nadawca zostanie poinformowany o ostatecznej decyzji po jej podj\u0119ciu.<\/li>\n\n\n\n<li>Oczekiwana data rozwi\u0105zania: W przypadku przesy\u0142ek mi\u0119dzynarodowych, celem czasowym jest 28 dni roboczych dla ostatecznego rozwi\u0105zania. Jednak uzyskanie niezb\u0119dnych informacji od mi\u0119dzynarodowych partner\u00f3w\/kurier\u00f3w\/Urz\u0119d\u00f3w Celnych mo\u017ce wyd\u0142u\u017cy\u0107 czas potrzebny do zako\u0144czenia. W zwi\u0105zku z tym podejmowanie decyzji dotycz\u0105cych przesy\u0142ek mi\u0119dzynarodowych mo\u017ce wymaga\u0107 dodatkowego czasu.  <\/li>\n\n\n\n<li>Ubezpieczenie zwrotu: Je\u015bli zwrot zostanie uznany za odpowiedni, nadawca zostanie poinformowany o ustalonej kwocie. P\u0142atno\u015b\u0107 zostanie nast\u0119pnie wydana przy u\u017cyciu metody uzgodnionej i najwygodniejszej dla nadawcy, takiej jak kredyt na nast\u0119pn\u0105 przesy\u0142k\u0119 lub zwrot za po\u015brednictwem czeku poczt\u0105. <\/li>\n<\/ul>\n\n<p><strong>Cz\u0119\u015bciowa niewa\u017cno\u015b\u0107 i rozdzielno\u015b\u0107<\/strong><\/p>\n\n<p>Je\u015bli jakiekolwiek postanowienie zostanie uznane za niewa\u017cne lub niewykonalne, pozosta\u0142e postanowienia pozostaj\u0105 w mocy.<\/p>\n\n<p><strong>Ograniczenie odpowiedzialno\u015bci pracownik\u00f3w lub agent\u00f3w<\/strong><\/p>\n\n<p>Uzgodniono, \u017ce \u017caden agent Przewo\u017anika (w tym jakikolwiek niezale\u017cny wykonawca zatrudniony przez Przewo\u017anika) nie b\u0119dzie w \u017cadnych okoliczno\u015bciach ponosi\u0107 jakiejkolwiek odpowiedzialno\u015bci wobec Nadawcy, Odbiorcy lub w\u0142a\u015bciciela Towar\u00f3w lub wobec jakiegokolwiek posiadacza niniejszej Umowy Przewozu za jak\u0105kolwiek utrat\u0119, uszkodzenie lub op\u00f3\u017anienie jakiegokolwiek rodzaju wynikaj\u0105ce bezpo\u015brednio lub po\u015brednio z jakiegokolwiek dzia\u0142ania, zaniedbania lub zaniedbania ze strony Przewo\u017anika podczas dzia\u0142ania w trakcie lub w zwi\u0105zku z jego zatrudnieniem i bez uszczerbku dla og\u00f3lno\u015bci postanowie\u0144 niniejszego paragrafu, ka\u017cdy warunek zawarty i ka\u017cde prawo, zwolnienie z odpowiedzialno\u015bci, obrona i immunitet jakiejkolwiek natury maj\u0105ce zastosowanie do Przewo\u017anika lub do kt\u00f3rych Przewo\u017anik jest uprawniony, b\u0119d\u0105 r\u00f3wnie\u017c dost\u0119pne i b\u0119d\u0105 rozci\u0105ga\u0107 si\u0119 na ochron\u0119 jakiegokolwiek agenta Przewo\u017anika dzia\u0142aj\u0105cego jak wspomniano i dla cel\u00f3w wszystkich postanowie\u0144 niniejszego paragrafu Przewo\u017anik jest lub b\u0119dzie uwa\u017cany za dzia\u0142aj\u0105cego agenta lub powiernika w imieniu i na korzy\u015b\u0107 wszystkich os\u00f3b, kt\u00f3re s\u0105 lub mog\u0105 by\u0107 jego s\u0142ugami lub agentami od czasu do czasu (w tym niezale\u017cni wykonawcy) i wszystkie te osoby b\u0119d\u0105 w tym zakresie by\u0107 lub by\u0107 uwa\u017cane za strony umowy w lub potwierdzonej przez niniejsz\u0105 Umow\u0119 przewozu.<\/p>\n\n<p><strong>Modyfikacja umowy przewozu<\/strong><\/p>\n\n<p>Przewo\u017anik zastrzega sobie prawo do zast\u0105pienia alternatywnych sposob\u00f3w transportu dla tego wybranego przez Nadawc\u0119 na przodzie niniejszej Umowy Przewozu. Jakiekolwiek skorzystanie przez Przewo\u017anika z tego prawa w \u017caden spos\u00f3b nie wp\u0142ynie na maksymaln\u0105 odpowiedzialno\u015b\u0107 Przewo\u017anika wspomnian\u0105 powy\u017cej. Niniejsza Umowa Przewozu stanowi ca\u0142\u0105 umow\u0119 mi\u0119dzy Przewo\u017anikiem a Nadawc\u0105. \u017baden agent ani przedstawiciel przewo\u017anika nie ma uprawnie\u0144 do zmiany, modyfikacji lub zrzeczenia si\u0119 jakiegokolwiek postanowienia niniejszej umowy.   <\/p>\n\n<p><strong>Si\u0142a wy\u017csza<\/strong><\/p>\n\n<p>Pojedyncza paczka musi zosta\u0107 wys\u0142ana na jeden adres w wyznaczonym kraju. Je\u015bli paczka jest kierowana do lub przybywa z odleg\u0142ej lub wiejskiej lokalizacji, nale\u017cy spodziewa\u0107 si\u0119 potencjalnie wyd\u0142u\u017conego czasu dostawy. Czas dostawy podlega wahaniom i mo\u017cliwe jest, \u017ce nie b\u0119dziemy w stanie powiadomi\u0107 Pa\u0144stwa z wyprzedzeniem. Happy Parcel nie mo\u017ce ponosi\u0107 odpowiedzialno\u015bci za op\u00f3\u017anienia w dostawie poza nasz\u0105 kontrol\u0105, takie jak te spowodowane op\u00f3\u017anieniami przewo\u017anika, niekorzystnymi warunkami pogodowymi, kl\u0119skami \u017cywio\u0142owymi, strajkami pracowniczymi lub ograniczeniami granicznymi. Chocia\u017c staramy si\u0119 dostarczy\u0107 Pa\u0144stwa paczk\u0119 w wyznaczonym terminie, mog\u0105 wyst\u0105pi\u0107 okoliczno\u015bci, szczeg\u00f3lnie w okresach szczytowych, takich jak \u015bwi\u0119ta, gdzie wysy\u0142ka w oczekiwanym oknie mo\u017ce nie by\u0107 mo\u017cliwa. W zwi\u0105zku z tym Pa\u0144stwa paczka mo\u017ce zosta\u0107 dostarczona p\u00f3\u017aniej ni\u017c pierwotnie przewidywano w takich przypadkach.     <\/p>\n\n<p><br\/><\/p>\n","protected":false},"excerpt":{"rendered":"Warunki \u015bwiadczenia us\u0142ug Przyj\u0119cie i wysy\u0142ka Po otrzymaniu w punkcie nadania w okre\u015blonym terminie, Happy Parcel (zwany dalej \u201ePrzewo\u017anikiem&#8221;) przyjmuje opisane towary (\u201eTowary&#8221;) od Nadawcy. Stan i zawarto\u015b\u0107 Towar\u00f3w s\u0105 nieznane w momencie przyj\u0119cia. Te Towary, zgodnie z oznaczeniem i przesy\u0142k\u0105, b\u0119d\u0105 transportowane do miejsca przeznaczenia wed\u0142ug stawek i klasyfikacji obowi\u0105zuj\u0105cych w dniu wysy\u0142ki. Przewo\u017anik [&hellip;]","protected":false},"author":9,"featured_media":10029,"parent":0,"menu_order":0,"comment_status":"closed","ping_status":"closed","template":"","meta":{"_acf_changed":false,"footnotes":""},"class_list":["post-10028","page","type-page","status-publish","has-post-thumbnail","hentry"],"acf":[],"yoast_head":"<!-- This site is optimized with the Yoast SEO plugin v26.1.1 - https:\/\/yoast.com\/wordpress\/plugins\/seo\/ -->\n<title>Warunki | Us\u0142uga HappyParcel<\/title>\n<meta name=\"description\" content=\"Przed zam\u00f3wieniem us\u0142ugi realizacji zam\u00f3wie\u0144 e-commerce HappyParcel zaleca si\u0119 zapoznanie z warunkami \u015bwiadczenia us\u0142ug przedstawionymi na tej stronie.\" \/>\n<meta name=\"robots\" content=\"index, follow, max-snippet:-1, max-image-preview:large, max-video-preview:-1\" \/>\n<link rel=\"canonical\" href=\"https:\/\/happyparcel.com\/pl\/warunki-swiadczenia-uslug\/\" \/>\n<meta property=\"og:locale\" content=\"pl_PL\" \/>\n<meta property=\"og:type\" content=\"article\" \/>\n<meta property=\"og:title\" content=\"Warunki | Us\u0142uga HappyParcel\" \/>\n<meta property=\"og:description\" content=\"Przed zam\u00f3wieniem us\u0142ugi realizacji zam\u00f3wie\u0144 e-commerce HappyParcel zaleca si\u0119 zapoznanie z warunkami \u015bwiadczenia us\u0142ug przedstawionymi na tej stronie.\" \/>\n<meta property=\"og:url\" content=\"https:\/\/happyparcel.com\/pl\/warunki-swiadczenia-uslug\/\" \/>\n<meta property=\"og:site_name\" content=\"HappyParcel\" \/>\n<meta property=\"article:modified_time\" content=\"2025-09-02T05:39:11+00:00\" \/>\n<meta property=\"og:image\" content=\"https:\/\/happyparcel.com\/wp-content\/uploads\/2021\/08\/ad2d2c8f-2ffb-4479-83de-6b73ea76277f-e1631619414546.webp\" \/>\n\t<meta property=\"og:image:width\" content=\"1274\" \/>\n\t<meta property=\"og:image:height\" content=\"796\" \/>\n\t<meta property=\"og:image:type\" content=\"image\/webp\" \/>\n<meta name=\"twitter:card\" content=\"summary_large_image\" \/>\n<meta name=\"twitter:label1\" content=\"Szacowany czas czytania\" \/>\n\t<meta name=\"twitter:data1\" content=\"8 minut\" \/>\n<script type=\"application\/ld+json\" class=\"yoast-schema-graph\">{\"@context\":\"https:\/\/schema.org\",\"@graph\":[{\"@type\":\"WebPage\",\"@id\":\"https:\/\/happyparcel.com\/pl\/warunki-swiadczenia-uslug\/\",\"url\":\"https:\/\/happyparcel.com\/pl\/warunki-swiadczenia-uslug\/\",\"name\":\"Warunki | Us\u0142uga HappyParcel\",\"isPartOf\":{\"@id\":\"https:\/\/happyparcel.com\/pl\/lt\/#website\"},\"primaryImageOfPage\":{\"@id\":\"https:\/\/happyparcel.com\/pl\/warunki-swiadczenia-uslug\/#primaryimage\"},\"image\":{\"@id\":\"https:\/\/happyparcel.com\/pl\/warunki-swiadczenia-uslug\/#primaryimage\"},\"thumbnailUrl\":\"https:\/\/happyparcel.com\/wp-content\/uploads\/2021\/08\/ad2d2c8f-2ffb-4479-83de-6b73ea76277f-e1631619414546.webp\",\"datePublished\":\"2021-03-19T07:41:36+00:00\",\"dateModified\":\"2025-09-02T05:39:11+00:00\",\"description\":\"Przed zam\u00f3wieniem us\u0142ugi realizacji zam\u00f3wie\u0144 e-commerce HappyParcel zaleca si\u0119 zapoznanie z warunkami \u015bwiadczenia us\u0142ug przedstawionymi na tej stronie.\",\"breadcrumb\":{\"@id\":\"https:\/\/happyparcel.com\/pl\/warunki-swiadczenia-uslug\/#breadcrumb\"},\"inLanguage\":\"pl-PL\",\"potentialAction\":[{\"@type\":\"ReadAction\",\"target\":[\"https:\/\/happyparcel.com\/pl\/warunki-swiadczenia-uslug\/\"]}]},{\"@type\":\"ImageObject\",\"inLanguage\":\"pl-PL\",\"@id\":\"https:\/\/happyparcel.com\/pl\/warunki-swiadczenia-uslug\/#primaryimage\",\"url\":\"https:\/\/happyparcel.com\/wp-content\/uploads\/2021\/08\/ad2d2c8f-2ffb-4479-83de-6b73ea76277f-e1631619414546.webp\",\"contentUrl\":\"https:\/\/happyparcel.com\/wp-content\/uploads\/2021\/08\/ad2d2c8f-2ffb-4479-83de-6b73ea76277f-e1631619414546.webp\",\"width\":1274,\"height\":796,\"caption\":\"ko\u0142a z\u0119bate ilustruj\u0105ce us\u0142ug\u0119 realizacji zam\u00f3wie\u0144\"},{\"@type\":\"BreadcrumbList\",\"@id\":\"https:\/\/happyparcel.com\/pl\/warunki-swiadczenia-uslug\/#breadcrumb\",\"itemListElement\":[{\"@type\":\"ListItem\",\"position\":1,\"name\":\"Home\",\"item\":\"https:\/\/happyparcel.com\/pl\/\"},{\"@type\":\"ListItem\",\"position\":2,\"name\":\"Warunki \u015bwiadczenia us\u0142ug\"}]},{\"@type\":\"WebSite\",\"@id\":\"https:\/\/happyparcel.com\/pl\/lt\/#website\",\"url\":\"https:\/\/happyparcel.com\/pl\/lt\/\",\"name\":\"HappyParcel\",\"description\":\"\",\"publisher\":{\"@id\":\"https:\/\/happyparcel.com\/pl\/lt\/#organization\"},\"potentialAction\":[{\"@type\":\"SearchAction\",\"target\":{\"@type\":\"EntryPoint\",\"urlTemplate\":\"https:\/\/happyparcel.com\/pl\/lt\/?s={search_term_string}\"},\"query-input\":{\"@type\":\"PropertyValueSpecification\",\"valueRequired\":true,\"valueName\":\"search_term_string\"}}],\"inLanguage\":\"pl-PL\"},{\"@type\":\"Organization\",\"@id\":\"https:\/\/happyparcel.com\/pl\/lt\/#organization\",\"name\":\"HappyParcel\",\"url\":\"https:\/\/happyparcel.com\/pl\/lt\/\",\"logo\":{\"@type\":\"ImageObject\",\"inLanguage\":\"pl-PL\",\"@id\":\"https:\/\/happyparcel.com\/pl\/lt\/#\/schema\/logo\/image\/\",\"url\":\"https:\/\/happyparcel.com\/wp-content\/uploads\/2021\/06\/HP_Logo_Concept.png\",\"contentUrl\":\"https:\/\/happyparcel.com\/wp-content\/uploads\/2021\/06\/HP_Logo_Concept.png\",\"width\":461,\"height\":63,\"caption\":\"HappyParcel\"},\"image\":{\"@id\":\"https:\/\/happyparcel.com\/pl\/lt\/#\/schema\/logo\/image\/\"}}]}<\/script>\n<!-- \/ Yoast SEO plugin. -->","yoast_head_json":{"title":"Warunki | Us\u0142uga HappyParcel","description":"Przed zam\u00f3wieniem us\u0142ugi realizacji zam\u00f3wie\u0144 e-commerce HappyParcel zaleca si\u0119 zapoznanie z warunkami \u015bwiadczenia us\u0142ug przedstawionymi na tej stronie.","robots":{"index":"index","follow":"follow","max-snippet":"max-snippet:-1","max-image-preview":"max-image-preview:large","max-video-preview":"max-video-preview:-1"},"canonical":"https:\/\/happyparcel.com\/pl\/warunki-swiadczenia-uslug\/","og_locale":"pl_PL","og_type":"article","og_title":"Warunki | Us\u0142uga HappyParcel","og_description":"Przed zam\u00f3wieniem us\u0142ugi realizacji zam\u00f3wie\u0144 e-commerce HappyParcel zaleca si\u0119 zapoznanie z warunkami \u015bwiadczenia us\u0142ug przedstawionymi na tej stronie.","og_url":"https:\/\/happyparcel.com\/pl\/warunki-swiadczenia-uslug\/","og_site_name":"HappyParcel","article_modified_time":"2025-09-02T05:39:11+00:00","og_image":[{"width":1274,"height":796,"url":"https:\/\/happyparcel.com\/wp-content\/uploads\/2021\/08\/ad2d2c8f-2ffb-4479-83de-6b73ea76277f-e1631619414546.webp","type":"image\/webp"}],"twitter_card":"summary_large_image","twitter_misc":{"Szacowany czas czytania":"8 minut"},"schema":{"@context":"https:\/\/schema.org","@graph":[{"@type":"WebPage","@id":"https:\/\/happyparcel.com\/pl\/warunki-swiadczenia-uslug\/","url":"https:\/\/happyparcel.com\/pl\/warunki-swiadczenia-uslug\/","name":"Warunki | Us\u0142uga HappyParcel","isPartOf":{"@id":"https:\/\/happyparcel.com\/pl\/lt\/#website"},"primaryImageOfPage":{"@id":"https:\/\/happyparcel.com\/pl\/warunki-swiadczenia-uslug\/#primaryimage"},"image":{"@id":"https:\/\/happyparcel.com\/pl\/warunki-swiadczenia-uslug\/#primaryimage"},"thumbnailUrl":"https:\/\/happyparcel.com\/wp-content\/uploads\/2021\/08\/ad2d2c8f-2ffb-4479-83de-6b73ea76277f-e1631619414546.webp","datePublished":"2021-03-19T07:41:36+00:00","dateModified":"2025-09-02T05:39:11+00:00","description":"Przed zam\u00f3wieniem us\u0142ugi realizacji zam\u00f3wie\u0144 e-commerce HappyParcel zaleca si\u0119 zapoznanie z warunkami \u015bwiadczenia us\u0142ug przedstawionymi na tej stronie.","breadcrumb":{"@id":"https:\/\/happyparcel.com\/pl\/warunki-swiadczenia-uslug\/#breadcrumb"},"inLanguage":"pl-PL","potentialAction":[{"@type":"ReadAction","target":["https:\/\/happyparcel.com\/pl\/warunki-swiadczenia-uslug\/"]}]},{"@type":"ImageObject","inLanguage":"pl-PL","@id":"https:\/\/happyparcel.com\/pl\/warunki-swiadczenia-uslug\/#primaryimage","url":"https:\/\/happyparcel.com\/wp-content\/uploads\/2021\/08\/ad2d2c8f-2ffb-4479-83de-6b73ea76277f-e1631619414546.webp","contentUrl":"https:\/\/happyparcel.com\/wp-content\/uploads\/2021\/08\/ad2d2c8f-2ffb-4479-83de-6b73ea76277f-e1631619414546.webp","width":1274,"height":796,"caption":"ko\u0142a z\u0119bate ilustruj\u0105ce us\u0142ug\u0119 realizacji zam\u00f3wie\u0144"},{"@type":"BreadcrumbList","@id":"https:\/\/happyparcel.com\/pl\/warunki-swiadczenia-uslug\/#breadcrumb","itemListElement":[{"@type":"ListItem","position":1,"name":"Home","item":"https:\/\/happyparcel.com\/pl\/"},{"@type":"ListItem","position":2,"name":"Warunki \u015bwiadczenia us\u0142ug"}]},{"@type":"WebSite","@id":"https:\/\/happyparcel.com\/pl\/lt\/#website","url":"https:\/\/happyparcel.com\/pl\/lt\/","name":"HappyParcel","description":"","publisher":{"@id":"https:\/\/happyparcel.com\/pl\/lt\/#organization"},"potentialAction":[{"@type":"SearchAction","target":{"@type":"EntryPoint","urlTemplate":"https:\/\/happyparcel.com\/pl\/lt\/?s={search_term_string}"},"query-input":{"@type":"PropertyValueSpecification","valueRequired":true,"valueName":"search_term_string"}}],"inLanguage":"pl-PL"},{"@type":"Organization","@id":"https:\/\/happyparcel.com\/pl\/lt\/#organization","name":"HappyParcel","url":"https:\/\/happyparcel.com\/pl\/lt\/","logo":{"@type":"ImageObject","inLanguage":"pl-PL","@id":"https:\/\/happyparcel.com\/pl\/lt\/#\/schema\/logo\/image\/","url":"https:\/\/happyparcel.com\/wp-content\/uploads\/2021\/06\/HP_Logo_Concept.png","contentUrl":"https:\/\/happyparcel.com\/wp-content\/uploads\/2021\/06\/HP_Logo_Concept.png","width":461,"height":63,"caption":"HappyParcel"},"image":{"@id":"https:\/\/happyparcel.com\/pl\/lt\/#\/schema\/logo\/image\/"}}]}},"_links":{"self":[{"href":"https:\/\/happyparcel.com\/pl\/wp-json\/wp\/v2\/pages\/10028","targetHints":{"allow":["GET"]}}],"collection":[{"href":"https:\/\/happyparcel.com\/pl\/wp-json\/wp\/v2\/pages"}],"about":[{"href":"https:\/\/happyparcel.com\/pl\/wp-json\/wp\/v2\/types\/page"}],"author":[{"embeddable":true,"href":"https:\/\/happyparcel.com\/pl\/wp-json\/wp\/v2\/users\/9"}],"replies":[{"embeddable":true,"href":"https:\/\/happyparcel.com\/pl\/wp-json\/wp\/v2\/comments?post=10028"}],"version-history":[{"count":3,"href":"https:\/\/happyparcel.com\/pl\/wp-json\/wp\/v2\/pages\/10028\/revisions"}],"predecessor-version":[{"id":10619,"href":"https:\/\/happyparcel.com\/pl\/wp-json\/wp\/v2\/pages\/10028\/revisions\/10619"}],"wp:featuredmedia":[{"embeddable":true,"href":"https:\/\/happyparcel.com\/pl\/wp-json\/wp\/v2\/media\/10029"}],"wp:attachment":[{"href":"https:\/\/happyparcel.com\/pl\/wp-json\/wp\/v2\/media?parent=10028"}],"curies":[{"name":"wp","href":"https:\/\/api.w.org\/{rel}","templated":true}]}}