{"id":10015,"date":"2019-05-08T09:28:54","date_gmt":"2019-05-08T06:28:54","guid":{"rendered":"https:\/\/happyparcel.com\/faq\/"},"modified":"2025-09-12T22:54:12","modified_gmt":"2025-09-12T19:54:12","slug":"faq","status":"publish","type":"page","link":"https:\/\/happyparcel.com\/pl\/faq\/","title":{"rendered":"FAQ"},"content":{"rendered":"","protected":false},"excerpt":{"rendered":"\n Cz\u0119stym problemem, kt\u00f3ry mo\u017ce wyst\u0105pi\u0107 u u\u017cytkownik\u00f3w nowych w instalowaniu motyw\u00f3w WordPress, jest komunikat o b\u0142\u0119dzie \u201eUszkodzony motyw i\/lub brakuj\u0105ce arkusze styl\u00f3w\u201d \n wy\u015bwietlany podczas pr\u00f3by przes\u0142ania lub aktywacji motywu. ","protected":false},"author":9,"featured_media":10016,"parent":0,"menu_order":0,"comment_status":"closed","ping_status":"closed","template":"faqs-page.php","meta":{"_acf_changed":false,"footnotes":""},"class_list":["post-10015","page","type-page","status-publish","has-post-thumbnail","hentry"],"acf":[],"yoast_head":"<!-- This site is optimized with the Yoast SEO plugin v26.1.1 - https:\/\/yoast.com\/wordpress\/plugins\/seo\/ -->\n<title>FAQ: Realizacja e-commerce | HappyParcel<\/title>\n<meta name=\"description\" content=\"Pytania o realizacj\u0119 e-commerce? Odpowiedzi znajdziesz w FAQ.\" \/>\n<meta name=\"robots\" content=\"index, follow, max-snippet:-1, max-image-preview:large, max-video-preview:-1\" \/>\n<link rel=\"canonical\" href=\"https:\/\/happyparcel.com\/pl\/faq\/\" \/>\n<meta property=\"og:locale\" content=\"pl_PL\" \/>\n<meta property=\"og:type\" content=\"article\" \/>\n<meta property=\"og:title\" content=\"FAQ: Realizacja e-commerce | HappyParcel\" \/>\n<meta property=\"og:description\" content=\"Pytania o realizacj\u0119 e-commerce? Odpowiedzi znajdziesz w FAQ.\" \/>\n<meta property=\"og:url\" content=\"https:\/\/happyparcel.com\/pl\/faq\/\" \/>\n<meta property=\"og:site_name\" content=\"HappyParcel\" \/>\n<meta property=\"article:modified_time\" content=\"2025-09-12T19:54:12+00:00\" \/>\n<meta name=\"twitter:card\" content=\"summary_large_image\" \/>\n<meta name=\"twitter:label1\" content=\"Szacowany czas czytania\" \/>\n\t<meta name=\"twitter:data1\" content=\"1 minuta\" \/>\n<script type=\"application\/ld+json\" class=\"yoast-schema-graph\">{\"@context\":\"https:\/\/schema.org\",\"@graph\":[{\"@type\":\"WebPage\",\"@id\":\"https:\/\/happyparcel.com\/pl\/faq\/\",\"url\":\"https:\/\/happyparcel.com\/pl\/faq\/\",\"name\":\"FAQ: Realizacja e-commerce | HappyParcel\",\"isPartOf\":{\"@id\":\"https:\/\/happyparcel.com\/pl\/lt\/#website\"},\"primaryImageOfPage\":{\"@id\":\"https:\/\/happyparcel.com\/pl\/faq\/#primaryimage\"},\"image\":{\"@id\":\"https:\/\/happyparcel.com\/pl\/faq\/#primaryimage\"},\"thumbnailUrl\":\"https:\/\/happyparcel.com\/wp-content\/uploads\/2021\/01\/illiustration-4.svg\",\"datePublished\":\"2019-05-08T06:28:54+00:00\",\"dateModified\":\"2025-09-12T19:54:12+00:00\",\"description\":\"Pytania o realizacj\u0119 e-commerce? Odpowiedzi znajdziesz w FAQ.\",\"breadcrumb\":{\"@id\":\"https:\/\/happyparcel.com\/pl\/faq\/#breadcrumb\"},\"inLanguage\":\"pl-PL\",\"potentialAction\":[{\"@type\":\"ReadAction\",\"target\":[\"https:\/\/happyparcel.com\/pl\/faq\/\"]}]},{\"@type\":\"ImageObject\",\"inLanguage\":\"pl-PL\",\"@id\":\"https:\/\/happyparcel.com\/pl\/faq\/#primaryimage\",\"url\":\"https:\/\/happyparcel.com\/wp-content\/uploads\/2021\/01\/illiustration-4.svg\",\"contentUrl\":\"https:\/\/happyparcel.com\/wp-content\/uploads\/2021\/01\/illiustration-4.svg\",\"width\":474,\"height\":406,\"caption\":\"osoba szukaj\u0105ca odpowiedzi na pytania dotycz\u0105ce realizacji zam\u00f3wie\u0144 e-commerce\"},{\"@type\":\"BreadcrumbList\",\"@id\":\"https:\/\/happyparcel.com\/pl\/faq\/#breadcrumb\",\"itemListElement\":[{\"@type\":\"ListItem\",\"position\":1,\"name\":\"Home\",\"item\":\"https:\/\/happyparcel.com\/pl\/\"},{\"@type\":\"ListItem\",\"position\":2,\"name\":\"FAQ\"}]},{\"@type\":\"WebSite\",\"@id\":\"https:\/\/happyparcel.com\/pl\/lt\/#website\",\"url\":\"https:\/\/happyparcel.com\/pl\/lt\/\",\"name\":\"HappyParcel\",\"description\":\"\",\"publisher\":{\"@id\":\"https:\/\/happyparcel.com\/pl\/lt\/#organization\"},\"potentialAction\":[{\"@type\":\"SearchAction\",\"target\":{\"@type\":\"EntryPoint\",\"urlTemplate\":\"https:\/\/happyparcel.com\/pl\/lt\/?s={search_term_string}\"},\"query-input\":{\"@type\":\"PropertyValueSpecification\",\"valueRequired\":true,\"valueName\":\"search_term_string\"}}],\"inLanguage\":\"pl-PL\"},{\"@type\":\"Organization\",\"@id\":\"https:\/\/happyparcel.com\/pl\/lt\/#organization\",\"name\":\"HappyParcel\",\"url\":\"https:\/\/happyparcel.com\/pl\/lt\/\",\"logo\":{\"@type\":\"ImageObject\",\"inLanguage\":\"pl-PL\",\"@id\":\"https:\/\/happyparcel.com\/pl\/lt\/#\/schema\/logo\/image\/\",\"url\":\"https:\/\/happyparcel.com\/wp-content\/uploads\/2021\/06\/HP_Logo_Concept.png\",\"contentUrl\":\"https:\/\/happyparcel.com\/wp-content\/uploads\/2021\/06\/HP_Logo_Concept.png\",\"width\":461,\"height\":63,\"caption\":\"HappyParcel\"},\"image\":{\"@id\":\"https:\/\/happyparcel.com\/pl\/lt\/#\/schema\/logo\/image\/\"}}]}<\/script>\n<!-- \/ Yoast SEO plugin. -->","yoast_head_json":{"title":"FAQ: Realizacja e-commerce | HappyParcel","description":"Pytania o realizacj\u0119 e-commerce? Odpowiedzi znajdziesz w FAQ.","robots":{"index":"index","follow":"follow","max-snippet":"max-snippet:-1","max-image-preview":"max-image-preview:large","max-video-preview":"max-video-preview:-1"},"canonical":"https:\/\/happyparcel.com\/pl\/faq\/","og_locale":"pl_PL","og_type":"article","og_title":"FAQ: Realizacja e-commerce | HappyParcel","og_description":"Pytania o realizacj\u0119 e-commerce? Odpowiedzi znajdziesz w FAQ.","og_url":"https:\/\/happyparcel.com\/pl\/faq\/","og_site_name":"HappyParcel","article_modified_time":"2025-09-12T19:54:12+00:00","twitter_card":"summary_large_image","twitter_misc":{"Szacowany czas czytania":"1 minuta"},"schema":{"@context":"https:\/\/schema.org","@graph":[{"@type":"WebPage","@id":"https:\/\/happyparcel.com\/pl\/faq\/","url":"https:\/\/happyparcel.com\/pl\/faq\/","name":"FAQ: Realizacja e-commerce | HappyParcel","isPartOf":{"@id":"https:\/\/happyparcel.com\/pl\/lt\/#website"},"primaryImageOfPage":{"@id":"https:\/\/happyparcel.com\/pl\/faq\/#primaryimage"},"image":{"@id":"https:\/\/happyparcel.com\/pl\/faq\/#primaryimage"},"thumbnailUrl":"https:\/\/happyparcel.com\/wp-content\/uploads\/2021\/01\/illiustration-4.svg","datePublished":"2019-05-08T06:28:54+00:00","dateModified":"2025-09-12T19:54:12+00:00","description":"Pytania o realizacj\u0119 e-commerce? Odpowiedzi znajdziesz w FAQ.","breadcrumb":{"@id":"https:\/\/happyparcel.com\/pl\/faq\/#breadcrumb"},"inLanguage":"pl-PL","potentialAction":[{"@type":"ReadAction","target":["https:\/\/happyparcel.com\/pl\/faq\/"]}]},{"@type":"ImageObject","inLanguage":"pl-PL","@id":"https:\/\/happyparcel.com\/pl\/faq\/#primaryimage","url":"https:\/\/happyparcel.com\/wp-content\/uploads\/2021\/01\/illiustration-4.svg","contentUrl":"https:\/\/happyparcel.com\/wp-content\/uploads\/2021\/01\/illiustration-4.svg","width":474,"height":406,"caption":"osoba szukaj\u0105ca odpowiedzi na pytania dotycz\u0105ce realizacji zam\u00f3wie\u0144 e-commerce"},{"@type":"BreadcrumbList","@id":"https:\/\/happyparcel.com\/pl\/faq\/#breadcrumb","itemListElement":[{"@type":"ListItem","position":1,"name":"Home","item":"https:\/\/happyparcel.com\/pl\/"},{"@type":"ListItem","position":2,"name":"FAQ"}]},{"@type":"WebSite","@id":"https:\/\/happyparcel.com\/pl\/lt\/#website","url":"https:\/\/happyparcel.com\/pl\/lt\/","name":"HappyParcel","description":"","publisher":{"@id":"https:\/\/happyparcel.com\/pl\/lt\/#organization"},"potentialAction":[{"@type":"SearchAction","target":{"@type":"EntryPoint","urlTemplate":"https:\/\/happyparcel.com\/pl\/lt\/?s={search_term_string}"},"query-input":{"@type":"PropertyValueSpecification","valueRequired":true,"valueName":"search_term_string"}}],"inLanguage":"pl-PL"},{"@type":"Organization","@id":"https:\/\/happyparcel.com\/pl\/lt\/#organization","name":"HappyParcel","url":"https:\/\/happyparcel.com\/pl\/lt\/","logo":{"@type":"ImageObject","inLanguage":"pl-PL","@id":"https:\/\/happyparcel.com\/pl\/lt\/#\/schema\/logo\/image\/","url":"https:\/\/happyparcel.com\/wp-content\/uploads\/2021\/06\/HP_Logo_Concept.png","contentUrl":"https:\/\/happyparcel.com\/wp-content\/uploads\/2021\/06\/HP_Logo_Concept.png","width":461,"height":63,"caption":"HappyParcel"},"image":{"@id":"https:\/\/happyparcel.com\/pl\/lt\/#\/schema\/logo\/image\/"}}]}},"_links":{"self":[{"href":"https:\/\/happyparcel.com\/pl\/wp-json\/wp\/v2\/pages\/10015","targetHints":{"allow":["GET"]}}],"collection":[{"href":"https:\/\/happyparcel.com\/pl\/wp-json\/wp\/v2\/pages"}],"about":[{"href":"https:\/\/happyparcel.com\/pl\/wp-json\/wp\/v2\/types\/page"}],"author":[{"embeddable":true,"href":"https:\/\/happyparcel.com\/pl\/wp-json\/wp\/v2\/users\/9"}],"replies":[{"embeddable":true,"href":"https:\/\/happyparcel.com\/pl\/wp-json\/wp\/v2\/comments?post=10015"}],"version-history":[{"count":4,"href":"https:\/\/happyparcel.com\/pl\/wp-json\/wp\/v2\/pages\/10015\/revisions"}],"predecessor-version":[{"id":10613,"href":"https:\/\/happyparcel.com\/pl\/wp-json\/wp\/v2\/pages\/10015\/revisions\/10613"}],"wp:featuredmedia":[{"embeddable":true,"href":"https:\/\/happyparcel.com\/pl\/wp-json\/wp\/v2\/media\/10016"}],"wp:attachment":[{"href":"https:\/\/happyparcel.com\/pl\/wp-json\/wp\/v2\/media?parent=10015"}],"curies":[{"name":"wp","href":"https:\/\/api.w.org\/{rel}","templated":true}]}}