{"id":9953,"date":"2019-02-14T06:48:27","date_gmt":"2019-02-14T04:48:27","guid":{"rendered":"https:\/\/happyparcel.com\/inicio\/"},"modified":"2025-12-11T08:55:34","modified_gmt":"2025-12-11T06:55:34","slug":"inicio","status":"publish","type":"page","link":"https:\/\/happyparcel.com\/es\/","title":{"rendered":"Inicio"},"content":{"rendered":"","protected":false},"excerpt":{"rendered":"","protected":false},"author":9,"featured_media":9973,"parent":0,"menu_order":0,"comment_status":"closed","ping_status":"closed","template":"template-new-front-page.php","meta":{"_acf_changed":false,"footnotes":""},"class_list":["post-9953","page","type-page","status-publish","has-post-thumbnail","hentry"],"acf":[],"yoast_head":"<!-- This site is optimized with the Yoast SEO plugin v26.1.1 - https:\/\/yoast.com\/wordpress\/plugins\/seo\/ -->\n<title>Happy Parcel: enviando alegr\u00eda a trav\u00e9s del oc\u00e9ano<\/title>\n<meta name=\"description\" content=\"\u00bfNecesita un centro de servicios de fulfillment fiable? \u00a1Deje la recepci\u00f3n, el embalaje y el env\u00edo de sus pedidos a HappyParcel! Haremos que todo sea m\u00e1s f\u00e1cil para su negocio.\" \/>\n<meta name=\"robots\" content=\"index, follow, max-snippet:-1, max-image-preview:large, max-video-preview:-1\" \/>\n<link rel=\"canonical\" href=\"https:\/\/happyparcel.com\/es\/\" \/>\n<meta property=\"og:locale\" content=\"es_ES\" \/>\n<meta property=\"og:type\" content=\"article\" \/>\n<meta property=\"og:title\" content=\"HappyParcel \u2013 Env\u00edo internacional de paquetes r\u00e1pido y econ\u00f3mico\" \/>\n<meta property=\"og:description\" content=\"\u00bfNecesita un centro de servicios de fulfillment fiable? \u00a1Deje la recepci\u00f3n, el embalaje y el env\u00edo de sus pedidos a HappyParcel! Haremos que todo sea m\u00e1s f\u00e1cil para su negocio.\" \/>\n<meta property=\"og:url\" content=\"https:\/\/happyparcel.com\/es\/\" \/>\n<meta property=\"og:site_name\" content=\"HappyParcel\" \/>\n<meta property=\"article:modified_time\" content=\"2025-12-11T06:55:34+00:00\" \/>\n<meta property=\"og:image\" content=\"https:\/\/happyparcel.com\/wp-content\/uploads\/2022\/02\/HappyParcel-Logo.png\" \/>\n<meta name=\"twitter:card\" content=\"summary_large_image\" \/>\n<meta name=\"twitter:title\" content=\"Servicio de fulfillment en EE. UU. y Europa | HappyParcel\" \/>\n<meta name=\"twitter:image\" content=\"https:\/\/happyparcel.com\/wp-content\/uploads\/2022\/02\/HappyParcel-Logo.png\" \/>\n<meta name=\"twitter:label1\" content=\"Tiempo de lectura\" \/>\n\t<meta name=\"twitter:data1\" content=\"1 minuto\" \/>\n<script type=\"application\/ld+json\" class=\"yoast-schema-graph\">{\"@context\":\"https:\/\/schema.org\",\"@graph\":[{\"@type\":\"WebPage\",\"@id\":\"https:\/\/happyparcel.com\/es\/\",\"url\":\"https:\/\/happyparcel.com\/es\/\",\"name\":\"Happy Parcel: enviando alegr\u00eda a trav\u00e9s del oc\u00e9ano\",\"isPartOf\":{\"@id\":\"https:\/\/happyparcel.com\/es\/lt\/#website\"},\"primaryImageOfPage\":{\"@id\":\"https:\/\/happyparcel.com\/es\/#primaryimage\"},\"image\":{\"@id\":\"https:\/\/happyparcel.com\/es\/#primaryimage\"},\"thumbnailUrl\":\"https:\/\/happyparcel.com\/wp-content\/uploads\/2020\/12\/warehouse_img-2.svg\",\"datePublished\":\"2019-02-14T04:48:27+00:00\",\"dateModified\":\"2025-12-11T06:55:34+00:00\",\"description\":\"\u00bfNecesita un centro de servicios de fulfillment fiable? \u00a1Deje la recepci\u00f3n, el embalaje y el env\u00edo de sus pedidos a HappyParcel! Haremos que todo sea m\u00e1s f\u00e1cil para su negocio.\",\"breadcrumb\":{\"@id\":\"https:\/\/happyparcel.com\/es\/#breadcrumb\"},\"inLanguage\":\"es\",\"potentialAction\":[{\"@type\":\"ReadAction\",\"target\":[\"https:\/\/happyparcel.com\/es\/\"]}]},{\"@type\":\"ImageObject\",\"inLanguage\":\"es\",\"@id\":\"https:\/\/happyparcel.com\/es\/#primaryimage\",\"url\":\"https:\/\/happyparcel.com\/wp-content\/uploads\/2020\/12\/warehouse_img-2.svg\",\"contentUrl\":\"https:\/\/happyparcel.com\/wp-content\/uploads\/2020\/12\/warehouse_img-2.svg\",\"width\":489,\"height\":333,\"caption\":\"Almac\u00e9n de fulfillment para ecommerce\"},{\"@type\":\"BreadcrumbList\",\"@id\":\"https:\/\/happyparcel.com\/es\/#breadcrumb\",\"itemListElement\":[{\"@type\":\"ListItem\",\"position\":1,\"name\":\"Home\",\"item\":\"https:\/\/happyparcel.com\/es\/\"},{\"@type\":\"ListItem\",\"position\":2,\"name\":\"Inicio\"}]},{\"@type\":\"WebSite\",\"@id\":\"https:\/\/happyparcel.com\/es\/lt\/#website\",\"url\":\"https:\/\/happyparcel.com\/es\/lt\/\",\"name\":\"HappyParcel\",\"description\":\"\",\"publisher\":{\"@id\":\"https:\/\/happyparcel.com\/es\/lt\/#organization\"},\"potentialAction\":[{\"@type\":\"SearchAction\",\"target\":{\"@type\":\"EntryPoint\",\"urlTemplate\":\"https:\/\/happyparcel.com\/es\/lt\/?s={search_term_string}\"},\"query-input\":{\"@type\":\"PropertyValueSpecification\",\"valueRequired\":true,\"valueName\":\"search_term_string\"}}],\"inLanguage\":\"es\"},{\"@type\":\"Organization\",\"@id\":\"https:\/\/happyparcel.com\/es\/lt\/#organization\",\"name\":\"HappyParcel\",\"url\":\"https:\/\/happyparcel.com\/es\/lt\/\",\"logo\":{\"@type\":\"ImageObject\",\"inLanguage\":\"es\",\"@id\":\"https:\/\/happyparcel.com\/es\/lt\/#\/schema\/logo\/image\/\",\"url\":\"https:\/\/happyparcel.com\/wp-content\/uploads\/2021\/06\/HP_Logo_Concept.png\",\"contentUrl\":\"https:\/\/happyparcel.com\/wp-content\/uploads\/2021\/06\/HP_Logo_Concept.png\",\"width\":461,\"height\":63,\"caption\":\"HappyParcel\"},\"image\":{\"@id\":\"https:\/\/happyparcel.com\/es\/lt\/#\/schema\/logo\/image\/\"}}]}<\/script>\n<!-- \/ Yoast SEO plugin. -->","yoast_head_json":{"title":"Happy Parcel: enviando alegr\u00eda a trav\u00e9s del oc\u00e9ano","description":"\u00bfNecesita un centro de servicios de fulfillment fiable? \u00a1Deje la recepci\u00f3n, el embalaje y el env\u00edo de sus pedidos a HappyParcel! Haremos que todo sea m\u00e1s f\u00e1cil para su negocio.","robots":{"index":"index","follow":"follow","max-snippet":"max-snippet:-1","max-image-preview":"max-image-preview:large","max-video-preview":"max-video-preview:-1"},"canonical":"https:\/\/happyparcel.com\/es\/","og_locale":"es_ES","og_type":"article","og_title":"HappyParcel \u2013 Env\u00edo internacional de paquetes r\u00e1pido y econ\u00f3mico","og_description":"\u00bfNecesita un centro de servicios de fulfillment fiable? \u00a1Deje la recepci\u00f3n, el embalaje y el env\u00edo de sus pedidos a HappyParcel! Haremos que todo sea m\u00e1s f\u00e1cil para su negocio.","og_url":"https:\/\/happyparcel.com\/es\/","og_site_name":"HappyParcel","article_modified_time":"2025-12-11T06:55:34+00:00","og_image":[{"url":"https:\/\/happyparcel.com\/wp-content\/uploads\/2022\/02\/HappyParcel-Logo.png","type":"","width":"","height":""}],"twitter_card":"summary_large_image","twitter_title":"Servicio de fulfillment en EE. UU. y Europa | HappyParcel","twitter_image":"https:\/\/happyparcel.com\/wp-content\/uploads\/2022\/02\/HappyParcel-Logo.png","twitter_misc":{"Tiempo de lectura":"1 minuto"},"schema":{"@context":"https:\/\/schema.org","@graph":[{"@type":"WebPage","@id":"https:\/\/happyparcel.com\/es\/","url":"https:\/\/happyparcel.com\/es\/","name":"Happy Parcel: enviando alegr\u00eda a trav\u00e9s del oc\u00e9ano","isPartOf":{"@id":"https:\/\/happyparcel.com\/es\/lt\/#website"},"primaryImageOfPage":{"@id":"https:\/\/happyparcel.com\/es\/#primaryimage"},"image":{"@id":"https:\/\/happyparcel.com\/es\/#primaryimage"},"thumbnailUrl":"https:\/\/happyparcel.com\/wp-content\/uploads\/2020\/12\/warehouse_img-2.svg","datePublished":"2019-02-14T04:48:27+00:00","dateModified":"2025-12-11T06:55:34+00:00","description":"\u00bfNecesita un centro de servicios de fulfillment fiable? \u00a1Deje la recepci\u00f3n, el embalaje y el env\u00edo de sus pedidos a HappyParcel! Haremos que todo sea m\u00e1s f\u00e1cil para su negocio.","breadcrumb":{"@id":"https:\/\/happyparcel.com\/es\/#breadcrumb"},"inLanguage":"es","potentialAction":[{"@type":"ReadAction","target":["https:\/\/happyparcel.com\/es\/"]}]},{"@type":"ImageObject","inLanguage":"es","@id":"https:\/\/happyparcel.com\/es\/#primaryimage","url":"https:\/\/happyparcel.com\/wp-content\/uploads\/2020\/12\/warehouse_img-2.svg","contentUrl":"https:\/\/happyparcel.com\/wp-content\/uploads\/2020\/12\/warehouse_img-2.svg","width":489,"height":333,"caption":"Almac\u00e9n de fulfillment para ecommerce"},{"@type":"BreadcrumbList","@id":"https:\/\/happyparcel.com\/es\/#breadcrumb","itemListElement":[{"@type":"ListItem","position":1,"name":"Home","item":"https:\/\/happyparcel.com\/es\/"},{"@type":"ListItem","position":2,"name":"Inicio"}]},{"@type":"WebSite","@id":"https:\/\/happyparcel.com\/es\/lt\/#website","url":"https:\/\/happyparcel.com\/es\/lt\/","name":"HappyParcel","description":"","publisher":{"@id":"https:\/\/happyparcel.com\/es\/lt\/#organization"},"potentialAction":[{"@type":"SearchAction","target":{"@type":"EntryPoint","urlTemplate":"https:\/\/happyparcel.com\/es\/lt\/?s={search_term_string}"},"query-input":{"@type":"PropertyValueSpecification","valueRequired":true,"valueName":"search_term_string"}}],"inLanguage":"es"},{"@type":"Organization","@id":"https:\/\/happyparcel.com\/es\/lt\/#organization","name":"HappyParcel","url":"https:\/\/happyparcel.com\/es\/lt\/","logo":{"@type":"ImageObject","inLanguage":"es","@id":"https:\/\/happyparcel.com\/es\/lt\/#\/schema\/logo\/image\/","url":"https:\/\/happyparcel.com\/wp-content\/uploads\/2021\/06\/HP_Logo_Concept.png","contentUrl":"https:\/\/happyparcel.com\/wp-content\/uploads\/2021\/06\/HP_Logo_Concept.png","width":461,"height":63,"caption":"HappyParcel"},"image":{"@id":"https:\/\/happyparcel.com\/es\/lt\/#\/schema\/logo\/image\/"}}]}},"_links":{"self":[{"href":"https:\/\/happyparcel.com\/es\/wp-json\/wp\/v2\/pages\/9953","targetHints":{"allow":["GET"]}}],"collection":[{"href":"https:\/\/happyparcel.com\/es\/wp-json\/wp\/v2\/pages"}],"about":[{"href":"https:\/\/happyparcel.com\/es\/wp-json\/wp\/v2\/types\/page"}],"author":[{"embeddable":true,"href":"https:\/\/happyparcel.com\/es\/wp-json\/wp\/v2\/users\/9"}],"replies":[{"embeddable":true,"href":"https:\/\/happyparcel.com\/es\/wp-json\/wp\/v2\/comments?post=9953"}],"version-history":[{"count":1,"href":"https:\/\/happyparcel.com\/es\/wp-json\/wp\/v2\/pages\/9953\/revisions"}],"predecessor-version":[{"id":10818,"href":"https:\/\/happyparcel.com\/es\/wp-json\/wp\/v2\/pages\/9953\/revisions\/10818"}],"wp:featuredmedia":[{"embeddable":true,"href":"https:\/\/happyparcel.com\/es\/wp-json\/wp\/v2\/media\/9973"}],"wp:attachment":[{"href":"https:\/\/happyparcel.com\/es\/wp-json\/wp\/v2\/media?parent=9953"}],"curies":[{"name":"wp","href":"https:\/\/api.w.org\/{rel}","templated":true}]}}