{"id":9869,"date":"2019-04-09T11:24:42","date_gmt":"2019-04-09T08:24:42","guid":{"rendered":"https:\/\/happyparcel.com\/sobre-nosotros\/"},"modified":"2025-10-20T08:24:23","modified_gmt":"2025-10-20T05:24:23","slug":"sobre-nosotros","status":"publish","type":"page","link":"https:\/\/happyparcel.com\/es\/sobre-nosotros\/","title":{"rendered":"Nosotros"},"content":{"rendered":"\n<p><\/p>\n\n<p><\/p>\n\n<p><\/p>\n\n<h1 class=\"wp-block-heading\">Nosotros<\/h1>\n<section>\n<h2 data-wow-delay=\"0.3s\"> <\/h2>\n<h4 data-wow-delay=\"0.3s\">Donde el env\u00edo se une a la simplicidad y la fiabilidad<\/h4>\n<p class=\"p1\">Bienvenido a <strong>Happy Parcel<\/strong>, donde m\u00e1s que una simple entrega de paquetes, entregamos tranquilidad. Ya sea que realices env\u00edos a Europa, Am\u00e9rica del Sur o cualquier otro lugar, te brindamos una experiencia fluida, asequible y sin estr\u00e9s, dise\u00f1ada solo para t\u00ed. Con nuestro compromiso, la confianza, la eficiencia y la innovaci\u00f3n, <strong>Happy Parcel<\/strong> es tu socio de env\u00edo internacional desde los EE. UU. al mundo.  <\/p>\n<h5> <\/h5>\n<h4>Nuestra misi\u00f3n<\/h4>\n<\/section>\n<section>\n<p class=\"p1\">En <strong>Happy Parcel<\/strong>, nuestro objetivo es simple: hacer que el env\u00edo no requiera esfuerzo. Creemos que cada paquete cuenta una historia y nos dedicamos a garantizar que llegue a su destino de forma segura, r\u00e1pida y al mejor precio posible. El env\u00edo no se trata solo de mover una caja, se trata de conectar personas, empresas y comunidades. Es por eso que nos centramos en la fiabilidad, la transparencia y una experiencia del cliente inigualable.   <\/p>\n<h5> <\/h5>\n<h4>\u00bfPor qu\u00e9 elegir Happy Parcel?<\/h4>\n<p>\u2714 <strong>\u00a1Precios transparentes, sin tarifas ocultas!<\/strong> Sabe lo que est\u00e1s pagando por adelantado: sin cargos inesperados, solo las mejores tarifas para tus necesidades de env\u00edo.<\/p>\n<p>\u2714 <span class=\"s1\"><b>\u00a1Plataforma de env\u00edo f\u00e1cil de usar!<\/b><\/span> Compara tarifas, elije el mejor servicio y gestiona tus env\u00edos con solo unos clics.<\/p>\n<p>\u2714 <span class=\"s1\"><b>\u00a1Seguimiento en tiempo real para una visibilidad total!<\/b><\/span> Monitorea tu paquete en cada paso del camino con nuestro avanzado sistema de rastreo, para que siempre sepas d\u00f3nde est\u00e1 y cu\u00e1ndo llegar\u00e1.<\/p>\n<p>&nbsp;<\/p>\n<p style=\"text-align: center;\">Env\u00eda con confianza. Env\u00eda con Happy Parcel. <\/p>\n<\/section>\n<h4 style=\"text-align: center;\"><strong>\u00a1Prueba Happy Parcel hoy mismo<\/strong><\/h4>\n<p class=\"p1\" style=\"text-align: center;\">Env\u00eda tu primer paquete y experimenta un servicio de primer nivel que te mantiene en control.<\/p>\n\n<div class=\"wp-block-buttons is-content-justification-center is-layout-flex wp-container-core-buttons-is-layout-16018d1d wp-block-buttons-is-layout-flex\">\n<div class=\"wp-block-button is-style-fill\"><a class=\"wp-block-button__link has-white-color has-text-color has-background wp-element-button\" href=\"https:\/\/client.happyparcel.com\/en\/packages\/step1\" style=\"background-color:#6246ea\">\u00a1Env\u00eda ahora!<\/a><\/div>\n<\/div>\n\n<p><\/p>\n","protected":false},"excerpt":{"rendered":"Por qu\u00e9 digo, viejo, que est\u00e1 de co\u00f1a, como una cuba, hecho polvo\nJeffrey, chapuza, barney, algo turbio.!! ","protected":false},"author":9,"featured_media":9871,"parent":0,"menu_order":0,"comment_status":"closed","ping_status":"closed","template":"","meta":{"_acf_changed":false,"footnotes":""},"class_list":["post-9869","page","type-page","status-publish","has-post-thumbnail","hentry"],"acf":[],"yoast_head":"<!-- This site is optimized with the Yoast SEO plugin v26.1.1 - https:\/\/yoast.com\/wordpress\/plugins\/seo\/ -->\n<title>Qui\u00e9nes somos | Log\u00edstica e-commerce USA | HappyParcel<\/title>\n<meta name=\"description\" content=\"HappyParcel simplifica la gesti\u00f3n de pedidos para tu negocio. Log\u00edstica e-commerce en USA.\" \/>\n<meta name=\"robots\" content=\"index, follow, max-snippet:-1, max-image-preview:large, max-video-preview:-1\" \/>\n<link rel=\"canonical\" href=\"https:\/\/happyparcel.com\/es\/sobre-nosotros\/\" \/>\n<meta property=\"og:locale\" content=\"es_ES\" \/>\n<meta property=\"og:type\" content=\"article\" \/>\n<meta property=\"og:title\" content=\"Qui\u00e9nes somos | Log\u00edstica e-commerce USA | HappyParcel\" \/>\n<meta property=\"og:description\" content=\"HappyParcel simplifica la gesti\u00f3n de pedidos para tu negocio. Log\u00edstica e-commerce en USA.\" \/>\n<meta property=\"og:url\" content=\"https:\/\/happyparcel.com\/es\/sobre-nosotros\/\" \/>\n<meta property=\"og:site_name\" content=\"HappyParcel\" \/>\n<meta property=\"article:modified_time\" content=\"2025-10-20T05:24:23+00:00\" \/>\n<meta name=\"twitter:card\" content=\"summary_large_image\" \/>\n<meta name=\"twitter:label1\" content=\"Tiempo de lectura\" \/>\n\t<meta name=\"twitter:data1\" content=\"2 minutos\" \/>\n<script type=\"application\/ld+json\" class=\"yoast-schema-graph\">{\"@context\":\"https:\/\/schema.org\",\"@graph\":[{\"@type\":\"WebPage\",\"@id\":\"https:\/\/happyparcel.com\/es\/sobre-nosotros\/\",\"url\":\"https:\/\/happyparcel.com\/es\/sobre-nosotros\/\",\"name\":\"Qui\u00e9nes somos | Log\u00edstica e-commerce USA | HappyParcel\",\"isPartOf\":{\"@id\":\"https:\/\/happyparcel.com\/es\/lt\/#website\"},\"primaryImageOfPage\":{\"@id\":\"https:\/\/happyparcel.com\/es\/sobre-nosotros\/#primaryimage\"},\"image\":{\"@id\":\"https:\/\/happyparcel.com\/es\/sobre-nosotros\/#primaryimage\"},\"thumbnailUrl\":\"https:\/\/happyparcel.com\/wp-content\/uploads\/2020\/12\/illiustration-1.svg\",\"datePublished\":\"2019-04-09T08:24:42+00:00\",\"dateModified\":\"2025-10-20T05:24:23+00:00\",\"description\":\"HappyParcel simplifica la gesti\u00f3n de pedidos para tu negocio. Log\u00edstica e-commerce en USA.\",\"breadcrumb\":{\"@id\":\"https:\/\/happyparcel.com\/es\/sobre-nosotros\/#breadcrumb\"},\"inLanguage\":\"es\",\"potentialAction\":[{\"@type\":\"ReadAction\",\"target\":[\"https:\/\/happyparcel.com\/es\/sobre-nosotros\/\"]}]},{\"@type\":\"ImageObject\",\"inLanguage\":\"es\",\"@id\":\"https:\/\/happyparcel.com\/es\/sobre-nosotros\/#primaryimage\",\"url\":\"https:\/\/happyparcel.com\/wp-content\/uploads\/2020\/12\/illiustration-1.svg\",\"contentUrl\":\"https:\/\/happyparcel.com\/wp-content\/uploads\/2020\/12\/illiustration-1.svg\",\"width\":649,\"height\":375,\"caption\":\"Personal clasificando paquetes en el almac\u00e9n de log\u00edstica\"},{\"@type\":\"BreadcrumbList\",\"@id\":\"https:\/\/happyparcel.com\/es\/sobre-nosotros\/#breadcrumb\",\"itemListElement\":[{\"@type\":\"ListItem\",\"position\":1,\"name\":\"Home\",\"item\":\"https:\/\/happyparcel.com\/es\/\"},{\"@type\":\"ListItem\",\"position\":2,\"name\":\"Nosotros\"}]},{\"@type\":\"WebSite\",\"@id\":\"https:\/\/happyparcel.com\/es\/lt\/#website\",\"url\":\"https:\/\/happyparcel.com\/es\/lt\/\",\"name\":\"HappyParcel\",\"description\":\"\",\"publisher\":{\"@id\":\"https:\/\/happyparcel.com\/es\/lt\/#organization\"},\"potentialAction\":[{\"@type\":\"SearchAction\",\"target\":{\"@type\":\"EntryPoint\",\"urlTemplate\":\"https:\/\/happyparcel.com\/es\/lt\/?s={search_term_string}\"},\"query-input\":{\"@type\":\"PropertyValueSpecification\",\"valueRequired\":true,\"valueName\":\"search_term_string\"}}],\"inLanguage\":\"es\"},{\"@type\":\"Organization\",\"@id\":\"https:\/\/happyparcel.com\/es\/lt\/#organization\",\"name\":\"HappyParcel\",\"url\":\"https:\/\/happyparcel.com\/es\/lt\/\",\"logo\":{\"@type\":\"ImageObject\",\"inLanguage\":\"es\",\"@id\":\"https:\/\/happyparcel.com\/es\/lt\/#\/schema\/logo\/image\/\",\"url\":\"https:\/\/happyparcel.com\/wp-content\/uploads\/2021\/06\/HP_Logo_Concept.png\",\"contentUrl\":\"https:\/\/happyparcel.com\/wp-content\/uploads\/2021\/06\/HP_Logo_Concept.png\",\"width\":461,\"height\":63,\"caption\":\"HappyParcel\"},\"image\":{\"@id\":\"https:\/\/happyparcel.com\/es\/lt\/#\/schema\/logo\/image\/\"}}]}<\/script>\n<!-- \/ Yoast SEO plugin. -->","yoast_head_json":{"title":"Qui\u00e9nes somos | Log\u00edstica e-commerce USA | HappyParcel","description":"HappyParcel simplifica la gesti\u00f3n de pedidos para tu negocio. Log\u00edstica e-commerce en USA.","robots":{"index":"index","follow":"follow","max-snippet":"max-snippet:-1","max-image-preview":"max-image-preview:large","max-video-preview":"max-video-preview:-1"},"canonical":"https:\/\/happyparcel.com\/es\/sobre-nosotros\/","og_locale":"es_ES","og_type":"article","og_title":"Qui\u00e9nes somos | Log\u00edstica e-commerce USA | HappyParcel","og_description":"HappyParcel simplifica la gesti\u00f3n de pedidos para tu negocio. Log\u00edstica e-commerce en USA.","og_url":"https:\/\/happyparcel.com\/es\/sobre-nosotros\/","og_site_name":"HappyParcel","article_modified_time":"2025-10-20T05:24:23+00:00","twitter_card":"summary_large_image","twitter_misc":{"Tiempo de lectura":"2 minutos"},"schema":{"@context":"https:\/\/schema.org","@graph":[{"@type":"WebPage","@id":"https:\/\/happyparcel.com\/es\/sobre-nosotros\/","url":"https:\/\/happyparcel.com\/es\/sobre-nosotros\/","name":"Qui\u00e9nes somos | Log\u00edstica e-commerce USA | HappyParcel","isPartOf":{"@id":"https:\/\/happyparcel.com\/es\/lt\/#website"},"primaryImageOfPage":{"@id":"https:\/\/happyparcel.com\/es\/sobre-nosotros\/#primaryimage"},"image":{"@id":"https:\/\/happyparcel.com\/es\/sobre-nosotros\/#primaryimage"},"thumbnailUrl":"https:\/\/happyparcel.com\/wp-content\/uploads\/2020\/12\/illiustration-1.svg","datePublished":"2019-04-09T08:24:42+00:00","dateModified":"2025-10-20T05:24:23+00:00","description":"HappyParcel simplifica la gesti\u00f3n de pedidos para tu negocio. Log\u00edstica e-commerce en USA.","breadcrumb":{"@id":"https:\/\/happyparcel.com\/es\/sobre-nosotros\/#breadcrumb"},"inLanguage":"es","potentialAction":[{"@type":"ReadAction","target":["https:\/\/happyparcel.com\/es\/sobre-nosotros\/"]}]},{"@type":"ImageObject","inLanguage":"es","@id":"https:\/\/happyparcel.com\/es\/sobre-nosotros\/#primaryimage","url":"https:\/\/happyparcel.com\/wp-content\/uploads\/2020\/12\/illiustration-1.svg","contentUrl":"https:\/\/happyparcel.com\/wp-content\/uploads\/2020\/12\/illiustration-1.svg","width":649,"height":375,"caption":"Personal clasificando paquetes en el almac\u00e9n de log\u00edstica"},{"@type":"BreadcrumbList","@id":"https:\/\/happyparcel.com\/es\/sobre-nosotros\/#breadcrumb","itemListElement":[{"@type":"ListItem","position":1,"name":"Home","item":"https:\/\/happyparcel.com\/es\/"},{"@type":"ListItem","position":2,"name":"Nosotros"}]},{"@type":"WebSite","@id":"https:\/\/happyparcel.com\/es\/lt\/#website","url":"https:\/\/happyparcel.com\/es\/lt\/","name":"HappyParcel","description":"","publisher":{"@id":"https:\/\/happyparcel.com\/es\/lt\/#organization"},"potentialAction":[{"@type":"SearchAction","target":{"@type":"EntryPoint","urlTemplate":"https:\/\/happyparcel.com\/es\/lt\/?s={search_term_string}"},"query-input":{"@type":"PropertyValueSpecification","valueRequired":true,"valueName":"search_term_string"}}],"inLanguage":"es"},{"@type":"Organization","@id":"https:\/\/happyparcel.com\/es\/lt\/#organization","name":"HappyParcel","url":"https:\/\/happyparcel.com\/es\/lt\/","logo":{"@type":"ImageObject","inLanguage":"es","@id":"https:\/\/happyparcel.com\/es\/lt\/#\/schema\/logo\/image\/","url":"https:\/\/happyparcel.com\/wp-content\/uploads\/2021\/06\/HP_Logo_Concept.png","contentUrl":"https:\/\/happyparcel.com\/wp-content\/uploads\/2021\/06\/HP_Logo_Concept.png","width":461,"height":63,"caption":"HappyParcel"},"image":{"@id":"https:\/\/happyparcel.com\/es\/lt\/#\/schema\/logo\/image\/"}}]}},"_links":{"self":[{"href":"https:\/\/happyparcel.com\/es\/wp-json\/wp\/v2\/pages\/9869","targetHints":{"allow":["GET"]}}],"collection":[{"href":"https:\/\/happyparcel.com\/es\/wp-json\/wp\/v2\/pages"}],"about":[{"href":"https:\/\/happyparcel.com\/es\/wp-json\/wp\/v2\/types\/page"}],"author":[{"embeddable":true,"href":"https:\/\/happyparcel.com\/es\/wp-json\/wp\/v2\/users\/9"}],"replies":[{"embeddable":true,"href":"https:\/\/happyparcel.com\/es\/wp-json\/wp\/v2\/comments?post=9869"}],"version-history":[{"count":9,"href":"https:\/\/happyparcel.com\/es\/wp-json\/wp\/v2\/pages\/9869\/revisions"}],"predecessor-version":[{"id":10799,"href":"https:\/\/happyparcel.com\/es\/wp-json\/wp\/v2\/pages\/9869\/revisions\/10799"}],"wp:featuredmedia":[{"embeddable":true,"href":"https:\/\/happyparcel.com\/es\/wp-json\/wp\/v2\/media\/9871"}],"wp:attachment":[{"href":"https:\/\/happyparcel.com\/es\/wp-json\/wp\/v2\/media?parent=9869"}],"curies":[{"name":"wp","href":"https:\/\/api.w.org\/{rel}","templated":true}]}}