{"id":9863,"date":"2020-12-16T14:20:36","date_gmt":"2020-12-16T12:20:36","guid":{"rendered":"https:\/\/happyparcel.com\/contacta-con-nosotros\/"},"modified":"2025-10-13T23:05:29","modified_gmt":"2025-10-13T20:05:29","slug":"contacta-con-nosotros","status":"publish","type":"page","link":"https:\/\/happyparcel.com\/es\/contacta-con-nosotros\/","title":{"rendered":"Cont\u00e1ctanos"},"content":{"rendered":"","protected":false},"excerpt":{"rendered":"","protected":false},"author":9,"featured_media":9864,"parent":0,"menu_order":0,"comment_status":"closed","ping_status":"closed","template":"contacts-page.php","meta":{"_acf_changed":false,"footnotes":""},"class_list":["post-9863","page","type-page","status-publish","has-post-thumbnail","hentry"],"acf":[],"yoast_head":"<!-- This site is optimized with the Yoast SEO plugin v26.1.1 - https:\/\/yoast.com\/wordpress\/plugins\/seo\/ -->\n<title>Contacto | Gesti\u00f3n de pedidos | HappyParcel<\/title>\n<meta name=\"description\" content=\"\u00bfTienes preguntas sobre la gesti\u00f3n de eCommerce en EE. UU. y Europa? Contacta a HappyParcel. Estaremos encantados de ayudarte a conseguir una gesti\u00f3n de pedidos m\u00e1s r\u00e1pida.\" \/>\n<meta name=\"robots\" content=\"index, follow, max-snippet:-1, max-image-preview:large, max-video-preview:-1\" \/>\n<link rel=\"canonical\" href=\"https:\/\/happyparcel.com\/es\/contacta-con-nosotros\/\" \/>\n<meta property=\"og:locale\" content=\"es_ES\" \/>\n<meta property=\"og:type\" content=\"article\" \/>\n<meta property=\"og:title\" content=\"Contacto | Gesti\u00f3n de pedidos | HappyParcel\" \/>\n<meta property=\"og:description\" content=\"\u00bfTienes preguntas sobre la gesti\u00f3n de eCommerce en EE. UU. y Europa? Contacta a HappyParcel. Estaremos encantados de ayudarte a conseguir una gesti\u00f3n de pedidos m\u00e1s r\u00e1pida.\" \/>\n<meta property=\"og:url\" content=\"https:\/\/happyparcel.com\/es\/contacta-con-nosotros\/\" \/>\n<meta property=\"og:site_name\" content=\"HappyParcel\" \/>\n<meta property=\"article:modified_time\" content=\"2025-10-13T20:05:29+00:00\" \/>\n<meta property=\"og:image\" content=\"https:\/\/happyparcel.com\/wp-content\/uploads\/2021\/06\/8452aad8-ab85-4f6e-853b-bb7b2f72c02c.png\" \/>\n\t<meta property=\"og:image:width\" content=\"540\" \/>\n\t<meta property=\"og:image:height\" content=\"290\" \/>\n\t<meta property=\"og:image:type\" content=\"image\/png\" \/>\n<meta name=\"twitter:card\" content=\"summary_large_image\" \/>\n<meta name=\"twitter:label1\" content=\"Tiempo de lectura\" \/>\n\t<meta name=\"twitter:data1\" content=\"1 minuto\" \/>\n<script type=\"application\/ld+json\" class=\"yoast-schema-graph\">{\"@context\":\"https:\/\/schema.org\",\"@graph\":[{\"@type\":\"WebPage\",\"@id\":\"https:\/\/happyparcel.com\/es\/contacta-con-nosotros\/\",\"url\":\"https:\/\/happyparcel.com\/es\/contacta-con-nosotros\/\",\"name\":\"Contacto | Gesti\u00f3n de pedidos | HappyParcel\",\"isPartOf\":{\"@id\":\"https:\/\/happyparcel.com\/es\/lt\/#website\"},\"primaryImageOfPage\":{\"@id\":\"https:\/\/happyparcel.com\/es\/contacta-con-nosotros\/#primaryimage\"},\"image\":{\"@id\":\"https:\/\/happyparcel.com\/es\/contacta-con-nosotros\/#primaryimage\"},\"thumbnailUrl\":\"https:\/\/happyparcel.com\/wp-content\/uploads\/2021\/06\/8452aad8-ab85-4f6e-853b-bb7b2f72c02c.png\",\"datePublished\":\"2020-12-16T12:20:36+00:00\",\"dateModified\":\"2025-10-13T20:05:29+00:00\",\"description\":\"\u00bfTienes preguntas sobre la gesti\u00f3n de eCommerce en EE. UU. y Europa? Contacta a HappyParcel. Estaremos encantados de ayudarte a conseguir una gesti\u00f3n de pedidos m\u00e1s r\u00e1pida.\",\"breadcrumb\":{\"@id\":\"https:\/\/happyparcel.com\/es\/contacta-con-nosotros\/#breadcrumb\"},\"inLanguage\":\"es\",\"potentialAction\":[{\"@type\":\"ReadAction\",\"target\":[\"https:\/\/happyparcel.com\/es\/contacta-con-nosotros\/\"]}]},{\"@type\":\"ImageObject\",\"inLanguage\":\"es\",\"@id\":\"https:\/\/happyparcel.com\/es\/contacta-con-nosotros\/#primaryimage\",\"url\":\"https:\/\/happyparcel.com\/wp-content\/uploads\/2021\/06\/8452aad8-ab85-4f6e-853b-bb7b2f72c02c.png\",\"contentUrl\":\"https:\/\/happyparcel.com\/wp-content\/uploads\/2021\/06\/8452aad8-ab85-4f6e-853b-bb7b2f72c02c.png\",\"width\":540,\"height\":290,\"caption\":\"paquetes con el logo de HappyParcel\"},{\"@type\":\"BreadcrumbList\",\"@id\":\"https:\/\/happyparcel.com\/es\/contacta-con-nosotros\/#breadcrumb\",\"itemListElement\":[{\"@type\":\"ListItem\",\"position\":1,\"name\":\"Home\",\"item\":\"https:\/\/happyparcel.com\/es\/\"},{\"@type\":\"ListItem\",\"position\":2,\"name\":\"Cont\u00e1ctanos\"}]},{\"@type\":\"WebSite\",\"@id\":\"https:\/\/happyparcel.com\/es\/lt\/#website\",\"url\":\"https:\/\/happyparcel.com\/es\/lt\/\",\"name\":\"HappyParcel\",\"description\":\"\",\"publisher\":{\"@id\":\"https:\/\/happyparcel.com\/es\/lt\/#organization\"},\"potentialAction\":[{\"@type\":\"SearchAction\",\"target\":{\"@type\":\"EntryPoint\",\"urlTemplate\":\"https:\/\/happyparcel.com\/es\/lt\/?s={search_term_string}\"},\"query-input\":{\"@type\":\"PropertyValueSpecification\",\"valueRequired\":true,\"valueName\":\"search_term_string\"}}],\"inLanguage\":\"es\"},{\"@type\":\"Organization\",\"@id\":\"https:\/\/happyparcel.com\/es\/lt\/#organization\",\"name\":\"HappyParcel\",\"url\":\"https:\/\/happyparcel.com\/es\/lt\/\",\"logo\":{\"@type\":\"ImageObject\",\"inLanguage\":\"es\",\"@id\":\"https:\/\/happyparcel.com\/es\/lt\/#\/schema\/logo\/image\/\",\"url\":\"https:\/\/happyparcel.com\/wp-content\/uploads\/2021\/06\/HP_Logo_Concept.png\",\"contentUrl\":\"https:\/\/happyparcel.com\/wp-content\/uploads\/2021\/06\/HP_Logo_Concept.png\",\"width\":461,\"height\":63,\"caption\":\"HappyParcel\"},\"image\":{\"@id\":\"https:\/\/happyparcel.com\/es\/lt\/#\/schema\/logo\/image\/\"}}]}<\/script>\n<!-- \/ Yoast SEO plugin. -->","yoast_head_json":{"title":"Contacto | Gesti\u00f3n de pedidos | HappyParcel","description":"\u00bfTienes preguntas sobre la gesti\u00f3n de eCommerce en EE. UU. y Europa? Contacta a HappyParcel. Estaremos encantados de ayudarte a conseguir una gesti\u00f3n de pedidos m\u00e1s r\u00e1pida.","robots":{"index":"index","follow":"follow","max-snippet":"max-snippet:-1","max-image-preview":"max-image-preview:large","max-video-preview":"max-video-preview:-1"},"canonical":"https:\/\/happyparcel.com\/es\/contacta-con-nosotros\/","og_locale":"es_ES","og_type":"article","og_title":"Contacto | Gesti\u00f3n de pedidos | HappyParcel","og_description":"\u00bfTienes preguntas sobre la gesti\u00f3n de eCommerce en EE. UU. y Europa? Contacta a HappyParcel. Estaremos encantados de ayudarte a conseguir una gesti\u00f3n de pedidos m\u00e1s r\u00e1pida.","og_url":"https:\/\/happyparcel.com\/es\/contacta-con-nosotros\/","og_site_name":"HappyParcel","article_modified_time":"2025-10-13T20:05:29+00:00","og_image":[{"width":540,"height":290,"url":"https:\/\/happyparcel.com\/wp-content\/uploads\/2021\/06\/8452aad8-ab85-4f6e-853b-bb7b2f72c02c.png","type":"image\/png"}],"twitter_card":"summary_large_image","twitter_misc":{"Tiempo de lectura":"1 minuto"},"schema":{"@context":"https:\/\/schema.org","@graph":[{"@type":"WebPage","@id":"https:\/\/happyparcel.com\/es\/contacta-con-nosotros\/","url":"https:\/\/happyparcel.com\/es\/contacta-con-nosotros\/","name":"Contacto | Gesti\u00f3n de pedidos | HappyParcel","isPartOf":{"@id":"https:\/\/happyparcel.com\/es\/lt\/#website"},"primaryImageOfPage":{"@id":"https:\/\/happyparcel.com\/es\/contacta-con-nosotros\/#primaryimage"},"image":{"@id":"https:\/\/happyparcel.com\/es\/contacta-con-nosotros\/#primaryimage"},"thumbnailUrl":"https:\/\/happyparcel.com\/wp-content\/uploads\/2021\/06\/8452aad8-ab85-4f6e-853b-bb7b2f72c02c.png","datePublished":"2020-12-16T12:20:36+00:00","dateModified":"2025-10-13T20:05:29+00:00","description":"\u00bfTienes preguntas sobre la gesti\u00f3n de eCommerce en EE. UU. y Europa? Contacta a HappyParcel. Estaremos encantados de ayudarte a conseguir una gesti\u00f3n de pedidos m\u00e1s r\u00e1pida.","breadcrumb":{"@id":"https:\/\/happyparcel.com\/es\/contacta-con-nosotros\/#breadcrumb"},"inLanguage":"es","potentialAction":[{"@type":"ReadAction","target":["https:\/\/happyparcel.com\/es\/contacta-con-nosotros\/"]}]},{"@type":"ImageObject","inLanguage":"es","@id":"https:\/\/happyparcel.com\/es\/contacta-con-nosotros\/#primaryimage","url":"https:\/\/happyparcel.com\/wp-content\/uploads\/2021\/06\/8452aad8-ab85-4f6e-853b-bb7b2f72c02c.png","contentUrl":"https:\/\/happyparcel.com\/wp-content\/uploads\/2021\/06\/8452aad8-ab85-4f6e-853b-bb7b2f72c02c.png","width":540,"height":290,"caption":"paquetes con el logo de HappyParcel"},{"@type":"BreadcrumbList","@id":"https:\/\/happyparcel.com\/es\/contacta-con-nosotros\/#breadcrumb","itemListElement":[{"@type":"ListItem","position":1,"name":"Home","item":"https:\/\/happyparcel.com\/es\/"},{"@type":"ListItem","position":2,"name":"Cont\u00e1ctanos"}]},{"@type":"WebSite","@id":"https:\/\/happyparcel.com\/es\/lt\/#website","url":"https:\/\/happyparcel.com\/es\/lt\/","name":"HappyParcel","description":"","publisher":{"@id":"https:\/\/happyparcel.com\/es\/lt\/#organization"},"potentialAction":[{"@type":"SearchAction","target":{"@type":"EntryPoint","urlTemplate":"https:\/\/happyparcel.com\/es\/lt\/?s={search_term_string}"},"query-input":{"@type":"PropertyValueSpecification","valueRequired":true,"valueName":"search_term_string"}}],"inLanguage":"es"},{"@type":"Organization","@id":"https:\/\/happyparcel.com\/es\/lt\/#organization","name":"HappyParcel","url":"https:\/\/happyparcel.com\/es\/lt\/","logo":{"@type":"ImageObject","inLanguage":"es","@id":"https:\/\/happyparcel.com\/es\/lt\/#\/schema\/logo\/image\/","url":"https:\/\/happyparcel.com\/wp-content\/uploads\/2021\/06\/HP_Logo_Concept.png","contentUrl":"https:\/\/happyparcel.com\/wp-content\/uploads\/2021\/06\/HP_Logo_Concept.png","width":461,"height":63,"caption":"HappyParcel"},"image":{"@id":"https:\/\/happyparcel.com\/es\/lt\/#\/schema\/logo\/image\/"}}]}},"_links":{"self":[{"href":"https:\/\/happyparcel.com\/es\/wp-json\/wp\/v2\/pages\/9863","targetHints":{"allow":["GET"]}}],"collection":[{"href":"https:\/\/happyparcel.com\/es\/wp-json\/wp\/v2\/pages"}],"about":[{"href":"https:\/\/happyparcel.com\/es\/wp-json\/wp\/v2\/types\/page"}],"author":[{"embeddable":true,"href":"https:\/\/happyparcel.com\/es\/wp-json\/wp\/v2\/users\/9"}],"replies":[{"embeddable":true,"href":"https:\/\/happyparcel.com\/es\/wp-json\/wp\/v2\/comments?post=9863"}],"version-history":[{"count":2,"href":"https:\/\/happyparcel.com\/es\/wp-json\/wp\/v2\/pages\/9863\/revisions"}],"predecessor-version":[{"id":10705,"href":"https:\/\/happyparcel.com\/es\/wp-json\/wp\/v2\/pages\/9863\/revisions\/10705"}],"wp:featuredmedia":[{"embeddable":true,"href":"https:\/\/happyparcel.com\/es\/wp-json\/wp\/v2\/media\/9864"}],"wp:attachment":[{"href":"https:\/\/happyparcel.com\/es\/wp-json\/wp\/v2\/media?parent=9863"}],"curies":[{"name":"wp","href":"https:\/\/api.w.org\/{rel}","templated":true}]}}